{"id":1835,"date":"2016-02-20T06:44:31","date_gmt":"2016-02-20T06:44:31","guid":{"rendered":"http:\/\/demo.themelogi.com\/navian\/?page_id=1835"},"modified":"2016-02-20T06:44:31","modified_gmt":"2016-02-20T06:44:31","slug":"3-columns-classic","status":"publish","type":"page","link":"https:\/\/ocucenter.com\/index.php\/blog\/3-columns-classic\/","title":{"rendered":"3 Columns Classic"},"content":{"rendered":"<p>[vc_row][vc_column]<div class=\" \"><div class=\"row grid-blog\"><div class=\"col-sm-4 col-xs-12 mb32 mb-xs-24\">\n    <div class=\"boxed-intro blog-boxed overflow-hidden zoom-hover icon-hover\">\r\n                <div class=\"overflow-hidden relative\">\r\n                <div class=\"intro-image overflow-hidden relative\">\r\n                    <a href=\"https:\/\/ocucenter.com\/index.php\/2025\/09\/25\/presion-intraocular-pio-lima\/\">\r\n                                                    <img loading=\"lazy\" decoding=\"async\" width=\"600\" height=\"450\" src=\"https:\/\/ocucenter.com\/wp-content\/uploads\/2025\/09\/ChatGPT-Image-25-sept-2025-03_47_02-p.m-1-600x450.png\" class=\"attachment-navian_grid size-navian_grid wp-post-image\" alt=\"\" srcset=\"https:\/\/ocucenter.com\/wp-content\/uploads\/2025\/09\/ChatGPT-Image-25-sept-2025-03_47_02-p.m-1-600x450.png 600w, https:\/\/ocucenter.com\/wp-content\/uploads\/2025\/09\/ChatGPT-Image-25-sept-2025-03_47_02-p.m-1-960x720.png 960w\" sizes=\"auto, (max-width: 600px) 100vw, 600px\" \/>                                                                        <span class=\"overlay-default\"><\/span>\r\n                        <span class=\"plus-icon\"><\/span>\r\n                    <\/a>\r\n                <\/div>\r\n            <\/div>\r\n                <div class=\"intro-content\">\r\n            <a href=\"https:\/\/ocucenter.com\/index.php\/2025\/09\/25\/presion-intraocular-pio-lima\/\">\r\n                <h5 class=\"widgettitle dark-hover\">Presi\u00f3n intraocular (PIO) en Lima: valores normales, cu\u00e1ndo preocuparse y pr\u00f3ximos pasos<\/h5>            <\/a>\r\n            <div class=\"blog-boxed-content\"><p>Mide tu presi\u00f3n intraocular de forma r\u00e1pida y segura. Te explicamos valores normales, factores de riesgo, cu\u00e1ndo preocuparte y...<\/p><\/div>\r\n            <div class=\"entry-foot\">\r\n                <span class=\"read-more\"><a href=\"https:\/\/ocucenter.com\/index.php\/2025\/09\/25\/presion-intraocular-pio-lima\/\">Read more<\/a><\/span>\r\n            <\/div>\r\n        <\/div>\r\n        <div class=\"entry-meta overflow-hidden\">\r\n            <div class=\"float-left entry-date\">\r\n                <span><i class=\"ti-time\"><\/i>septiembre 25, 2025<\/span>\r\n            <\/div>\r\n                            <span class=\"inline-block float-right post-action p0\">\r\n                \t        <span class=\"tlg-likes-button static-icon inline-block tlg-likes-normal\">\n\t        \t<a href=\"#\" class=\"tlg-likes\" id=\"tlg-likes-8878\" title=\"\">\n\t        \t\t<i class=\"ti-heart\"><\/i><span class=\"like-share-name\">0<span> like<\/span><\/span>\t        \t<\/a>\n\t        <\/span>\n\t                        <\/span>\r\n                                        <span class=\"inline-block float-right post-action\">\r\n                    <span class=\"comments-link\"><a href=\"https:\/\/ocucenter.com\/index.php\/2025\/09\/25\/presion-intraocular-pio-lima\/#respond\"><i class=\"ti-comment\"><\/i>0<\/a><\/span>\r\n                <\/span>\r\n                    <\/div>\r\n        <\/div><\/div><div class=\"col-sm-4 col-xs-12 mb32 mb-xs-24\">\n    <div class=\"boxed-intro blog-boxed overflow-hidden zoom-hover icon-hover\">\r\n                <div class=\"overflow-hidden relative\">\r\n                <div class=\"intro-image overflow-hidden relative\">\r\n                    <a href=\"https:\/\/ocucenter.com\/index.php\/2025\/09\/25\/medida-vista-computarizada-lima\/\">\r\n                                                    <img loading=\"lazy\" decoding=\"async\" width=\"600\" height=\"450\" src=\"https:\/\/ocucenter.com\/wp-content\/uploads\/2025\/09\/descarga-1-1-600x450.png\" class=\"attachment-navian_grid size-navian_grid wp-post-image\" alt=\"\" srcset=\"https:\/\/ocucenter.com\/wp-content\/uploads\/2025\/09\/descarga-1-1-600x450.png 600w, https:\/\/ocucenter.com\/wp-content\/uploads\/2025\/09\/descarga-1-1-960x720.png 960w\" sizes=\"auto, (max-width: 600px) 100vw, 600px\" \/>                                                                        <span class=\"overlay-default\"><\/span>\r\n                        <span class=\"plus-icon\"><\/span>\r\n                    <\/a>\r\n                <\/div>\r\n            <\/div>\r\n                <div class=\"intro-content\">\r\n            <a href=\"https:\/\/ocucenter.com\/index.php\/2025\/09\/25\/medida-vista-computarizada-lima\/\">\r\n                <h5 class=\"widgettitle dark-hover\">Medida de la vista computarizada en Lima: c\u00f3mo se hace y c\u00f3mo interpretar tu resultado<\/h5>            <\/a>\r\n            <div class=\"blog-boxed-content\"><p>Examen r\u00e1pido, indoloro y preciso para conocer tu medida de la vista. Se realiza con autorefract\u00f3metro y orienta sobre...<\/p><\/div>\r\n            <div class=\"entry-foot\">\r\n                <span class=\"read-more\"><a href=\"https:\/\/ocucenter.com\/index.php\/2025\/09\/25\/medida-vista-computarizada-lima\/\">Read more<\/a><\/span>\r\n            <\/div>\r\n        <\/div>\r\n        <div class=\"entry-meta overflow-hidden\">\r\n            <div class=\"float-left entry-date\">\r\n                <span><i class=\"ti-time\"><\/i>septiembre 25, 2025<\/span>\r\n            <\/div>\r\n                            <span class=\"inline-block float-right post-action p0\">\r\n                \t        <span class=\"tlg-likes-button static-icon inline-block tlg-likes-normal\">\n\t        \t<a href=\"#\" class=\"tlg-likes\" id=\"tlg-likes-8871\" title=\"\">\n\t        \t\t<i class=\"ti-heart\"><\/i><span class=\"like-share-name\">0<span> like<\/span><\/span>\t        \t<\/a>\n\t        <\/span>\n\t                        <\/span>\r\n                                        <span class=\"inline-block float-right post-action\">\r\n                    <span class=\"comments-link\"><a href=\"https:\/\/ocucenter.com\/index.php\/2025\/09\/25\/medida-vista-computarizada-lima\/#respond\"><i class=\"ti-comment\"><\/i>0<\/a><\/span>\r\n                <\/span>\r\n                    <\/div>\r\n        <\/div><\/div><div class=\"col-sm-4 col-xs-12 mb32 mb-xs-24\">\n    <div class=\"boxed-intro blog-boxed overflow-hidden zoom-hover icon-hover\">\r\n                <div class=\"overflow-hidden relative\">\r\n                <div class=\"intro-image overflow-hidden relative\">\r\n                    <a href=\"https:\/\/ocucenter.com\/index.php\/2025\/09\/25\/descarte-catarata-evaluacion-integral-lima\/\">\r\n                                                    <img loading=\"lazy\" decoding=\"async\" width=\"600\" height=\"450\" src=\"https:\/\/ocucenter.com\/wp-content\/uploads\/2025\/09\/descarga-2-4-600x450.png\" class=\"attachment-navian_grid size-navian_grid wp-post-image\" alt=\"\" srcset=\"https:\/\/ocucenter.com\/wp-content\/uploads\/2025\/09\/descarga-2-4-600x450.png 600w, https:\/\/ocucenter.com\/wp-content\/uploads\/2025\/09\/descarga-2-4-960x720.png 960w\" sizes=\"auto, (max-width: 600px) 100vw, 600px\" \/>                                                                        <span class=\"overlay-default\"><\/span>\r\n                        <span class=\"plus-icon\"><\/span>\r\n                    <\/a>\r\n                <\/div>\r\n            <\/div>\r\n                <div class=\"intro-content\">\r\n            <a href=\"https:\/\/ocucenter.com\/index.php\/2025\/09\/25\/descarte-catarata-evaluacion-integral-lima\/\">\r\n                <h5 class=\"widgettitle dark-hover\">Descarte de catarata en Lima: evaluaci\u00f3n integral \u2014 qu\u00e9 incluye, cu\u00e1ndo hacerlo y qu\u00e9 esperar<\/h5>            <\/a>\r\n            <div class=\"blog-boxed-content\"><p>Si notas visi\u00f3n nublada, encandilamiento con luces o cambios frecuentes en tu medida, es momento de un descarte de...<\/p><\/div>\r\n            <div class=\"entry-foot\">\r\n                <span class=\"read-more\"><a href=\"https:\/\/ocucenter.com\/index.php\/2025\/09\/25\/descarte-catarata-evaluacion-integral-lima\/\">Read more<\/a><\/span>\r\n            <\/div>\r\n        <\/div>\r\n        <div class=\"entry-meta overflow-hidden\">\r\n            <div class=\"float-left entry-date\">\r\n                <span><i class=\"ti-time\"><\/i>septiembre 25, 2025<\/span>\r\n            <\/div>\r\n                            <span class=\"inline-block float-right post-action p0\">\r\n                \t        <span class=\"tlg-likes-button static-icon inline-block tlg-likes-normal\">\n\t        \t<a href=\"#\" class=\"tlg-likes\" id=\"tlg-likes-8847\" title=\"\">\n\t        \t\t<i class=\"ti-heart\"><\/i><span class=\"like-share-name\">0<span> like<\/span><\/span>\t        \t<\/a>\n\t        <\/span>\n\t                        <\/span>\r\n                                        <span class=\"inline-block float-right post-action\">\r\n                    <span class=\"comments-link\"><a href=\"https:\/\/ocucenter.com\/index.php\/2025\/09\/25\/descarte-catarata-evaluacion-integral-lima\/#respond\"><i class=\"ti-comment\"><\/i>0<\/a><\/span>\r\n                <\/span>\r\n                    <\/div>\r\n        <\/div><\/div><\/div><\/div>[\/vc_column][\/vc_row]<\/p>\n","protected":false},"excerpt":{"rendered":"<p>[vc_row][vc_column][\/vc_column][\/vc_row]<\/p>\n","protected":false},"author":1,"featured_media":8304,"parent":1808,"menu_order":0,"comment_status":"closed","ping_status":"closed","template":"","meta":{"footnotes":""},"class_list":["post-1835","page","type-page","status-publish","has-post-thumbnail","hentry"],"yoast_head":"<!-- This site is optimized with the Yoast SEO plugin v26.0 - https:\/\/yoast.com\/wordpress\/plugins\/seo\/ -->\n<title>3 Columns Classic - Ocucenter | Salud Visual<\/title>\n<meta name=\"robots\" content=\"index, follow, max-snippet:-1, max-image-preview:large, max-video-preview:-1\" \/>\n<link rel=\"canonical\" href=\"https:\/\/ocucenter.com\/index.php\/blog\/3-columns-classic\/\" \/>\n<meta property=\"og:locale\" content=\"es_ES\" \/>\n<meta property=\"og:type\" content=\"article\" \/>\n<meta property=\"og:title\" content=\"3 Columns Classic - Ocucenter | Salud Visual\" \/>\n<meta property=\"og:description\" content=\"[vc_row][vc_column][\/vc_column][\/vc_row]\" \/>\n<meta property=\"og:url\" content=\"https:\/\/ocucenter.com\/index.php\/blog\/3-columns-classic\/\" \/>\n<meta property=\"og:site_name\" content=\"Ocucenter | Salud Visual\" \/>\n<meta property=\"article:publisher\" content=\"https:\/\/www.facebook.com\/profile.php?id=61572799346947\" \/>\n<meta property=\"og:image\" content=\"https:\/\/ocucenter.com\/wp-content\/uploads\/2019\/06\/collaboratings.jpg\" \/>\n\t<meta property=\"og:image:width\" content=\"1920\" \/>\n\t<meta property=\"og:image:height\" content=\"1278\" \/>\n\t<meta property=\"og:image:type\" content=\"image\/jpeg\" \/>\n<meta name=\"twitter:card\" content=\"summary_large_image\" \/>\n<script type=\"application\/ld+json\" class=\"yoast-schema-graph\">{\"@context\":\"https:\/\/schema.org\",\"@graph\":[{\"@type\":\"WebPage\",\"@id\":\"https:\/\/ocucenter.com\/index.php\/blog\/3-columns-classic\/\",\"url\":\"https:\/\/ocucenter.com\/index.php\/blog\/3-columns-classic\/\",\"name\":\"3 Columns Classic - Ocucenter | Salud Visual\",\"isPartOf\":{\"@id\":\"https:\/\/ocucenter.com\/#website\"},\"primaryImageOfPage\":{\"@id\":\"https:\/\/ocucenter.com\/index.php\/blog\/3-columns-classic\/#primaryimage\"},\"image\":{\"@id\":\"https:\/\/ocucenter.com\/index.php\/blog\/3-columns-classic\/#primaryimage\"},\"thumbnailUrl\":\"https:\/\/ocucenter.com\/wp-content\/uploads\/2019\/06\/collaboratings.jpg\",\"datePublished\":\"2016-02-20T06:44:31+00:00\",\"breadcrumb\":{\"@id\":\"https:\/\/ocucenter.com\/index.php\/blog\/3-columns-classic\/#breadcrumb\"},\"inLanguage\":\"es\",\"potentialAction\":[{\"@type\":\"ReadAction\",\"target\":[\"https:\/\/ocucenter.com\/index.php\/blog\/3-columns-classic\/\"]}]},{\"@type\":\"ImageObject\",\"inLanguage\":\"es\",\"@id\":\"https:\/\/ocucenter.com\/index.php\/blog\/3-columns-classic\/#primaryimage\",\"url\":\"https:\/\/ocucenter.com\/wp-content\/uploads\/2019\/06\/collaboratings.jpg\",\"contentUrl\":\"https:\/\/ocucenter.com\/wp-content\/uploads\/2019\/06\/collaboratings.jpg\",\"width\":1920,\"height\":1278,\"caption\":\"Conversation\"},{\"@type\":\"BreadcrumbList\",\"@id\":\"https:\/\/ocucenter.com\/index.php\/blog\/3-columns-classic\/#breadcrumb\",\"itemListElement\":[{\"@type\":\"ListItem\",\"position\":1,\"name\":\"Portada\",\"item\":\"https:\/\/ocucenter.com\/\"},{\"@type\":\"ListItem\",\"position\":2,\"name\":\"Blog\",\"item\":\"https:\/\/ocucenter.com\/index.php\/blog\/\"},{\"@type\":\"ListItem\",\"position\":3,\"name\":\"3 Columns Classic\"}]},{\"@type\":\"WebSite\",\"@id\":\"https:\/\/ocucenter.com\/#website\",\"url\":\"https:\/\/ocucenter.com\/\",\"name\":\"Ocucenter | Salud Visual\",\"description\":\"Consultas y descartes oftalmol\u00f3gicos en Bre\u00f1a, diagn\u00f3stico temprano\",\"publisher\":{\"@id\":\"https:\/\/ocucenter.com\/#organization\"},\"potentialAction\":[{\"@type\":\"SearchAction\",\"target\":{\"@type\":\"EntryPoint\",\"urlTemplate\":\"https:\/\/ocucenter.com\/?s={search_term_string}\"},\"query-input\":{\"@type\":\"PropertyValueSpecification\",\"valueRequired\":true,\"valueName\":\"search_term_string\"}}],\"inLanguage\":\"es\"},{\"@type\":\"Organization\",\"@id\":\"https:\/\/ocucenter.com\/#organization\",\"name\":\"Ocucenter | Salud Visual\",\"url\":\"https:\/\/ocucenter.com\/\",\"logo\":{\"@type\":\"ImageObject\",\"inLanguage\":\"es\",\"@id\":\"https:\/\/ocucenter.com\/#\/schema\/logo\/image\/\",\"url\":\"https:\/\/ocucenter.com\/wp-content\/uploads\/2025\/09\/icono.png\",\"contentUrl\":\"https:\/\/ocucenter.com\/wp-content\/uploads\/2025\/09\/icono.png\",\"width\":512,\"height\":512,\"caption\":\"Ocucenter | Salud Visual\"},\"image\":{\"@id\":\"https:\/\/ocucenter.com\/#\/schema\/logo\/image\/\"},\"sameAs\":[\"https:\/\/www.facebook.com\/profile.php?id=61572799346947\",\"https:\/\/www.instagram.com\/ocucenter_oftalmologia\/\",\"https:\/\/www.tiktok.com\/@ocucenter_oftalmologia\"]}]}<\/script>\n<!-- \/ Yoast SEO plugin. -->","yoast_head_json":{"title":"3 Columns Classic - Ocucenter | Salud Visual","robots":{"index":"index","follow":"follow","max-snippet":"max-snippet:-1","max-image-preview":"max-image-preview:large","max-video-preview":"max-video-preview:-1"},"canonical":"https:\/\/ocucenter.com\/index.php\/blog\/3-columns-classic\/","og_locale":"es_ES","og_type":"article","og_title":"3 Columns Classic - Ocucenter | Salud Visual","og_description":"[vc_row][vc_column][\/vc_column][\/vc_row]","og_url":"https:\/\/ocucenter.com\/index.php\/blog\/3-columns-classic\/","og_site_name":"Ocucenter | Salud Visual","article_publisher":"https:\/\/www.facebook.com\/profile.php?id=61572799346947","og_image":[{"width":1920,"height":1278,"url":"https:\/\/ocucenter.com\/wp-content\/uploads\/2019\/06\/collaboratings.jpg","type":"image\/jpeg"}],"twitter_card":"summary_large_image","schema":{"@context":"https:\/\/schema.org","@graph":[{"@type":"WebPage","@id":"https:\/\/ocucenter.com\/index.php\/blog\/3-columns-classic\/","url":"https:\/\/ocucenter.com\/index.php\/blog\/3-columns-classic\/","name":"3 Columns Classic - Ocucenter | Salud Visual","isPartOf":{"@id":"https:\/\/ocucenter.com\/#website"},"primaryImageOfPage":{"@id":"https:\/\/ocucenter.com\/index.php\/blog\/3-columns-classic\/#primaryimage"},"image":{"@id":"https:\/\/ocucenter.com\/index.php\/blog\/3-columns-classic\/#primaryimage"},"thumbnailUrl":"https:\/\/ocucenter.com\/wp-content\/uploads\/2019\/06\/collaboratings.jpg","datePublished":"2016-02-20T06:44:31+00:00","breadcrumb":{"@id":"https:\/\/ocucenter.com\/index.php\/blog\/3-columns-classic\/#breadcrumb"},"inLanguage":"es","potentialAction":[{"@type":"ReadAction","target":["https:\/\/ocucenter.com\/index.php\/blog\/3-columns-classic\/"]}]},{"@type":"ImageObject","inLanguage":"es","@id":"https:\/\/ocucenter.com\/index.php\/blog\/3-columns-classic\/#primaryimage","url":"https:\/\/ocucenter.com\/wp-content\/uploads\/2019\/06\/collaboratings.jpg","contentUrl":"https:\/\/ocucenter.com\/wp-content\/uploads\/2019\/06\/collaboratings.jpg","width":1920,"height":1278,"caption":"Conversation"},{"@type":"BreadcrumbList","@id":"https:\/\/ocucenter.com\/index.php\/blog\/3-columns-classic\/#breadcrumb","itemListElement":[{"@type":"ListItem","position":1,"name":"Portada","item":"https:\/\/ocucenter.com\/"},{"@type":"ListItem","position":2,"name":"Blog","item":"https:\/\/ocucenter.com\/index.php\/blog\/"},{"@type":"ListItem","position":3,"name":"3 Columns Classic"}]},{"@type":"WebSite","@id":"https:\/\/ocucenter.com\/#website","url":"https:\/\/ocucenter.com\/","name":"Ocucenter | Salud Visual","description":"Consultas y descartes oftalmol\u00f3gicos en Bre\u00f1a, diagn\u00f3stico temprano","publisher":{"@id":"https:\/\/ocucenter.com\/#organization"},"potentialAction":[{"@type":"SearchAction","target":{"@type":"EntryPoint","urlTemplate":"https:\/\/ocucenter.com\/?s={search_term_string}"},"query-input":{"@type":"PropertyValueSpecification","valueRequired":true,"valueName":"search_term_string"}}],"inLanguage":"es"},{"@type":"Organization","@id":"https:\/\/ocucenter.com\/#organization","name":"Ocucenter | Salud Visual","url":"https:\/\/ocucenter.com\/","logo":{"@type":"ImageObject","inLanguage":"es","@id":"https:\/\/ocucenter.com\/#\/schema\/logo\/image\/","url":"https:\/\/ocucenter.com\/wp-content\/uploads\/2025\/09\/icono.png","contentUrl":"https:\/\/ocucenter.com\/wp-content\/uploads\/2025\/09\/icono.png","width":512,"height":512,"caption":"Ocucenter | Salud Visual"},"image":{"@id":"https:\/\/ocucenter.com\/#\/schema\/logo\/image\/"},"sameAs":["https:\/\/www.facebook.com\/profile.php?id=61572799346947","https:\/\/www.instagram.com\/ocucenter_oftalmologia\/","https:\/\/www.tiktok.com\/@ocucenter_oftalmologia"]}]}},"_links":{"self":[{"href":"https:\/\/ocucenter.com\/index.php\/wp-json\/wp\/v2\/pages\/1835","targetHints":{"allow":["GET"]}}],"collection":[{"href":"https:\/\/ocucenter.com\/index.php\/wp-json\/wp\/v2\/pages"}],"about":[{"href":"https:\/\/ocucenter.com\/index.php\/wp-json\/wp\/v2\/types\/page"}],"author":[{"embeddable":true,"href":"https:\/\/ocucenter.com\/index.php\/wp-json\/wp\/v2\/users\/1"}],"replies":[{"embeddable":true,"href":"https:\/\/ocucenter.com\/index.php\/wp-json\/wp\/v2\/comments?post=1835"}],"version-history":[{"count":0,"href":"https:\/\/ocucenter.com\/index.php\/wp-json\/wp\/v2\/pages\/1835\/revisions"}],"up":[{"embeddable":true,"href":"https:\/\/ocucenter.com\/index.php\/wp-json\/wp\/v2\/pages\/1808"}],"wp:featuredmedia":[{"embeddable":true,"href":"https:\/\/ocucenter.com\/index.php\/wp-json\/wp\/v2\/media\/8304"}],"wp:attachment":[{"href":"https:\/\/ocucenter.com\/index.php\/wp-json\/wp\/v2\/media?parent=1835"}],"curies":[{"name":"wp","href":"https:\/\/api.w.org\/{rel}","templated":true}]}}