{"id":1843,"date":"2016-02-21T10:26:41","date_gmt":"2016-02-21T10:26:41","guid":{"rendered":"http:\/\/demo.themelogi.com\/navian\/?page_id=1843"},"modified":"2016-02-21T10:26:41","modified_gmt":"2016-02-21T10:26:41","slug":"portfolios","status":"publish","type":"page","link":"https:\/\/ocucenter.com\/index.php\/portfolios\/","title":{"rendered":"Portfolios"},"content":{"rendered":"<p>[vc_row full_width=\u00bbstretch_row\u00bb tlg_padding=\u00bbpt0 pb0&#8243;][vc_column]<section class=\"projects pt0 pb0 pr-32 pl-32 p0-xs\"><div class=\"line-height-1\"><ul class=\"filters  pt40 pb40 mb0\" data-project-id=\"project-69f2a9d9a430e\">\n\t\t    \t\t<li class=\"filter active\" data-group=\"*\"><a href=\"#\">All<\/a><\/li><li class=\"filter\" data-group=\".fa6b84b13ce63b1f620cbf5a776fa76f\"><a href=\"#\">Branding<\/a><\/li><li class=\"filter\" data-group=\".f0095e685e006e0dec3c47c5e42e5209\"><a href=\"#\">Mockup<\/a><\/li><li class=\"filter\" data-group=\".977b3caa33e1c06c8deb00a99882793f\"><a href=\"#\">Motion Graphic<\/a><\/li><\/ul><\/div><div class=\"row masonry-loader\">\n    <div class=\"col-sm-12 text-center\">\n        <div class=\"spinner\"><\/div>\n    <\/div>\n<\/div><div id=\"project-69f2a9d9a430e\" class=\"row  masonry m0 masonry-show project-content project-full\">\n\t\t\t    \t\t\t\t<div class=\"grid-sizer col-sm-3\"><\/div><div class=\"col-md-3 col-sm-6 masonry-item project project-padding 977b3caa33e1c06c8deb00a99882793f\">\n    <a class=\"\" href=\"https:\/\/ocucenter.com\/index.php\/Casos%20de%20\u00e9xito\/jump-rope\/\">        <div class=\"image-box hover-meta radius-all\">\n            <img loading=\"lazy\" decoding=\"async\" width=\"600\" height=\"450\" src=\"https:\/\/ocucenter.com\/wp-content\/uploads\/2018\/10\/business-600x450.jpg\" class=\"background-image wp-post-image\" alt=\"\" srcset=\"https:\/\/ocucenter.com\/wp-content\/uploads\/2018\/10\/business-600x450.jpg 600w, https:\/\/ocucenter.com\/wp-content\/uploads\/2018\/10\/business-960x720.jpg 960w\" sizes=\"auto, (max-width: 600px) 100vw, 600px\" \/>            <span class=\"overlay-default\"><\/span>\n            <span class=\"plus-icon\"><\/span>\n            <div class=\"meta-caption overlay-smaller radius-all\">\n                <h4 class=\"color-white to-top mt0 mb0\">Jump Rope<\/h4>\n                <h5 class=\"color-white to-top-after\">Motion Graphic<\/h5>\n            <\/div>\n        <\/div>\n    <\/a><\/div><div class=\"col-md-3 col-sm-6 masonry-item project project-padding fa6b84b13ce63b1f620cbf5a776fa76f f0095e685e006e0dec3c47c5e42e5209\">\n    <a class=\"\" href=\"https:\/\/ocucenter.com\/index.php\/Casos%20de%20\u00e9xito\/nord-wood\/\">        <div class=\"image-box hover-meta radius-all\">\n            <img loading=\"lazy\" decoding=\"async\" width=\"600\" height=\"450\" src=\"https:\/\/ocucenter.com\/wp-content\/uploads\/2018\/10\/gravity-600x450.jpg\" class=\"background-image wp-post-image\" alt=\"\" \/>            <span class=\"overlay-default\"><\/span>\n            <span class=\"plus-icon\"><\/span>\n            <div class=\"meta-caption overlay-smaller radius-all\">\n                <h4 class=\"color-white to-top mt0 mb0\">Nord Wood<\/h4>\n                <h5 class=\"color-white to-top-after\">Branding \/ Mockup<\/h5>\n            <\/div>\n        <\/div>\n    <\/a><\/div><div class=\"col-md-3 col-sm-6 masonry-item project project-padding f0095e685e006e0dec3c47c5e42e5209\">\n    <a class=\"\" href=\"https:\/\/ocucenter.com\/index.php\/Casos%20de%20\u00e9xito\/hanging-wall-sign\/\">        <div class=\"image-box hover-meta radius-all\">\n            <img loading=\"lazy\" decoding=\"async\" width=\"600\" height=\"450\" src=\"https:\/\/ocucenter.com\/wp-content\/uploads\/2018\/10\/shopping-bag-600x450.jpg\" class=\"background-image wp-post-image\" alt=\"\" srcset=\"https:\/\/ocucenter.com\/wp-content\/uploads\/2018\/10\/shopping-bag-600x450.jpg 600w, https:\/\/ocucenter.com\/wp-content\/uploads\/2018\/10\/shopping-bag-960x720.jpg 960w\" sizes=\"auto, (max-width: 600px) 100vw, 600px\" \/>            <span class=\"overlay-default\"><\/span>\n            <span class=\"plus-icon\"><\/span>\n            <div class=\"meta-caption overlay-smaller radius-all\">\n                <h4 class=\"color-white to-top mt0 mb0\">Hanging Wall Sign<\/h4>\n                <h5 class=\"color-white to-top-after\">Mockup<\/h5>\n            <\/div>\n        <\/div>\n    <\/a><\/div><div class=\"col-md-3 col-sm-6 masonry-item project project-padding fa6b84b13ce63b1f620cbf5a776fa76f f0095e685e006e0dec3c47c5e42e5209\">\n    <a class=\"\" href=\"https:\/\/ocucenter.com\/index.php\/Casos%20de%20\u00e9xito\/retro-woman\/\">        <div class=\"image-box hover-meta radius-all\">\n            <img loading=\"lazy\" decoding=\"async\" width=\"600\" height=\"450\" src=\"https:\/\/ocucenter.com\/wp-content\/uploads\/2018\/10\/paper-brand-600x450.jpg\" class=\"background-image wp-post-image\" alt=\"\" srcset=\"https:\/\/ocucenter.com\/wp-content\/uploads\/2018\/10\/paper-brand-600x450.jpg 600w, https:\/\/ocucenter.com\/wp-content\/uploads\/2018\/10\/paper-brand-960x720.jpg 960w\" sizes=\"auto, (max-width: 600px) 100vw, 600px\" \/>            <span class=\"overlay-default\"><\/span>\n            <span class=\"plus-icon\"><\/span>\n            <div class=\"meta-caption overlay-smaller radius-all\">\n                <h4 class=\"color-white to-top mt0 mb0\">Retro Woman<\/h4>\n                <h5 class=\"color-white to-top-after\">Branding \/ Mockup<\/h5>\n            <\/div>\n        <\/div>\n    <\/a><\/div><div class=\"col-md-3 col-sm-6 masonry-item project project-padding fa6b84b13ce63b1f620cbf5a776fa76f 977b3caa33e1c06c8deb00a99882793f\">\n    <a class=\"\" href=\"https:\/\/ocucenter.com\/index.php\/Casos%20de%20\u00e9xito\/wall-sign-bardo\/\">        <div class=\"image-box hover-meta radius-all\">\n            <img loading=\"lazy\" decoding=\"async\" width=\"600\" height=\"450\" src=\"https:\/\/ocucenter.com\/wp-content\/uploads\/2018\/10\/notebook-600x450.jpg\" class=\"background-image wp-post-image\" alt=\"\" srcset=\"https:\/\/ocucenter.com\/wp-content\/uploads\/2018\/10\/notebook-600x450.jpg 600w, https:\/\/ocucenter.com\/wp-content\/uploads\/2018\/10\/notebook-960x720.jpg 960w\" sizes=\"auto, (max-width: 600px) 100vw, 600px\" \/>            <span class=\"overlay-default\"><\/span>\n            <span class=\"plus-icon\"><\/span>\n            <div class=\"meta-caption overlay-smaller radius-all\">\n                <h4 class=\"color-white to-top mt0 mb0\">Wall Sign Bardo<\/h4>\n                <h5 class=\"color-white to-top-after\">Branding \/ Motion Graphic<\/h5>\n            <\/div>\n        <\/div>\n    <\/a><\/div><div class=\"col-md-3 col-sm-6 masonry-item project project-padding fa6b84b13ce63b1f620cbf5a776fa76f 977b3caa33e1c06c8deb00a99882793f\">\n    <a class=\"\" href=\"https:\/\/ocucenter.com\/index.php\/Casos%20de%20\u00e9xito\/cosmetics-package\/\">        <div class=\"image-box hover-meta radius-all\">\n            <img loading=\"lazy\" decoding=\"async\" width=\"600\" height=\"450\" src=\"https:\/\/ocucenter.com\/wp-content\/uploads\/2016\/02\/preview-600x450.jpg\" class=\"background-image wp-post-image\" alt=\"\" srcset=\"https:\/\/ocucenter.com\/wp-content\/uploads\/2016\/02\/preview-600x450.jpg 600w, https:\/\/ocucenter.com\/wp-content\/uploads\/2016\/02\/preview-960x720.jpg 960w\" sizes=\"auto, (max-width: 600px) 100vw, 600px\" \/>            <span class=\"overlay-default\"><\/span>\n            <span class=\"plus-icon\"><\/span>\n            <div class=\"meta-caption overlay-smaller radius-all\">\n                <h4 class=\"color-white to-top mt0 mb0\">Cosmetics Package<\/h4>\n                <h5 class=\"color-white to-top-after\">Branding \/ Motion Graphic<\/h5>\n            <\/div>\n        <\/div>\n    <\/a><\/div><div class=\"col-md-3 col-sm-6 masonry-item project project-padding f0095e685e006e0dec3c47c5e42e5209 977b3caa33e1c06c8deb00a99882793f\">\n    <a class=\"\" href=\"https:\/\/ocucenter.com\/index.php\/Casos%20de%20\u00e9xito\/cardboard-box\/\">        <div class=\"image-box hover-meta radius-all\">\n            <img loading=\"lazy\" decoding=\"async\" width=\"600\" height=\"450\" src=\"https:\/\/ocucenter.com\/wp-content\/uploads\/2018\/10\/cardboard-600x450.jpg\" class=\"background-image wp-post-image\" alt=\"\" \/>            <span class=\"overlay-default\"><\/span>\n            <span class=\"plus-icon\"><\/span>\n            <div class=\"meta-caption overlay-smaller radius-all\">\n                <h4 class=\"color-white to-top mt0 mb0\">Cardboard Box<\/h4>\n                <h5 class=\"color-white to-top-after\">Mockup \/ Motion Graphic<\/h5>\n            <\/div>\n        <\/div>\n    <\/a><\/div><div class=\"col-md-3 col-sm-6 masonry-item project project-padding fa6b84b13ce63b1f620cbf5a776fa76f f0095e685e006e0dec3c47c5e42e5209\">\n    <a class=\"\" href=\"https:\/\/ocucenter.com\/index.php\/Casos%20de%20\u00e9xito\/card-packaging\/\">        <div class=\"image-box hover-meta radius-all\">\n            <img loading=\"lazy\" decoding=\"async\" width=\"600\" height=\"450\" src=\"https:\/\/ocucenter.com\/wp-content\/uploads\/2018\/10\/basic-600x450.jpg\" class=\"background-image wp-post-image\" alt=\"\" \/>            <span class=\"overlay-default\"><\/span>\n            <span class=\"plus-icon\"><\/span>\n            <div class=\"meta-caption overlay-smaller radius-all\">\n                <h4 class=\"color-white to-top mt0 mb0\">Card Packaging<\/h4>\n                <h5 class=\"color-white to-top-after\">Branding \/ Mockup<\/h5>\n            <\/div>\n        <\/div>\n    <\/a><\/div><div class=\"col-md-3 col-sm-6 masonry-item project project-padding 977b3caa33e1c06c8deb00a99882793f\">\n    <a class=\"\" href=\"https:\/\/ocucenter.com\/index.php\/Casos%20de%20\u00e9xito\/label-tag\/\">        <div class=\"image-box hover-meta radius-all\">\n            <img loading=\"lazy\" decoding=\"async\" width=\"600\" height=\"450\" src=\"https:\/\/ocucenter.com\/wp-content\/uploads\/2018\/10\/fancy-600x450.jpg\" class=\"background-image wp-post-image\" alt=\"\" srcset=\"https:\/\/ocucenter.com\/wp-content\/uploads\/2018\/10\/fancy-600x450.jpg 600w, https:\/\/ocucenter.com\/wp-content\/uploads\/2018\/10\/fancy-960x720.jpg 960w\" sizes=\"auto, (max-width: 600px) 100vw, 600px\" \/>            <span class=\"overlay-default\"><\/span>\n            <span class=\"plus-icon\"><\/span>\n            <div class=\"meta-caption overlay-smaller radius-all\">\n                <h4 class=\"color-white to-top mt0 mb0\">Label Tag<\/h4>\n                <h5 class=\"color-white to-top-after\">Motion Graphic<\/h5>\n            <\/div>\n        <\/div>\n    <\/a><\/div><div class=\"col-md-3 col-sm-6 masonry-item project project-padding f0095e685e006e0dec3c47c5e42e5209\">\n    <a class=\"\" href=\"https:\/\/ocucenter.com\/index.php\/Casos%20de%20\u00e9xito\/hanging-m-sign\/\">        <div class=\"image-box hover-meta radius-all\">\n            <img loading=\"lazy\" decoding=\"async\" width=\"600\" height=\"450\" src=\"https:\/\/ocucenter.com\/wp-content\/uploads\/2017\/03\/10-hanging-m-sign-600x450.jpg\" class=\"background-image wp-post-image\" alt=\"\" srcset=\"https:\/\/ocucenter.com\/wp-content\/uploads\/2017\/03\/10-hanging-m-sign-600x450.jpg 600w, https:\/\/ocucenter.com\/wp-content\/uploads\/2017\/03\/10-hanging-m-sign-300x225.jpg 300w, https:\/\/ocucenter.com\/wp-content\/uploads\/2017\/03\/10-hanging-m-sign-1024x768.jpg 1024w, https:\/\/ocucenter.com\/wp-content\/uploads\/2017\/03\/10-hanging-m-sign-768x576.jpg 768w, https:\/\/ocucenter.com\/wp-content\/uploads\/2017\/03\/10-hanging-m-sign-960x720.jpg 960w, https:\/\/ocucenter.com\/wp-content\/uploads\/2017\/03\/10-hanging-m-sign.jpg 1200w\" sizes=\"auto, (max-width: 600px) 100vw, 600px\" \/>            <span class=\"overlay-default\"><\/span>\n            <span class=\"plus-icon\"><\/span>\n            <div class=\"meta-caption overlay-smaller radius-all\">\n                <h4 class=\"color-white to-top mt0 mb0\">Hanging M-sign<\/h4>\n                <h5 class=\"color-white to-top-after\">Mockup<\/h5>\n            <\/div>\n        <\/div>\n    <\/a><\/div><div class=\"col-md-3 col-sm-6 masonry-item project project-padding 977b3caa33e1c06c8deb00a99882793f\">\n    <a class=\"\" href=\"https:\/\/ocucenter.com\/index.php\/Casos%20de%20\u00e9xito\/realistic-cards\/\">        <div class=\"image-box hover-meta radius-all\">\n            <img loading=\"lazy\" decoding=\"async\" width=\"600\" height=\"450\" src=\"https:\/\/ocucenter.com\/wp-content\/uploads\/2017\/03\/11-realistic-business-cards-600x450.jpg\" class=\"background-image wp-post-image\" alt=\"\" srcset=\"https:\/\/ocucenter.com\/wp-content\/uploads\/2017\/03\/11-realistic-business-cards-600x450.jpg 600w, https:\/\/ocucenter.com\/wp-content\/uploads\/2017\/03\/11-realistic-business-cards-300x225.jpg 300w, https:\/\/ocucenter.com\/wp-content\/uploads\/2017\/03\/11-realistic-business-cards-1024x768.jpg 1024w, https:\/\/ocucenter.com\/wp-content\/uploads\/2017\/03\/11-realistic-business-cards-768x576.jpg 768w, https:\/\/ocucenter.com\/wp-content\/uploads\/2017\/03\/11-realistic-business-cards-960x720.jpg 960w, https:\/\/ocucenter.com\/wp-content\/uploads\/2017\/03\/11-realistic-business-cards.jpg 1200w\" sizes=\"auto, (max-width: 600px) 100vw, 600px\" \/>            <span class=\"overlay-default\"><\/span>\n            <span class=\"plus-icon\"><\/span>\n            <div class=\"meta-caption overlay-smaller radius-all\">\n                <h4 class=\"color-white to-top mt0 mb0\">Realistic Cards<\/h4>\n                <h5 class=\"color-white to-top-after\">Motion Graphic<\/h5>\n            <\/div>\n        <\/div>\n    <\/a><\/div><div class=\"col-md-3 col-sm-6 masonry-item project project-padding 977b3caa33e1c06c8deb00a99882793f\">\n    <a class=\"\" href=\"https:\/\/ocucenter.com\/index.php\/Casos%20de%20\u00e9xito\/business-personal\/\">        <div class=\"image-box hover-meta radius-all\">\n            <img loading=\"lazy\" decoding=\"async\" width=\"600\" height=\"450\" src=\"https:\/\/ocucenter.com\/wp-content\/uploads\/2017\/03\/12-business-personal-cards-600x450.jpg\" class=\"background-image wp-post-image\" alt=\"\" srcset=\"https:\/\/ocucenter.com\/wp-content\/uploads\/2017\/03\/12-business-personal-cards-600x450.jpg 600w, https:\/\/ocucenter.com\/wp-content\/uploads\/2017\/03\/12-business-personal-cards-300x225.jpg 300w, https:\/\/ocucenter.com\/wp-content\/uploads\/2017\/03\/12-business-personal-cards-1024x768.jpg 1024w, https:\/\/ocucenter.com\/wp-content\/uploads\/2017\/03\/12-business-personal-cards-768x576.jpg 768w, https:\/\/ocucenter.com\/wp-content\/uploads\/2017\/03\/12-business-personal-cards-960x720.jpg 960w, https:\/\/ocucenter.com\/wp-content\/uploads\/2017\/03\/12-business-personal-cards.jpg 1200w\" sizes=\"auto, (max-width: 600px) 100vw, 600px\" \/>            <span class=\"overlay-default\"><\/span>\n            <span class=\"plus-icon\"><\/span>\n            <div class=\"meta-caption overlay-smaller radius-all\">\n                <h4 class=\"color-white to-top mt0 mb0\">Business Personal<\/h4>\n                <h5 class=\"color-white to-top-after\">Motion Graphic<\/h5>\n            <\/div>\n        <\/div>\n    <\/a><\/div><\/div><\/section>[\/vc_column][\/vc_row]<\/p>\n","protected":false},"excerpt":{"rendered":"<p>[vc_row full_width=\u00bbstretch_row\u00bb tlg_padding=\u00bbpt0 pb0&#8243;][vc_column][\/vc_column][\/vc_row]<\/p>\n","protected":false},"author":1,"featured_media":0,"parent":0,"menu_order":0,"comment_status":"closed","ping_status":"closed","template":"","meta":{"footnotes":""},"class_list":["post-1843","page","type-page","status-publish","hentry"],"yoast_head":"<!-- This site is optimized with the Yoast SEO plugin v26.0 - https:\/\/yoast.com\/wordpress\/plugins\/seo\/ -->\n<title>Portfolios - Ocucenter | Salud Visual<\/title>\n<meta name=\"robots\" content=\"index, follow, max-snippet:-1, max-image-preview:large, max-video-preview:-1\" \/>\n<link rel=\"canonical\" href=\"https:\/\/ocucenter.com\/index.php\/portfolios\/\" \/>\n<meta property=\"og:locale\" content=\"es_ES\" \/>\n<meta property=\"og:type\" content=\"article\" \/>\n<meta property=\"og:title\" content=\"Portfolios - Ocucenter | Salud Visual\" \/>\n<meta property=\"og:description\" content=\"[vc_row full_width=\u00bbstretch_row\u00bb tlg_padding=\u00bbpt0 pb0&#8243;][vc_column][\/vc_column][\/vc_row]\" \/>\n<meta property=\"og:url\" content=\"https:\/\/ocucenter.com\/index.php\/portfolios\/\" \/>\n<meta property=\"og:site_name\" content=\"Ocucenter | Salud Visual\" \/>\n<meta property=\"article:publisher\" content=\"https:\/\/www.facebook.com\/profile.php?id=61572799346947\" \/>\n<meta name=\"twitter:card\" content=\"summary_large_image\" \/>\n<script type=\"application\/ld+json\" class=\"yoast-schema-graph\">{\"@context\":\"https:\/\/schema.org\",\"@graph\":[{\"@type\":\"WebPage\",\"@id\":\"https:\/\/ocucenter.com\/index.php\/portfolios\/\",\"url\":\"https:\/\/ocucenter.com\/index.php\/portfolios\/\",\"name\":\"Portfolios - Ocucenter | Salud Visual\",\"isPartOf\":{\"@id\":\"https:\/\/ocucenter.com\/#website\"},\"datePublished\":\"2016-02-21T10:26:41+00:00\",\"breadcrumb\":{\"@id\":\"https:\/\/ocucenter.com\/index.php\/portfolios\/#breadcrumb\"},\"inLanguage\":\"es\",\"potentialAction\":[{\"@type\":\"ReadAction\",\"target\":[\"https:\/\/ocucenter.com\/index.php\/portfolios\/\"]}]},{\"@type\":\"BreadcrumbList\",\"@id\":\"https:\/\/ocucenter.com\/index.php\/portfolios\/#breadcrumb\",\"itemListElement\":[{\"@type\":\"ListItem\",\"position\":1,\"name\":\"Portada\",\"item\":\"https:\/\/ocucenter.com\/\"},{\"@type\":\"ListItem\",\"position\":2,\"name\":\"Portfolios\"}]},{\"@type\":\"WebSite\",\"@id\":\"https:\/\/ocucenter.com\/#website\",\"url\":\"https:\/\/ocucenter.com\/\",\"name\":\"Ocucenter | Salud Visual\",\"description\":\"Consultas y descartes oftalmol\u00f3gicos en Bre\u00f1a, diagn\u00f3stico temprano\",\"publisher\":{\"@id\":\"https:\/\/ocucenter.com\/#organization\"},\"potentialAction\":[{\"@type\":\"SearchAction\",\"target\":{\"@type\":\"EntryPoint\",\"urlTemplate\":\"https:\/\/ocucenter.com\/?s={search_term_string}\"},\"query-input\":{\"@type\":\"PropertyValueSpecification\",\"valueRequired\":true,\"valueName\":\"search_term_string\"}}],\"inLanguage\":\"es\"},{\"@type\":\"Organization\",\"@id\":\"https:\/\/ocucenter.com\/#organization\",\"name\":\"Ocucenter | Salud Visual\",\"url\":\"https:\/\/ocucenter.com\/\",\"logo\":{\"@type\":\"ImageObject\",\"inLanguage\":\"es\",\"@id\":\"https:\/\/ocucenter.com\/#\/schema\/logo\/image\/\",\"url\":\"https:\/\/ocucenter.com\/wp-content\/uploads\/2025\/09\/icono.png\",\"contentUrl\":\"https:\/\/ocucenter.com\/wp-content\/uploads\/2025\/09\/icono.png\",\"width\":512,\"height\":512,\"caption\":\"Ocucenter | Salud Visual\"},\"image\":{\"@id\":\"https:\/\/ocucenter.com\/#\/schema\/logo\/image\/\"},\"sameAs\":[\"https:\/\/www.facebook.com\/profile.php?id=61572799346947\",\"https:\/\/www.instagram.com\/ocucenter_oftalmologia\/\",\"https:\/\/www.tiktok.com\/@ocucenter_oftalmologia\"]}]}<\/script>\n<!-- \/ Yoast SEO plugin. -->","yoast_head_json":{"title":"Portfolios - Ocucenter | Salud Visual","robots":{"index":"index","follow":"follow","max-snippet":"max-snippet:-1","max-image-preview":"max-image-preview:large","max-video-preview":"max-video-preview:-1"},"canonical":"https:\/\/ocucenter.com\/index.php\/portfolios\/","og_locale":"es_ES","og_type":"article","og_title":"Portfolios - Ocucenter | Salud Visual","og_description":"[vc_row full_width=\u00bbstretch_row\u00bb tlg_padding=\u00bbpt0 pb0&#8243;][vc_column][\/vc_column][\/vc_row]","og_url":"https:\/\/ocucenter.com\/index.php\/portfolios\/","og_site_name":"Ocucenter | Salud Visual","article_publisher":"https:\/\/www.facebook.com\/profile.php?id=61572799346947","twitter_card":"summary_large_image","schema":{"@context":"https:\/\/schema.org","@graph":[{"@type":"WebPage","@id":"https:\/\/ocucenter.com\/index.php\/portfolios\/","url":"https:\/\/ocucenter.com\/index.php\/portfolios\/","name":"Portfolios - Ocucenter | Salud Visual","isPartOf":{"@id":"https:\/\/ocucenter.com\/#website"},"datePublished":"2016-02-21T10:26:41+00:00","breadcrumb":{"@id":"https:\/\/ocucenter.com\/index.php\/portfolios\/#breadcrumb"},"inLanguage":"es","potentialAction":[{"@type":"ReadAction","target":["https:\/\/ocucenter.com\/index.php\/portfolios\/"]}]},{"@type":"BreadcrumbList","@id":"https:\/\/ocucenter.com\/index.php\/portfolios\/#breadcrumb","itemListElement":[{"@type":"ListItem","position":1,"name":"Portada","item":"https:\/\/ocucenter.com\/"},{"@type":"ListItem","position":2,"name":"Portfolios"}]},{"@type":"WebSite","@id":"https:\/\/ocucenter.com\/#website","url":"https:\/\/ocucenter.com\/","name":"Ocucenter | Salud Visual","description":"Consultas y descartes oftalmol\u00f3gicos en Bre\u00f1a, diagn\u00f3stico temprano","publisher":{"@id":"https:\/\/ocucenter.com\/#organization"},"potentialAction":[{"@type":"SearchAction","target":{"@type":"EntryPoint","urlTemplate":"https:\/\/ocucenter.com\/?s={search_term_string}"},"query-input":{"@type":"PropertyValueSpecification","valueRequired":true,"valueName":"search_term_string"}}],"inLanguage":"es"},{"@type":"Organization","@id":"https:\/\/ocucenter.com\/#organization","name":"Ocucenter | Salud Visual","url":"https:\/\/ocucenter.com\/","logo":{"@type":"ImageObject","inLanguage":"es","@id":"https:\/\/ocucenter.com\/#\/schema\/logo\/image\/","url":"https:\/\/ocucenter.com\/wp-content\/uploads\/2025\/09\/icono.png","contentUrl":"https:\/\/ocucenter.com\/wp-content\/uploads\/2025\/09\/icono.png","width":512,"height":512,"caption":"Ocucenter | Salud Visual"},"image":{"@id":"https:\/\/ocucenter.com\/#\/schema\/logo\/image\/"},"sameAs":["https:\/\/www.facebook.com\/profile.php?id=61572799346947","https:\/\/www.instagram.com\/ocucenter_oftalmologia\/","https:\/\/www.tiktok.com\/@ocucenter_oftalmologia"]}]}},"_links":{"self":[{"href":"https:\/\/ocucenter.com\/index.php\/wp-json\/wp\/v2\/pages\/1843","targetHints":{"allow":["GET"]}}],"collection":[{"href":"https:\/\/ocucenter.com\/index.php\/wp-json\/wp\/v2\/pages"}],"about":[{"href":"https:\/\/ocucenter.com\/index.php\/wp-json\/wp\/v2\/types\/page"}],"author":[{"embeddable":true,"href":"https:\/\/ocucenter.com\/index.php\/wp-json\/wp\/v2\/users\/1"}],"replies":[{"embeddable":true,"href":"https:\/\/ocucenter.com\/index.php\/wp-json\/wp\/v2\/comments?post=1843"}],"version-history":[{"count":0,"href":"https:\/\/ocucenter.com\/index.php\/wp-json\/wp\/v2\/pages\/1843\/revisions"}],"wp:attachment":[{"href":"https:\/\/ocucenter.com\/index.php\/wp-json\/wp\/v2\/media?parent=1843"}],"curies":[{"name":"wp","href":"https:\/\/api.w.org\/{rel}","templated":true}]}}