{"id":1961,"date":"2016-02-22T15:55:08","date_gmt":"2016-02-22T15:55:08","guid":{"rendered":"http:\/\/demo.themelogi.com\/navian\/?page_id=1961"},"modified":"2016-02-22T15:55:08","modified_gmt":"2016-02-22T15:55:08","slug":"service-1","status":"publish","type":"page","link":"https:\/\/ocucenter.com\/index.php\/pages\/service-1\/","title":{"rendered":"Service 1"},"content":{"rendered":"<p>[vc_row full_width=\u00bbstretch_row\u00bb tlg_background_style=\u00bbbg-dark\u00bb][vc_column]<section  id=\"single-69e19958dcfd7\" class=\"header-single vertical-flex m0 image-bg parallax  p0 fullscreen \" ><div class=\"background-content \"><img loading=\"lazy\" decoding=\"async\" width=\"1920\" height=\"1278\" src=\"https:\/\/ocucenter.com\/wp-content\/uploads\/2019\/06\/couple-in-loves.jpg\" class=\"background-image\" alt=\"page-header\" srcset=\"https:\/\/ocucenter.com\/wp-content\/uploads\/2019\/06\/couple-in-loves.jpg 1920w, https:\/\/ocucenter.com\/wp-content\/uploads\/2019\/06\/couple-in-loves-600x399.jpg 600w, https:\/\/ocucenter.com\/wp-content\/uploads\/2019\/06\/couple-in-loves-300x200.jpg 300w, https:\/\/ocucenter.com\/wp-content\/uploads\/2019\/06\/couple-in-loves-1024x682.jpg 1024w, https:\/\/ocucenter.com\/wp-content\/uploads\/2019\/06\/couple-in-loves-768x511.jpg 768w, https:\/\/ocucenter.com\/wp-content\/uploads\/2019\/06\/couple-in-loves-1536x1022.jpg 1536w\" sizes=\"auto, (max-width: 1920px) 100vw, 1920px\" \/><div style=\"opacity:0.8!important;\" class=\"background-overlay\"><\/div><\/div><div  class=\"container vertical-flex-column item-content \">\n\t\t\t            <div class=\"row\"><div class=\"standard-slide p0 col-lg-12 col-lg-offset-0 col-md-10 col-md-offset-1 col-sm-12 text-center\"><h1  class=\"heading-title-bold\">Our Services<\/h1><div  class=\"lead \">We offers experienced and comprehensive help for your projects.<\/div><div  class=\"heading-content\"><\/div><div>\n<div class=\"wpcf7 no-js\" id=\"wpcf7-f681-o1\" lang=\"en-US\" dir=\"ltr\" data-wpcf7-id=\"681\">\n<div class=\"screen-reader-response\"><p role=\"status\" aria-live=\"polite\" aria-atomic=\"true\"><\/p> <ul><\/ul><\/div>\n<form action=\"\/index.php\/wp-json\/wp\/v2\/pages\/1961#wpcf7-f681-o1\" method=\"post\" class=\"wpcf7-form init\" aria-label=\"Contact form\" novalidate=\"novalidate\" data-status=\"init\">\n<fieldset class=\"hidden-fields-container\"><input type=\"hidden\" name=\"_wpcf7\" value=\"681\" \/><input type=\"hidden\" name=\"_wpcf7_version\" value=\"6.1.5\" \/><input type=\"hidden\" name=\"_wpcf7_locale\" value=\"en_US\" \/><input type=\"hidden\" name=\"_wpcf7_unit_tag\" value=\"wpcf7-f681-o1\" \/><input type=\"hidden\" name=\"_wpcf7_container_post\" value=\"0\" \/><input type=\"hidden\" name=\"_wpcf7_posted_data_hash\" value=\"\" \/>\n<\/fieldset>\n<div class=\"flat-input\">\n\t<div class=\"overflow-hidden\">\n\t\t<div class=\"half-column half-column-left\">\n\t\t\t<p><span class=\"wpcf7-form-control-wrap\" data-name=\"your-name\"><input size=\"40\" maxlength=\"400\" class=\"wpcf7-form-control wpcf7-text wpcf7-validates-as-required\" aria-required=\"true\" aria-invalid=\"false\" placeholder=\"Nombre y Apellido\" value=\"\" type=\"text\" name=\"your-name\" \/><\/span>\n\t\t\t<\/p>\n\t\t<\/div>\n\t\t<div class=\"half-column half-column-right\">\n\t\t\t<p><span class=\"wpcf7-form-control-wrap\" data-name=\"your-email\"><input size=\"40\" maxlength=\"400\" class=\"wpcf7-form-control wpcf7-email wpcf7-validates-as-required wpcf7-text wpcf7-validates-as-email\" aria-required=\"true\" aria-invalid=\"false\" placeholder=\"xxxxxxx@dominio.com\" value=\"\" type=\"email\" name=\"your-email\" \/><\/span>\n\t\t\t<\/p>\n\t\t<\/div>\n\t<\/div>\n\t<div class=\"overflow-hidden\">\n\t\t<div class=\"half-column half-column-left\">\n\t\t\t<p><span class=\"wpcf7-form-control-wrap\" data-name=\"your-subject\"><input size=\"40\" maxlength=\"400\" class=\"wpcf7-form-control wpcf7-text wpcf7-validates-as-required\" aria-required=\"true\" aria-invalid=\"false\" placeholder=\"Asunto\" value=\"\" type=\"text\" name=\"your-subject\" \/><\/span>\n\t\t\t<\/p>\n\t\t<\/div>\n\t\t<div class=\"half-column half-column-right\">\n\t\t\t<p><span class=\"wpcf7-form-control-wrap\" data-name=\"your-phone\"><input size=\"40\" maxlength=\"400\" class=\"wpcf7-form-control wpcf7-text\" aria-invalid=\"false\" placeholder=\"N\u00famero\" value=\"\" type=\"text\" name=\"your-phone\" \/><\/span>\n\t\t\t<\/p>\n\t\t<\/div>\n\t<\/div>\n\t<p><span class=\"wpcf7-form-control-wrap\" data-name=\"your-message\"><textarea cols=\"40\" rows=\"10\" maxlength=\"2000\" class=\"wpcf7-form-control wpcf7-textarea\" aria-invalid=\"false\" placeholder=\"Mensaje\" name=\"your-message\"><\/textarea><\/span>\n\t<\/p>\n\t<p><button type=\"submit\" class=\"wpcf7-submit wpcf7-submit-custom btn btn-filled btn-new ti-arrow-right\">RESERVAR AHORA<\/button>\n\t<\/p>\n<\/div><div class=\"wpcf7-response-output\" aria-hidden=\"true\"><\/div>\n<\/form>\n<\/div>\n<\/div>\n                <\/div><\/div><\/div><div class=\"align-bottom text-center \"><a style=\"font-size: 30px;color:#ffffff;\" id=\"btn-69e19958dcfd9\"  class=\" m0 btn-text ti-angle-down  btn-sm-sm \"  href= \"#main\"  ><\/a><\/div><\/section><script type=\"text\/javascript\">jQuery(document).ready(function(){jQuery('head').append('<style type=\"text\/css\" id=\"tlg-custom-css-single-69e19958dcfd7\">#btn-69e19958dcfd9:hover, #btn-69e19958dcfd9:focus{color:#ffffff!important;}<\/style>');});<\/script>[\/vc_column][\/vc_row][vc_row full_width=\u00bbstretch_row\u00bb tlg_background_style=\u00bbbg-dark\u00bb el_id=\u00bbmain\u00bb][vc_column]<section class=\"box-content image-half p0  \">\n\t\t\t\t\t\t    <div class=\"col-lg-6 p0\">\n\t\t\t\t\t\t    \t<div class=\"intro-image\"><img loading=\"lazy\" decoding=\"async\" width=\"1920\" height=\"1278\" src=\"https:\/\/ocucenter.com\/wp-content\/uploads\/2019\/06\/partnerss.jpg\" class=\"mb-xs-24\" alt=\"\" srcset=\"https:\/\/ocucenter.com\/wp-content\/uploads\/2019\/06\/partnerss.jpg 1920w, https:\/\/ocucenter.com\/wp-content\/uploads\/2019\/06\/partnerss-600x399.jpg 600w, https:\/\/ocucenter.com\/wp-content\/uploads\/2019\/06\/partnerss-300x200.jpg 300w, https:\/\/ocucenter.com\/wp-content\/uploads\/2019\/06\/partnerss-1024x682.jpg 1024w, https:\/\/ocucenter.com\/wp-content\/uploads\/2019\/06\/partnerss-768x511.jpg 768w, https:\/\/ocucenter.com\/wp-content\/uploads\/2019\/06\/partnerss-1536x1022.jpg 1536w\" sizes=\"auto, (max-width: 1920px) 100vw, 1920px\" \/><\/div>\n\t\t\t\t\t\t    <\/div>\n\t\t\t\t\t\t    <div class=\"container\">\n\t\t\t\t\t\t        <div class=\"col-lg-6 col-lg-offset-1 pl-l-80 vertical-alignment right\"><div class=\"widgetsubtitle\">People and Organisation<\/div><h2  class=\"widgettitle mb8\">Working business plan for your startup company <cite><i>Services<\/i><\/cite><\/h2><div class=\"primary-line\"><\/div><div class=\"intro-content-content\"><p>We have the skills to create professional films. Whether you want an promo video we can provide the services you require.<\/p>\n<p>We will put together a detailed and specific style guide that covers all areas to ensure that anything produced in the future.<\/p>\n<\/div><a  id=\"btn-69e19958e07e3\" class=\"btn btn-filled btn-light btn-rounded btn-sm   btn-sm-sm text-center mr-0 mb0 mt24\" href= \"#\" target=\"_self\" >View More<i class=\"ti-angle-right\"><\/i><\/a><\/div>\n\t\t\t\t\t\t    <\/div>\n\t\t\t\t\t\t<\/section>[\/vc_column][\/vc_row][vc_row full_width=\u00bbstretch_row\u00bb tlg_background_style=\u00bbbg-secondary\u00bb][vc_column]<section class=\"box-content image-half p0  \">\n\t\t\t\t\t\t    <div class=\"col-lg-6 p0 col-lg-push-6\">\n\t\t\t\t\t\t    \t<div class=\"intro-image\"><img loading=\"lazy\" decoding=\"async\" width=\"1920\" height=\"1278\" src=\"https:\/\/ocucenter.com\/wp-content\/uploads\/2019\/02\/restaurants.jpg\" class=\"mb-xs-24\" alt=\"\" srcset=\"https:\/\/ocucenter.com\/wp-content\/uploads\/2019\/02\/restaurants.jpg 1920w, https:\/\/ocucenter.com\/wp-content\/uploads\/2019\/02\/restaurants-600x399.jpg 600w, https:\/\/ocucenter.com\/wp-content\/uploads\/2019\/02\/restaurants-300x200.jpg 300w, https:\/\/ocucenter.com\/wp-content\/uploads\/2019\/02\/restaurants-1024x682.jpg 1024w, https:\/\/ocucenter.com\/wp-content\/uploads\/2019\/02\/restaurants-768x511.jpg 768w, https:\/\/ocucenter.com\/wp-content\/uploads\/2019\/02\/restaurants-1536x1022.jpg 1536w\" sizes=\"auto, (max-width: 1920px) 100vw, 1920px\" \/><\/div>\n\t\t\t\t\t\t    <\/div>\n\t\t\t\t\t\t    <div class=\"container\">\n\t\t\t\t\t\t        <div class=\"col-lg-6 col-lg-pull-0 pr-l-80 vertical-alignment\"><div class=\"widgetsubtitle\">Table meal service<\/div><h2  class=\"widgettitle mb8\">Explains ways you may need to modify your plan <cite><i>Experience<\/i><\/cite><\/h2><div class=\"primary-line\"><\/div><div class=\"intro-content-content\"><p>We have the skills to create professional films. Whether you want an promo video we can provide the services you require.<\/p>\n<p>We will put together a detailed and specific style guide that covers all areas to ensure that anything produced in the future.<\/p>\n<\/div><a  id=\"btn-69e19958e0f31\" class=\"btn btn-primary-line btn-rounded btn-sm   btn-sm-sm text-center mr-0 mb0 mt24\" href= \"#\" target=\"_self\" >View More<i class=\"ti-angle-right\"><\/i><\/a><\/div>\n\t\t\t\t\t\t    <\/div>\n\t\t\t\t\t\t<\/section>[\/vc_column][\/vc_row][vc_row full_width=\u00bbstretch_row\u00bb tlg_background_style=\u00bbbg-primary\u00bb][vc_column]<section class=\"box-content image-half p0  \">\n\t\t\t\t\t\t    <div class=\"col-lg-6 p0\">\n\t\t\t\t\t\t    \t<div class=\"intro-image\"><img loading=\"lazy\" decoding=\"async\" width=\"1920\" height=\"1278\" src=\"https:\/\/ocucenter.com\/wp-content\/uploads\/2019\/06\/collaboratings.jpg\" class=\"mb-xs-24\" alt=\"\" srcset=\"https:\/\/ocucenter.com\/wp-content\/uploads\/2019\/06\/collaboratings.jpg 1920w, https:\/\/ocucenter.com\/wp-content\/uploads\/2019\/06\/collaboratings-600x399.jpg 600w, https:\/\/ocucenter.com\/wp-content\/uploads\/2019\/06\/collaboratings-300x200.jpg 300w, https:\/\/ocucenter.com\/wp-content\/uploads\/2019\/06\/collaboratings-1024x682.jpg 1024w, https:\/\/ocucenter.com\/wp-content\/uploads\/2019\/06\/collaboratings-768x511.jpg 768w, https:\/\/ocucenter.com\/wp-content\/uploads\/2019\/06\/collaboratings-1536x1022.jpg 1536w\" sizes=\"auto, (max-width: 1920px) 100vw, 1920px\" \/><\/div>\n\t\t\t\t\t\t    <\/div>\n\t\t\t\t\t\t    <div class=\"container\">\n\t\t\t\t\t\t        <div class=\"col-lg-6 col-lg-offset-1 pl-l-80 vertical-alignment right\"><div class=\"widgetsubtitle\">Sustainability<\/div><h2  class=\"widgettitle mb8\">Learn about one of the newest business <cite><i>Planning<\/i><\/cite><\/h2><div class=\"primary-line\"><\/div><div class=\"intro-content-content\"><\/p>\n<p>We have the skills to create professional films. Whether you want an promo video we can provide the services you require.<\/p>\n<p>We will put together a detailed and specific style guide that covers all areas to ensure that anything produced in the future.<\/p>\n<p>\n<\/div><a  id=\"btn-69e19958e14c6\" class=\"btn btn-filled btn-light btn-rounded btn-sm   btn-sm-sm text-center mr-0 mb0 mt24\" href= \"#\" target=\"_self\" >View More<i class=\"ti-angle-right\"><\/i><\/a><\/div>\n\t\t\t\t\t\t    <\/div>\n\t\t\t\t\t\t<\/section>[\/vc_column][\/vc_row][vc_row full_width=\u00bbstretch_row\u00bb][vc_column]<section class=\"box-content image-half p0  \">\n\t\t\t\t\t\t    <div class=\"col-lg-6 p0 col-lg-push-6\">\n\t\t\t\t\t\t    \t<div class=\"intro-image\"><img loading=\"lazy\" decoding=\"async\" width=\"1920\" height=\"1278\" src=\"https:\/\/ocucenter.com\/wp-content\/uploads\/2019\/06\/group-laps.jpg\" class=\"mb-xs-24\" alt=\"\" srcset=\"https:\/\/ocucenter.com\/wp-content\/uploads\/2019\/06\/group-laps.jpg 1920w, https:\/\/ocucenter.com\/wp-content\/uploads\/2019\/06\/group-laps-600x399.jpg 600w, https:\/\/ocucenter.com\/wp-content\/uploads\/2019\/06\/group-laps-300x200.jpg 300w, https:\/\/ocucenter.com\/wp-content\/uploads\/2019\/06\/group-laps-1024x682.jpg 1024w, https:\/\/ocucenter.com\/wp-content\/uploads\/2019\/06\/group-laps-768x511.jpg 768w, https:\/\/ocucenter.com\/wp-content\/uploads\/2019\/06\/group-laps-1536x1022.jpg 1536w\" sizes=\"auto, (max-width: 1920px) 100vw, 1920px\" \/><\/div>\n\t\t\t\t\t\t    <\/div>\n\t\t\t\t\t\t    <div class=\"container\">\n\t\t\t\t\t\t        <div class=\"col-lg-6 col-lg-pull-0 pr-l-80 vertical-alignment\"><div class=\"widgetsubtitle\">Cloud Choice<\/div><h2  class=\"widgettitle mb8\">Writing your company business plan is a good <cite><i>opportunity<\/i><\/cite><\/h2><div class=\"primary-line\"><\/div><div class=\"intro-content-content\"><\/p>\n<p>We have the skills to create professional films. Whether you want an promo video we can provide the services you require.<\/p>\n<p>We will put together a detailed and specific style guide that covers all areas to ensure that anything produced in the future.<\/p>\n<p>\n<\/div><a  id=\"btn-69e19958e1b99\" class=\"btn btn-primary-line btn-rounded btn-sm   btn-sm-sm text-center mr-0 mb0 mt24\" href= \"#\" target=\"_self\" >View More<i class=\"ti-angle-right\"><\/i><\/a><\/div>\n\t\t\t\t\t\t    <\/div>\n\t\t\t\t\t\t<\/section>[\/vc_column][\/vc_row]<\/p>\n","protected":false},"excerpt":{"rendered":"<p>[vc_row full_width=\u00bbstretch_row\u00bb tlg_background_style=\u00bbbg-dark\u00bb][vc_column][\/vc_column][\/vc_row][vc_row full_width=\u00bbstretch_row\u00bb tlg_background_style=\u00bbbg-dark\u00bb el_id=\u00bbmain\u00bb][vc_column][\/vc_column][\/vc_row][vc_row full_width=\u00bbstretch_row\u00bb tlg_background_style=\u00bbbg-secondary\u00bb][vc_column][\/vc_column][\/vc_row][vc_row full_width=\u00bbstretch_row\u00bb tlg_background_style=\u00bbbg-primary\u00bb][vc_column][\/vc_column][\/vc_row][vc_row full_width=\u00bbstretch_row\u00bb][vc_column][\/vc_column][\/vc_row]<\/p>\n","protected":false},"author":1,"featured_media":0,"parent":1951,"menu_order":0,"comment_status":"closed","ping_status":"closed","template":"","meta":{"footnotes":""},"class_list":["post-1961","page","type-page","status-publish","hentry"],"yoast_head":"<!-- This site is optimized with the Yoast SEO plugin v26.0 - https:\/\/yoast.com\/wordpress\/plugins\/seo\/ -->\n<title>Service 1 - Ocucenter | Salud Visual<\/title>\n<meta name=\"robots\" content=\"index, follow, max-snippet:-1, max-image-preview:large, max-video-preview:-1\" \/>\n<link rel=\"canonical\" href=\"https:\/\/ocucenter.com\/index.php\/pages\/service-1\/\" \/>\n<meta property=\"og:locale\" content=\"es_ES\" \/>\n<meta property=\"og:type\" content=\"article\" \/>\n<meta property=\"og:title\" content=\"Service 1 - Ocucenter | Salud Visual\" \/>\n<meta property=\"og:description\" content=\"[vc_row full_width=\u00bbstretch_row\u00bb tlg_background_style=\u00bbbg-dark\u00bb][vc_column][\/vc_column][\/vc_row][vc_row full_width=\u00bbstretch_row\u00bb tlg_background_style=\u00bbbg-dark\u00bb el_id=\u00bbmain\u00bb][vc_column][\/vc_column][\/vc_row][vc_row full_width=\u00bbstretch_row\u00bb tlg_background_style=\u00bbbg-secondary\u00bb][vc_column][\/vc_column][\/vc_row][vc_row full_width=\u00bbstretch_row\u00bb tlg_background_style=\u00bbbg-primary\u00bb][vc_column][\/vc_column][\/vc_row][vc_row full_width=\u00bbstretch_row\u00bb][vc_column][\/vc_column][\/vc_row]\" \/>\n<meta property=\"og:url\" content=\"https:\/\/ocucenter.com\/index.php\/pages\/service-1\/\" \/>\n<meta property=\"og:site_name\" content=\"Ocucenter | Salud Visual\" \/>\n<meta property=\"article:publisher\" content=\"https:\/\/www.facebook.com\/profile.php?id=61572799346947\" \/>\n<meta name=\"twitter:card\" content=\"summary_large_image\" \/>\n<meta name=\"twitter:label1\" content=\"Tiempo de lectura\" \/>\n\t<meta name=\"twitter:data1\" content=\"2 minutos\" \/>\n<script type=\"application\/ld+json\" class=\"yoast-schema-graph\">{\"@context\":\"https:\/\/schema.org\",\"@graph\":[{\"@type\":\"WebPage\",\"@id\":\"https:\/\/ocucenter.com\/index.php\/pages\/service-1\/\",\"url\":\"https:\/\/ocucenter.com\/index.php\/pages\/service-1\/\",\"name\":\"Service 1 - Ocucenter | Salud Visual\",\"isPartOf\":{\"@id\":\"https:\/\/ocucenter.com\/#website\"},\"datePublished\":\"2016-02-22T15:55:08+00:00\",\"breadcrumb\":{\"@id\":\"https:\/\/ocucenter.com\/index.php\/pages\/service-1\/#breadcrumb\"},\"inLanguage\":\"es\",\"potentialAction\":[{\"@type\":\"ReadAction\",\"target\":[\"https:\/\/ocucenter.com\/index.php\/pages\/service-1\/\"]}]},{\"@type\":\"BreadcrumbList\",\"@id\":\"https:\/\/ocucenter.com\/index.php\/pages\/service-1\/#breadcrumb\",\"itemListElement\":[{\"@type\":\"ListItem\",\"position\":1,\"name\":\"Portada\",\"item\":\"https:\/\/ocucenter.com\/\"},{\"@type\":\"ListItem\",\"position\":2,\"name\":\"Pages\",\"item\":\"https:\/\/ocucenter.com\/index.php\/pages\/\"},{\"@type\":\"ListItem\",\"position\":3,\"name\":\"Service 1\"}]},{\"@type\":\"WebSite\",\"@id\":\"https:\/\/ocucenter.com\/#website\",\"url\":\"https:\/\/ocucenter.com\/\",\"name\":\"Ocucenter | Salud Visual\",\"description\":\"Consultas y descartes oftalmol\u00f3gicos en Bre\u00f1a, diagn\u00f3stico temprano\",\"publisher\":{\"@id\":\"https:\/\/ocucenter.com\/#organization\"},\"potentialAction\":[{\"@type\":\"SearchAction\",\"target\":{\"@type\":\"EntryPoint\",\"urlTemplate\":\"https:\/\/ocucenter.com\/?s={search_term_string}\"},\"query-input\":{\"@type\":\"PropertyValueSpecification\",\"valueRequired\":true,\"valueName\":\"search_term_string\"}}],\"inLanguage\":\"es\"},{\"@type\":\"Organization\",\"@id\":\"https:\/\/ocucenter.com\/#organization\",\"name\":\"Ocucenter | Salud Visual\",\"url\":\"https:\/\/ocucenter.com\/\",\"logo\":{\"@type\":\"ImageObject\",\"inLanguage\":\"es\",\"@id\":\"https:\/\/ocucenter.com\/#\/schema\/logo\/image\/\",\"url\":\"https:\/\/ocucenter.com\/wp-content\/uploads\/2025\/09\/icono.png\",\"contentUrl\":\"https:\/\/ocucenter.com\/wp-content\/uploads\/2025\/09\/icono.png\",\"width\":512,\"height\":512,\"caption\":\"Ocucenter | Salud Visual\"},\"image\":{\"@id\":\"https:\/\/ocucenter.com\/#\/schema\/logo\/image\/\"},\"sameAs\":[\"https:\/\/www.facebook.com\/profile.php?id=61572799346947\",\"https:\/\/www.instagram.com\/ocucenter_oftalmologia\/\",\"https:\/\/www.tiktok.com\/@ocucenter_oftalmologia\"]}]}<\/script>\n<!-- \/ Yoast SEO plugin. -->","yoast_head_json":{"title":"Service 1 - Ocucenter | Salud Visual","robots":{"index":"index","follow":"follow","max-snippet":"max-snippet:-1","max-image-preview":"max-image-preview:large","max-video-preview":"max-video-preview:-1"},"canonical":"https:\/\/ocucenter.com\/index.php\/pages\/service-1\/","og_locale":"es_ES","og_type":"article","og_title":"Service 1 - Ocucenter | Salud Visual","og_description":"[vc_row full_width=\u00bbstretch_row\u00bb tlg_background_style=\u00bbbg-dark\u00bb][vc_column][\/vc_column][\/vc_row][vc_row full_width=\u00bbstretch_row\u00bb tlg_background_style=\u00bbbg-dark\u00bb el_id=\u00bbmain\u00bb][vc_column][\/vc_column][\/vc_row][vc_row full_width=\u00bbstretch_row\u00bb tlg_background_style=\u00bbbg-secondary\u00bb][vc_column][\/vc_column][\/vc_row][vc_row full_width=\u00bbstretch_row\u00bb tlg_background_style=\u00bbbg-primary\u00bb][vc_column][\/vc_column][\/vc_row][vc_row full_width=\u00bbstretch_row\u00bb][vc_column][\/vc_column][\/vc_row]","og_url":"https:\/\/ocucenter.com\/index.php\/pages\/service-1\/","og_site_name":"Ocucenter | Salud Visual","article_publisher":"https:\/\/www.facebook.com\/profile.php?id=61572799346947","twitter_card":"summary_large_image","twitter_misc":{"Tiempo de lectura":"2 minutos"},"schema":{"@context":"https:\/\/schema.org","@graph":[{"@type":"WebPage","@id":"https:\/\/ocucenter.com\/index.php\/pages\/service-1\/","url":"https:\/\/ocucenter.com\/index.php\/pages\/service-1\/","name":"Service 1 - Ocucenter | Salud Visual","isPartOf":{"@id":"https:\/\/ocucenter.com\/#website"},"datePublished":"2016-02-22T15:55:08+00:00","breadcrumb":{"@id":"https:\/\/ocucenter.com\/index.php\/pages\/service-1\/#breadcrumb"},"inLanguage":"es","potentialAction":[{"@type":"ReadAction","target":["https:\/\/ocucenter.com\/index.php\/pages\/service-1\/"]}]},{"@type":"BreadcrumbList","@id":"https:\/\/ocucenter.com\/index.php\/pages\/service-1\/#breadcrumb","itemListElement":[{"@type":"ListItem","position":1,"name":"Portada","item":"https:\/\/ocucenter.com\/"},{"@type":"ListItem","position":2,"name":"Pages","item":"https:\/\/ocucenter.com\/index.php\/pages\/"},{"@type":"ListItem","position":3,"name":"Service 1"}]},{"@type":"WebSite","@id":"https:\/\/ocucenter.com\/#website","url":"https:\/\/ocucenter.com\/","name":"Ocucenter | Salud Visual","description":"Consultas y descartes oftalmol\u00f3gicos en Bre\u00f1a, diagn\u00f3stico temprano","publisher":{"@id":"https:\/\/ocucenter.com\/#organization"},"potentialAction":[{"@type":"SearchAction","target":{"@type":"EntryPoint","urlTemplate":"https:\/\/ocucenter.com\/?s={search_term_string}"},"query-input":{"@type":"PropertyValueSpecification","valueRequired":true,"valueName":"search_term_string"}}],"inLanguage":"es"},{"@type":"Organization","@id":"https:\/\/ocucenter.com\/#organization","name":"Ocucenter | Salud Visual","url":"https:\/\/ocucenter.com\/","logo":{"@type":"ImageObject","inLanguage":"es","@id":"https:\/\/ocucenter.com\/#\/schema\/logo\/image\/","url":"https:\/\/ocucenter.com\/wp-content\/uploads\/2025\/09\/icono.png","contentUrl":"https:\/\/ocucenter.com\/wp-content\/uploads\/2025\/09\/icono.png","width":512,"height":512,"caption":"Ocucenter | Salud Visual"},"image":{"@id":"https:\/\/ocucenter.com\/#\/schema\/logo\/image\/"},"sameAs":["https:\/\/www.facebook.com\/profile.php?id=61572799346947","https:\/\/www.instagram.com\/ocucenter_oftalmologia\/","https:\/\/www.tiktok.com\/@ocucenter_oftalmologia"]}]}},"_links":{"self":[{"href":"https:\/\/ocucenter.com\/index.php\/wp-json\/wp\/v2\/pages\/1961","targetHints":{"allow":["GET"]}}],"collection":[{"href":"https:\/\/ocucenter.com\/index.php\/wp-json\/wp\/v2\/pages"}],"about":[{"href":"https:\/\/ocucenter.com\/index.php\/wp-json\/wp\/v2\/types\/page"}],"author":[{"embeddable":true,"href":"https:\/\/ocucenter.com\/index.php\/wp-json\/wp\/v2\/users\/1"}],"replies":[{"embeddable":true,"href":"https:\/\/ocucenter.com\/index.php\/wp-json\/wp\/v2\/comments?post=1961"}],"version-history":[{"count":0,"href":"https:\/\/ocucenter.com\/index.php\/wp-json\/wp\/v2\/pages\/1961\/revisions"}],"up":[{"embeddable":true,"href":"https:\/\/ocucenter.com\/index.php\/wp-json\/wp\/v2\/pages\/1951"}],"wp:attachment":[{"href":"https:\/\/ocucenter.com\/index.php\/wp-json\/wp\/v2\/media?parent=1961"}],"curies":[{"name":"wp","href":"https:\/\/api.w.org\/{rel}","templated":true}]}}