{"id":1967,"date":"2016-02-22T15:55:50","date_gmt":"2016-02-22T15:55:50","guid":{"rendered":"http:\/\/demo.themelogi.com\/navian\/?page_id=1967"},"modified":"2025-09-26T19:02:50","modified_gmt":"2025-09-26T19:02:50","slug":"contact-1","status":"publish","type":"page","link":"https:\/\/ocucenter.com\/index.php\/pages\/contact-1\/","title":{"rendered":"Contact 1"},"content":{"rendered":"<p>[vc_row full_width=\u00bbstretch_row\u00bb][vc_column]<div class=\"tlg-custom-embed  \"><iframe style=\"height: 700px;\" frameborder=\"0\" scrolling=\"no\" marginheight=\"0\" marginwidth=\"0\" src=\"https:\/\/maps.google.com\/maps?q=Av.%20Tingo%20Mar%C3%ADa%20421%2C%20Bre%C3%B1a%2015082&amp;t=m&amp;z=20&amp;output=embed&amp;iwloc=near\" aria-label=\"Av. Tingo Mar\u00eda 421, Bre\u00f1a 15082\"><\/iframe><\/div>[\/vc_column][\/vc_row][vc_row tlg_background_style=\u00bbbg-secondary\u00bb tlg_padding=\u00bbpb0&#8243; el_class=\u00bbcontact-line\u00bb][vc_column width=\u00bb1\/2&#8243;]<div class=\"headings-title \"><div class=\"mb40 mb-xs-40 text-left\"><h5  class=\"widgettitle\">Agenda tu consulta oftalmol\u00f3gica <cite><i>en Bre\u00f1a<\/i><\/cite><\/h5><div  class=\"widgetsubtitle\">Atenci\u00f3n cercana, sin esperas y con diagn\u00f3stico temprano.<\/div><\/div><\/div>[\/vc_column][\/vc_row][vc_row tlg_background_style=\u00bbbg-secondary\u00bb tlg_padding=\u00bbpt0&#8243; tlg_text_align=\u00bbtext-left\u00bb tlg_equal_height=\u00bbequal-height\u00bb el_class=\u00bbcontact-line\u00bb][vc_column width=\u00bb1\/2&#8243;]<div class=\" icon_title_list-content icon-list-large\"><ul class=\"icon_title_list\"><li><span class=\"inline-block mb8 mr-15\"><i style=\"color:#1d3e88;\" class=\"ti-location-pin  inline-block\"><\/i><\/span><span >Av. Tingo Mar\u00eda 423, Bre\u00f1a (frente al INO) \u2013 Lima, Per\u00fa<\/span><\/li><li><span class=\"inline-block mb8 mr-15\"><i style=\"color:#1d3e88;\" class=\"ti-mobile  inline-block\"><\/i><\/span><span >+51 947 993 915<\/span><\/li><li><span class=\"inline-block mb8 mr-15\"><i style=\"color:#1d3e88;\" class=\"ti-email  inline-block\"><\/i><\/span><span >info@ocucenter.com<\/span><\/li><\/ul><\/div>[\/vc_column][vc_column width=\u00bb1\/2&#8243; css=\u00bb.vc_custom_1491983121937{padding-left: 8% !important;}\u00bb]\n<div class=\"wpcf7 no-js\" id=\"wpcf7-f681-o1\" lang=\"en-US\" dir=\"ltr\" data-wpcf7-id=\"681\">\n<div class=\"screen-reader-response\"><p role=\"status\" aria-live=\"polite\" aria-atomic=\"true\"><\/p> <ul><\/ul><\/div>\n<form action=\"\/index.php\/wp-json\/wp\/v2\/pages\/1967#wpcf7-f681-o1\" method=\"post\" class=\"wpcf7-form init\" aria-label=\"Contact form\" novalidate=\"novalidate\" data-status=\"init\">\n<fieldset class=\"hidden-fields-container\"><input type=\"hidden\" name=\"_wpcf7\" value=\"681\" \/><input type=\"hidden\" name=\"_wpcf7_version\" value=\"6.1.5\" \/><input type=\"hidden\" name=\"_wpcf7_locale\" value=\"en_US\" \/><input type=\"hidden\" name=\"_wpcf7_unit_tag\" value=\"wpcf7-f681-o1\" \/><input type=\"hidden\" name=\"_wpcf7_container_post\" value=\"0\" \/><input type=\"hidden\" name=\"_wpcf7_posted_data_hash\" value=\"\" \/>\n<\/fieldset>\n<div class=\"flat-input\">\n\t<div class=\"overflow-hidden\">\n\t\t<div class=\"half-column half-column-left\">\n\t\t\t<p><span class=\"wpcf7-form-control-wrap\" data-name=\"your-name\"><input size=\"40\" maxlength=\"400\" class=\"wpcf7-form-control wpcf7-text wpcf7-validates-as-required\" aria-required=\"true\" aria-invalid=\"false\" placeholder=\"Nombre y Apellido\" value=\"\" type=\"text\" name=\"your-name\" \/><\/span>\n\t\t\t<\/p>\n\t\t<\/div>\n\t\t<div class=\"half-column half-column-right\">\n\t\t\t<p><span class=\"wpcf7-form-control-wrap\" data-name=\"your-email\"><input size=\"40\" maxlength=\"400\" class=\"wpcf7-form-control wpcf7-email wpcf7-validates-as-required wpcf7-text wpcf7-validates-as-email\" aria-required=\"true\" aria-invalid=\"false\" placeholder=\"xxxxxxx@dominio.com\" value=\"\" type=\"email\" name=\"your-email\" \/><\/span>\n\t\t\t<\/p>\n\t\t<\/div>\n\t<\/div>\n\t<div class=\"overflow-hidden\">\n\t\t<div class=\"half-column half-column-left\">\n\t\t\t<p><span class=\"wpcf7-form-control-wrap\" data-name=\"your-subject\"><input size=\"40\" maxlength=\"400\" class=\"wpcf7-form-control wpcf7-text wpcf7-validates-as-required\" aria-required=\"true\" aria-invalid=\"false\" placeholder=\"Asunto\" value=\"\" type=\"text\" name=\"your-subject\" \/><\/span>\n\t\t\t<\/p>\n\t\t<\/div>\n\t\t<div class=\"half-column half-column-right\">\n\t\t\t<p><span class=\"wpcf7-form-control-wrap\" data-name=\"your-phone\"><input size=\"40\" maxlength=\"400\" class=\"wpcf7-form-control wpcf7-text\" aria-invalid=\"false\" placeholder=\"N\u00famero\" value=\"\" type=\"text\" name=\"your-phone\" \/><\/span>\n\t\t\t<\/p>\n\t\t<\/div>\n\t<\/div>\n\t<p><span class=\"wpcf7-form-control-wrap\" data-name=\"your-message\"><textarea cols=\"40\" rows=\"10\" maxlength=\"2000\" class=\"wpcf7-form-control wpcf7-textarea\" aria-invalid=\"false\" placeholder=\"Mensaje\" name=\"your-message\"><\/textarea><\/span>\n\t<\/p>\n\t<p><button type=\"submit\" class=\"wpcf7-submit wpcf7-submit-custom btn btn-filled btn-new ti-arrow-right\">RESERVAR AHORA<\/button>\n\t<\/p>\n<\/div><div class=\"wpcf7-response-output\" aria-hidden=\"true\"><\/div>\n<\/form>\n<\/div>\n[\/vc_column][\/vc_row]<\/p>\n","protected":false},"excerpt":{"rendered":"<p>[vc_row full_width=\u00bbstretch_row\u00bb][vc_column][\/vc_column][\/vc_row][vc_row tlg_background_style=\u00bbbg-secondary\u00bb tlg_padding=\u00bbpb0&#8243; el_class=\u00bbcontact-line\u00bb][vc_column width=\u00bb1\/2&#8243;][\/vc_column][\/vc_row][vc_row tlg_background_style=\u00bbbg-secondary\u00bb tlg_padding=\u00bbpt0&#8243; tlg_text_align=\u00bbtext-left\u00bb tlg_equal_height=\u00bbequal-height\u00bb el_class=\u00bbcontact-line\u00bb][vc_column width=\u00bb1\/2&#8243;][\/vc_column][vc_column width=\u00bb1\/2&#8243; css=\u00bb.vc_custom_1491983121937{padding-left: 8% !important;}\u00bb][\/vc_column][\/vc_row]<\/p>\n","protected":false},"author":1,"featured_media":0,"parent":1951,"menu_order":0,"comment_status":"closed","ping_status":"closed","template":"","meta":{"footnotes":""},"class_list":["post-1967","page","type-page","status-publish","hentry"],"yoast_head":"<!-- This site is optimized with the Yoast SEO plugin v26.0 - https:\/\/yoast.com\/wordpress\/plugins\/seo\/ -->\n<title>Contact 1 - Ocucenter | Salud Visual<\/title>\n<meta name=\"robots\" content=\"index, follow, max-snippet:-1, max-image-preview:large, max-video-preview:-1\" \/>\n<link rel=\"canonical\" href=\"https:\/\/ocucenter.com\/index.php\/pages\/contact-1\/\" \/>\n<meta property=\"og:locale\" content=\"es_ES\" \/>\n<meta property=\"og:type\" content=\"article\" \/>\n<meta property=\"og:title\" content=\"Contact 1 - Ocucenter | Salud Visual\" \/>\n<meta property=\"og:description\" content=\"[vc_row full_width=\u00bbstretch_row\u00bb][vc_column][\/vc_column][\/vc_row][vc_row tlg_background_style=\u00bbbg-secondary\u00bb tlg_padding=\u00bbpb0&#8243; el_class=\u00bbcontact-line\u00bb][vc_column width=\u00bb1\/2&#8243;][\/vc_column][\/vc_row][vc_row tlg_background_style=\u00bbbg-secondary\u00bb tlg_padding=\u00bbpt0&#8243; tlg_text_align=\u00bbtext-left\u00bb tlg_equal_height=\u00bbequal-height\u00bb el_class=\u00bbcontact-line\u00bb][vc_column width=\u00bb1\/2&#8243;][\/vc_column][vc_column width=\u00bb1\/2&#8243; css=\u00bb.vc_custom_1491983121937{padding-left: 8% !important;}\u00bb][\/vc_column][\/vc_row]\" \/>\n<meta property=\"og:url\" content=\"https:\/\/ocucenter.com\/index.php\/pages\/contact-1\/\" \/>\n<meta property=\"og:site_name\" content=\"Ocucenter | Salud Visual\" \/>\n<meta property=\"article:publisher\" content=\"https:\/\/www.facebook.com\/profile.php?id=61572799346947\" \/>\n<meta property=\"article:modified_time\" content=\"2025-09-26T19:02:50+00:00\" \/>\n<meta name=\"twitter:card\" content=\"summary_large_image\" \/>\n<meta name=\"twitter:label1\" content=\"Tiempo de lectura\" \/>\n\t<meta name=\"twitter:data1\" content=\"1 minuto\" \/>\n<script type=\"application\/ld+json\" class=\"yoast-schema-graph\">{\"@context\":\"https:\/\/schema.org\",\"@graph\":[{\"@type\":\"WebPage\",\"@id\":\"https:\/\/ocucenter.com\/index.php\/pages\/contact-1\/\",\"url\":\"https:\/\/ocucenter.com\/index.php\/pages\/contact-1\/\",\"name\":\"Contact 1 - Ocucenter | Salud Visual\",\"isPartOf\":{\"@id\":\"https:\/\/ocucenter.com\/#website\"},\"datePublished\":\"2016-02-22T15:55:50+00:00\",\"dateModified\":\"2025-09-26T19:02:50+00:00\",\"breadcrumb\":{\"@id\":\"https:\/\/ocucenter.com\/index.php\/pages\/contact-1\/#breadcrumb\"},\"inLanguage\":\"es\",\"potentialAction\":[{\"@type\":\"ReadAction\",\"target\":[\"https:\/\/ocucenter.com\/index.php\/pages\/contact-1\/\"]}]},{\"@type\":\"BreadcrumbList\",\"@id\":\"https:\/\/ocucenter.com\/index.php\/pages\/contact-1\/#breadcrumb\",\"itemListElement\":[{\"@type\":\"ListItem\",\"position\":1,\"name\":\"Portada\",\"item\":\"https:\/\/ocucenter.com\/\"},{\"@type\":\"ListItem\",\"position\":2,\"name\":\"Pages\",\"item\":\"https:\/\/ocucenter.com\/index.php\/pages\/\"},{\"@type\":\"ListItem\",\"position\":3,\"name\":\"Contact 1\"}]},{\"@type\":\"WebSite\",\"@id\":\"https:\/\/ocucenter.com\/#website\",\"url\":\"https:\/\/ocucenter.com\/\",\"name\":\"Ocucenter | Salud Visual\",\"description\":\"Consultas y descartes oftalmol\u00f3gicos en Bre\u00f1a, diagn\u00f3stico temprano\",\"publisher\":{\"@id\":\"https:\/\/ocucenter.com\/#organization\"},\"potentialAction\":[{\"@type\":\"SearchAction\",\"target\":{\"@type\":\"EntryPoint\",\"urlTemplate\":\"https:\/\/ocucenter.com\/?s={search_term_string}\"},\"query-input\":{\"@type\":\"PropertyValueSpecification\",\"valueRequired\":true,\"valueName\":\"search_term_string\"}}],\"inLanguage\":\"es\"},{\"@type\":\"Organization\",\"@id\":\"https:\/\/ocucenter.com\/#organization\",\"name\":\"Ocucenter | Salud Visual\",\"url\":\"https:\/\/ocucenter.com\/\",\"logo\":{\"@type\":\"ImageObject\",\"inLanguage\":\"es\",\"@id\":\"https:\/\/ocucenter.com\/#\/schema\/logo\/image\/\",\"url\":\"https:\/\/ocucenter.com\/wp-content\/uploads\/2025\/09\/icono.png\",\"contentUrl\":\"https:\/\/ocucenter.com\/wp-content\/uploads\/2025\/09\/icono.png\",\"width\":512,\"height\":512,\"caption\":\"Ocucenter | Salud Visual\"},\"image\":{\"@id\":\"https:\/\/ocucenter.com\/#\/schema\/logo\/image\/\"},\"sameAs\":[\"https:\/\/www.facebook.com\/profile.php?id=61572799346947\",\"https:\/\/www.instagram.com\/ocucenter_oftalmologia\/\",\"https:\/\/www.tiktok.com\/@ocucenter_oftalmologia\"]}]}<\/script>\n<!-- \/ Yoast SEO plugin. -->","yoast_head_json":{"title":"Contact 1 - Ocucenter | Salud Visual","robots":{"index":"index","follow":"follow","max-snippet":"max-snippet:-1","max-image-preview":"max-image-preview:large","max-video-preview":"max-video-preview:-1"},"canonical":"https:\/\/ocucenter.com\/index.php\/pages\/contact-1\/","og_locale":"es_ES","og_type":"article","og_title":"Contact 1 - Ocucenter | Salud Visual","og_description":"[vc_row full_width=\u00bbstretch_row\u00bb][vc_column][\/vc_column][\/vc_row][vc_row tlg_background_style=\u00bbbg-secondary\u00bb tlg_padding=\u00bbpb0&#8243; el_class=\u00bbcontact-line\u00bb][vc_column width=\u00bb1\/2&#8243;][\/vc_column][\/vc_row][vc_row tlg_background_style=\u00bbbg-secondary\u00bb tlg_padding=\u00bbpt0&#8243; tlg_text_align=\u00bbtext-left\u00bb tlg_equal_height=\u00bbequal-height\u00bb el_class=\u00bbcontact-line\u00bb][vc_column width=\u00bb1\/2&#8243;][\/vc_column][vc_column width=\u00bb1\/2&#8243; css=\u00bb.vc_custom_1491983121937{padding-left: 8% !important;}\u00bb][\/vc_column][\/vc_row]","og_url":"https:\/\/ocucenter.com\/index.php\/pages\/contact-1\/","og_site_name":"Ocucenter | Salud Visual","article_publisher":"https:\/\/www.facebook.com\/profile.php?id=61572799346947","article_modified_time":"2025-09-26T19:02:50+00:00","twitter_card":"summary_large_image","twitter_misc":{"Tiempo de lectura":"1 minuto"},"schema":{"@context":"https:\/\/schema.org","@graph":[{"@type":"WebPage","@id":"https:\/\/ocucenter.com\/index.php\/pages\/contact-1\/","url":"https:\/\/ocucenter.com\/index.php\/pages\/contact-1\/","name":"Contact 1 - Ocucenter | Salud Visual","isPartOf":{"@id":"https:\/\/ocucenter.com\/#website"},"datePublished":"2016-02-22T15:55:50+00:00","dateModified":"2025-09-26T19:02:50+00:00","breadcrumb":{"@id":"https:\/\/ocucenter.com\/index.php\/pages\/contact-1\/#breadcrumb"},"inLanguage":"es","potentialAction":[{"@type":"ReadAction","target":["https:\/\/ocucenter.com\/index.php\/pages\/contact-1\/"]}]},{"@type":"BreadcrumbList","@id":"https:\/\/ocucenter.com\/index.php\/pages\/contact-1\/#breadcrumb","itemListElement":[{"@type":"ListItem","position":1,"name":"Portada","item":"https:\/\/ocucenter.com\/"},{"@type":"ListItem","position":2,"name":"Pages","item":"https:\/\/ocucenter.com\/index.php\/pages\/"},{"@type":"ListItem","position":3,"name":"Contact 1"}]},{"@type":"WebSite","@id":"https:\/\/ocucenter.com\/#website","url":"https:\/\/ocucenter.com\/","name":"Ocucenter | Salud Visual","description":"Consultas y descartes oftalmol\u00f3gicos en Bre\u00f1a, diagn\u00f3stico temprano","publisher":{"@id":"https:\/\/ocucenter.com\/#organization"},"potentialAction":[{"@type":"SearchAction","target":{"@type":"EntryPoint","urlTemplate":"https:\/\/ocucenter.com\/?s={search_term_string}"},"query-input":{"@type":"PropertyValueSpecification","valueRequired":true,"valueName":"search_term_string"}}],"inLanguage":"es"},{"@type":"Organization","@id":"https:\/\/ocucenter.com\/#organization","name":"Ocucenter | Salud Visual","url":"https:\/\/ocucenter.com\/","logo":{"@type":"ImageObject","inLanguage":"es","@id":"https:\/\/ocucenter.com\/#\/schema\/logo\/image\/","url":"https:\/\/ocucenter.com\/wp-content\/uploads\/2025\/09\/icono.png","contentUrl":"https:\/\/ocucenter.com\/wp-content\/uploads\/2025\/09\/icono.png","width":512,"height":512,"caption":"Ocucenter | Salud Visual"},"image":{"@id":"https:\/\/ocucenter.com\/#\/schema\/logo\/image\/"},"sameAs":["https:\/\/www.facebook.com\/profile.php?id=61572799346947","https:\/\/www.instagram.com\/ocucenter_oftalmologia\/","https:\/\/www.tiktok.com\/@ocucenter_oftalmologia"]}]}},"_links":{"self":[{"href":"https:\/\/ocucenter.com\/index.php\/wp-json\/wp\/v2\/pages\/1967","targetHints":{"allow":["GET"]}}],"collection":[{"href":"https:\/\/ocucenter.com\/index.php\/wp-json\/wp\/v2\/pages"}],"about":[{"href":"https:\/\/ocucenter.com\/index.php\/wp-json\/wp\/v2\/types\/page"}],"author":[{"embeddable":true,"href":"https:\/\/ocucenter.com\/index.php\/wp-json\/wp\/v2\/users\/1"}],"replies":[{"embeddable":true,"href":"https:\/\/ocucenter.com\/index.php\/wp-json\/wp\/v2\/comments?post=1967"}],"version-history":[{"count":3,"href":"https:\/\/ocucenter.com\/index.php\/wp-json\/wp\/v2\/pages\/1967\/revisions"}],"predecessor-version":[{"id":8895,"href":"https:\/\/ocucenter.com\/index.php\/wp-json\/wp\/v2\/pages\/1967\/revisions\/8895"}],"up":[{"embeddable":true,"href":"https:\/\/ocucenter.com\/index.php\/wp-json\/wp\/v2\/pages\/1951"}],"wp:attachment":[{"href":"https:\/\/ocucenter.com\/index.php\/wp-json\/wp\/v2\/media?parent=1967"}],"curies":[{"name":"wp","href":"https:\/\/api.w.org\/{rel}","templated":true}]}}