{"id":1979,"date":"2016-02-22T15:57:00","date_gmt":"2016-02-22T15:57:00","guid":{"rendered":"http:\/\/demo.themelogi.com\/navian\/?page_id=1979"},"modified":"2016-02-22T15:57:00","modified_gmt":"2016-02-22T15:57:00","slug":"pricing","status":"publish","type":"page","link":"https:\/\/ocucenter.com\/index.php\/pages\/pricing\/","title":{"rendered":"Pricing"},"content":{"rendered":"<p>[vc_row full_width=\u00bbstretch_row\u00bb][vc_column]<section  id=\"single-69f271914770f\" class=\"header-single vertical-flex m0 image-bg parallax pt240 pb240 pt-xs-80 pb-xs-80\" ><div class=\"background-content \"><img loading=\"lazy\" decoding=\"async\" width=\"1920\" height=\"1278\" src=\"https:\/\/ocucenter.com\/wp-content\/uploads\/2019\/06\/group-laps.jpg\" class=\"background-image\" alt=\"page-header\" srcset=\"https:\/\/ocucenter.com\/wp-content\/uploads\/2019\/06\/group-laps.jpg 1920w, https:\/\/ocucenter.com\/wp-content\/uploads\/2019\/06\/group-laps-600x399.jpg 600w, https:\/\/ocucenter.com\/wp-content\/uploads\/2019\/06\/group-laps-300x200.jpg 300w, https:\/\/ocucenter.com\/wp-content\/uploads\/2019\/06\/group-laps-1024x682.jpg 1024w, https:\/\/ocucenter.com\/wp-content\/uploads\/2019\/06\/group-laps-768x511.jpg 768w, https:\/\/ocucenter.com\/wp-content\/uploads\/2019\/06\/group-laps-1536x1022.jpg 1536w\" sizes=\"auto, (max-width: 1920px) 100vw, 1920px\" \/><div style=\"background-color:#49c5b6; opacity:0.85;background: linear-gradient(to right,#49c5b6 0%,#eb2f5b 100%);opacity:0.9!important;\" class=\"background-overlay\"><\/div><\/div><div  class=\"container vertical-flex-column item-content \">\n\t\t\t            <div class=\"row\"><div class=\"standard-slide p0 col-lg-12 col-lg-offset-0 col-md-10 col-md-offset-1 col-sm-12 text-center\"><h1  class=\"heading-title-standard\">The <strong>Pricing<\/strong><\/h1><div  class=\"lead \">A plan that's right for your business.<\/div><div  class=\"heading-content\"><\/div><div class=\"mt24 mt-xs-8 \"><a  id=\"btn-69f2719147711\"  class=\" m0 btn btn-primary-line btn-rounded   btn-sm-sm \"  href= \"#main\"  >Build Yours<i class=\"ti-angle-right\"><\/i><\/a><\/div>\n                <\/div><\/div><\/div><\/section>[\/vc_column][\/vc_row][vc_row tlg_background_style=\u00bbbg-secondary\u00bb tlg_padding=\u00bbpb0&#8243; el_id=\u00bbmain\u00bb][vc_column]<div class=\"headings-title \"><div class=\"mb70 mb-xs-40 text-center\"><div  class=\"widgetsubtitle \">PRICING &amp; PLANS<\/div><div class=\"divider-wrap\"><div class=\"tlg-divider \" style=\"\"><\/div><\/div><h5  class=\"widgettitle mb0\">Choose the right plan for you<\/h5><\/div><\/div>[\/vc_column][\/vc_row][vc_row tlg_background_style=\u00bbbg-secondary\u00bb][vc_column width=\u00bb1\/3&#8243;]<div style=\"color:#565656;background-color:;border-color:;\" id=\"tbl-69f2719147e87\" class=\" pricing-standard text-center\"><div class=\"pricing-header\" style=\"background-color:;\"><div class=\"pricing-icon text-center\"><i style=\"color:#ffffff;background-color:#111111;\" class=\"l-text m-text mb24 inline-block ti-thought\"><\/i><\/div><h5 style=\"color:#28262b;\" class=\"widgettitle mb0\">Starter<\/h5><div style=\"color:#bcbcbc;\" class=\"widgetsubtitle\">Best price<\/div><\/div><div class=\"pricing\" style=\"color:#28262b;background-color:#ffffff;border-color:;\"><span class=\"price\"><span>$<\/span>19<\/span><p class=\"lead\">per month<\/p><\/div>\n<ul>\n<li>Unlimited calls<\/li>\n<li>Free hosting<\/li>\n<li>Unlimited hours of support<\/li>\n<li>Social media integration<\/li>\n<li>Analytic integration<\/li>\n<li>Unlimited storage space<\/li>\n<\/ul>\n<p>\n<a style=\"color:#ffffff;background:#111111;border-color:#111111;\" id=\"btn-69f2719147e86\" class=\"btn  btn-block btn-sm-sm mb0\" href= \"#\" target=\"_self\" >Order Now<\/a><\/div><script type=\"text\/javascript\">jQuery(document).ready(function(){jQuery('head').append('<style type=\"text\/css\" id=\"tlg-custom-css-btn-69f2719147e86\">#btn-69f2719147e86:hover{color:#222222!important;background:#eeeeee!important;border-color:#eeeeee!important;}<\/style>');});<\/script>[\/vc_column][vc_column width=\u00bb1\/3&#8243;]<div style=\"color:#565656;background-color:;border-color:#49c5b6;\" id=\"tbl-69f2719147f32\" class=\" pricing-standard text-center\"><div class=\"pricing-header\" style=\"background-color:;\"><div class=\"pricing-icon text-center\"><i style=\"color:#ffffff;background-color:#49c5b6;\" class=\"l-text m-text mb24 inline-block ti-package\"><\/i><\/div><h5 style=\"color:#28262b;\" class=\"widgettitle mb0\">Business<\/h5><div style=\"color:#bcbcbc;\" class=\"widgetsubtitle\">Most popular<\/div><\/div><div class=\"pricing\" style=\"color:#ffffff;background-color:#49c5b6;border-color:;\"><span class=\"price\"><span>$<\/span>29<\/span><p class=\"lead\">per month<\/p><\/div>\n<ul>\n<li>Unlimited calls<\/li>\n<li>Free hosting<\/li>\n<li>10 hours of support<\/li>\n<li>Social media integration<\/li>\n<li>Advanced analytic<\/li>\n<li>1GB of storage space<\/li>\n<\/ul>\n<p>\n<a style=\"color:#ffffff;background:#49c5b6;border-color:#49c5b6;\" id=\"btn-69f2719147f31\" class=\"btn  btn-block btn-sm-sm mb0\" href= \"#\" target=\"_self\" >Order Now<\/a><\/div><script type=\"text\/javascript\">jQuery(document).ready(function(){jQuery('head').append('<style type=\"text\/css\" id=\"tlg-custom-css-btn-69f2719147f31\">#btn-69f2719147f31:hover{color:#222222!important;background:#eeeeee!important;border-color:#eeeeee!important;}<\/style>');});<\/script>[\/vc_column][vc_column width=\u00bb1\/3&#8243;]<div style=\"color:#565656;background-color:;border-color:;\" id=\"tbl-69f2719148029\" class=\" pricing-standard text-center\"><div class=\"pricing-header\" style=\"background-color:;\"><div class=\"pricing-icon text-center\"><i style=\"color:#ffffff;background-color:#eb2f5b;\" class=\"l-text m-text mb24 inline-block ti-world\"><\/i><\/div><h5 style=\"color:#28262b;\" class=\"widgettitle mb0\">Enterprise<\/h5><div style=\"color:#bcbcbc;\" class=\"widgetsubtitle\">Best choice<\/div><\/div><div class=\"pricing\" style=\"color:#eb2f5b;background-color:#ffffff;border-color:;\"><span class=\"price\"><span>$<\/span>59<\/span><p class=\"lead\">per month<\/p><\/div>\n<ul>\n<li>Unlimited calls<\/li>\n<li>Free hosting<\/li>\n<li>Unlimited of support<\/li>\n<li>Social media integration<\/li>\n<li>Basic analytic<\/li>\n<li>40TB of storage space<\/li>\n<\/ul>\n<p>\n<a style=\"color:#ffffff;background:#eb2f5b;border-color:#eb2f5b;\" id=\"btn-69f2719148028\" class=\"btn  btn-block btn-sm-sm mb0\" href= \"#\" target=\"_self\" >Order Now<\/a><\/div><script type=\"text\/javascript\">jQuery(document).ready(function(){jQuery('head').append('<style type=\"text\/css\" id=\"tlg-custom-css-btn-69f2719148028\">#btn-69f2719148028:hover{color:#222222!important;background:#eeeeee!important;border-color:#eeeeee!important;}<\/style>');});<\/script>[\/vc_column][\/vc_row][vc_row tlg_background_style=\u00bbbg-secondary\u00bb tlg_padding=\u00bbpt64 pb64&#8243;][vc_column]<div class=\" logo-carousel\"><ul class=\"slides owl-carousel owl-theme\"><li>\r\n    <img loading=\"lazy\" decoding=\"async\" width=\"200\" height=\"43\" src=\"https:\/\/ocucenter.com\/wp-content\/uploads\/2025\/09\/Recurso-4@4x.png\" class=\"attachment-full size-full wp-post-image\" alt=\"\" \/><\/li><li>\r\n    <img loading=\"lazy\" decoding=\"async\" width=\"400\" height=\"80\" src=\"https:\/\/ocucenter.com\/wp-content\/uploads\/2015\/12\/logo-opticas-unidas.png\" class=\"attachment-full size-full wp-post-image\" alt=\"\" srcset=\"https:\/\/ocucenter.com\/wp-content\/uploads\/2015\/12\/logo-opticas-unidas.png 400w, https:\/\/ocucenter.com\/wp-content\/uploads\/2015\/12\/logo-opticas-unidas-300x60.png 300w\" sizes=\"auto, (max-width: 400px) 100vw, 400px\" \/><\/li><\/ul><\/div>[\/vc_column][\/vc_row][vc_row tlg_background_style=\u00bbbg-dark\u00bb tlg_enable_overlay=\u00bbyes\u00bb css=\u00bb.vc_custom_1565864630737{background-image: url(https:\/\/ocucenter.com\/wp-content\/uploads\/2019\/06\/collaboratings.jpg?id=8304) !important;}\u00bb tlg_bg_overlay=\u00bb#49c5b6&#8243; tlg_bg_overlay_value=\u00bb9&#8243; tlg_bg_gradient_color=\u00bb#eb2f5b\u00bb][vc_column width=\u00bb1\/4&#8243;][\/vc_column][vc_column width=\u00bb1\/2&#8243;]<div class=\"headings-title \"><div class=\"mb70 mb-xs-40 text-center\"><div  class=\"widgetsubtitle \">TESTIMONIALS<\/div><div class=\"divider-wrap\"><div class=\"tlg-divider \" style=\"\"><\/div><\/div><h5  class=\"widgettitle mb0\">What Our Clients Say<\/h5><\/div><\/div><p class=\"lead\">Sorry, but nothing matched your search. Please try again with some different keywords.<\/p>\n<form class=\"search-form\" method=\"get\" id=\"searchform\" action=\"https:\/\/ocucenter.com\/\">\n\t<input type=\"text\" id=\"s2\" class=\"mb0\" name=\"s\" value=\"\" placeholder=\"Search...\" autocomplete=\"off\" autocapitalize=\"off\" spellcheck=\"false\" \/>\n\t<input type=\"submit\" value=\"Search\" class=\"btn\">\n\t<span class=\"search__info\">Type and hit enter to search<\/span>\n<\/form>[\/vc_column][vc_column width=\u00bb1\/4&#8243;][\/vc_column][\/vc_row][vc_row tlg_padding=\u00bbpb0&#8243;][vc_column]<div class=\"headings-title \"><div class=\"mb70 mb-xs-40 text-center\"><div  class=\"widgetsubtitle \">FAQs<\/div><div class=\"divider-wrap\"><div class=\"tlg-divider \" style=\"\"><\/div><\/div><h5  class=\"widgettitle mb0\">Common Questions<\/h5><\/div><\/div>[\/vc_column][\/vc_row][vc_row tlg_padding=\u00bbpt0&#8243;][vc_column width=\u00bb1\/2&#8243;]<div id=\"accordion-69f271914b874\"><ul class=\" accordion accordion-style-1 accordion-auto-close  \"><li><div class=\"title\"><i class=\"ti-layers icon\"><\/i><span>How can I get started?<\/span><\/div><div class=\"content\">Torquent lacinia elementum sodales facilisis eleifend ultricies neque ipsum litora, habitasse euismod vel ut egestas viverra at suspendisse ut tristique, donec fusce nisi venenatis aptent vitae libero taciti sodales justo dictum pharetra.<\/div><\/li><li><div class=\"title\"><i class=\"ti-map icon\"><\/i><span>Does this require a contract?<\/span><\/div><div class=\"content\">Auctor sem ultrices laoreet sagittis massa maecenas quisque lacinia leo lobortis, sem curae quisque donec etiam integer est ultrices curabitur, sociosqu feugiat nisi metus varius himenaeos leo ac fusce.<\/div><\/li><li><div class=\"title\"><i class=\"ti-import icon\"><\/i><span>How much does it cost?<\/span><\/div><div class=\"content\">Torquent lacinia elementum sodales facilisis eleifend ultricies neque ipsum litora, habitasse euismod vel ut egestas viverra at suspendisse ut tristique, donec fusce nisi venenatis aptent vitae libero taciti sodales justo dictum pharetra.<\/div><\/li><\/ul><\/div>[\/vc_column][vc_column width=\u00bb1\/2&#8243;]<div id=\"accordion-69f271914b94d\"><ul class=\" accordion accordion-style-1 accordion-auto-close  \"><li><div class=\"title\"><i class=\"ti-blackboard icon\"><\/i><span>Is my data secured? Who owns the content?<\/span><\/div><div class=\"content\">Torquent lacinia elementum sodales facilisis eleifend ultricies neque ipsum litora, habitasse euismod vel ut egestas viverra at suspendisse ut tristique, donec fusce nisi venenatis aptent vitae libero taciti sodales justo dictum pharetra.<\/div><\/li><li><div class=\"title\"><i class=\"ti-settings icon\"><\/i><span>Do you have Enterprise options available?<\/span><\/div><div class=\"content\">Auctor sem ultrices laoreet sagittis massa maecenas quisque lacinia leo lobortis, sem curae quisque donec etiam integer est ultrices curabitur, sociosqu feugiat nisi metus varius himenaeos leo ac fusce.<\/div><\/li><li><div class=\"title\"><i class=\"ti-layers icon\"><\/i><span>Which platforms does it support?<\/span><\/div><div class=\"content\">Torquent lacinia elementum sodales facilisis eleifend ultricies neque ipsum litora, habitasse euismod vel ut egestas viverra at suspendisse ut tristique, donec fusce nisi venenatis aptent vitae libero taciti sodales justo dictum pharetra.<\/div><\/li><\/ul><\/div>[\/vc_column][\/vc_row][vc_row tlg_background_style=\u00bbbg-secondary\u00bb][vc_column width=\u00bb1\/6&#8243;][\/vc_column][vc_column width=\u00bb2\/3&#8243;]<div class=\"headings-title \"><div class=\"mb70 mb-xs-40 text-center\"><div  class=\"widgetsubtitle \">SUBSCRIBE NOW<\/div><div class=\"divider-wrap\"><div class=\"tlg-divider \" style=\"\"><\/div><\/div><h5  class=\"widgettitle mb0\">Join The Fastest-Growing Brands<\/h5><\/div><\/div>\n<div class=\"wpcf7 no-js\" id=\"wpcf7-f518-o1\" lang=\"en-US\" dir=\"ltr\" data-wpcf7-id=\"518\">\n<div class=\"screen-reader-response\"><p role=\"status\" aria-live=\"polite\" aria-atomic=\"true\"><\/p> <ul><\/ul><\/div>\n<form action=\"\/index.php\/wp-json\/wp\/v2\/pages\/1979#wpcf7-f518-o1\" method=\"post\" class=\"wpcf7-form init\" aria-label=\"Contact form\" novalidate=\"novalidate\" data-status=\"init\">\n<fieldset class=\"hidden-fields-container\"><input type=\"hidden\" name=\"_wpcf7\" value=\"518\" \/><input type=\"hidden\" name=\"_wpcf7_version\" value=\"6.1.5\" \/><input type=\"hidden\" name=\"_wpcf7_locale\" value=\"en_US\" \/><input type=\"hidden\" name=\"_wpcf7_unit_tag\" value=\"wpcf7-f518-o1\" \/><input type=\"hidden\" name=\"_wpcf7_container_post\" value=\"0\" \/><input type=\"hidden\" name=\"_wpcf7_posted_data_hash\" value=\"\" \/>\n<\/fieldset>\n<div class=\"button-group\">\n\t<p><span class=\"wpcf7-form-control-wrap\" data-name=\"your-email\"><input size=\"40\" maxlength=\"400\" class=\"wpcf7-form-control wpcf7-email wpcf7-validates-as-required wpcf7-text wpcf7-validates-as-email\" aria-required=\"true\" aria-invalid=\"false\" placeholder=\"your@yoursite.com\" value=\"\" type=\"email\" name=\"your-email\" \/><\/span><input class=\"wpcf7-form-control wpcf7-submit has-spinner\" type=\"submit\" value=\"Subscrible\" \/>\n\t<\/p>\n<\/div><div class=\"wpcf7-response-output\" aria-hidden=\"true\"><\/div>\n<\/form>\n<\/div>\n[\/vc_column][vc_column width=\u00bb1\/6&#8243;][\/vc_column][\/vc_row]<\/p>\n","protected":false},"excerpt":{"rendered":"<p>[vc_row full_width=\u00bbstretch_row\u00bb][vc_column][\/vc_column][\/vc_row][vc_row tlg_background_style=\u00bbbg-secondary\u00bb tlg_padding=\u00bbpb0&#8243; el_id=\u00bbmain\u00bb][vc_column][\/vc_column][\/vc_row][vc_row tlg_background_style=\u00bbbg-secondary\u00bb][vc_column width=\u00bb1\/3&#8243;][\/vc_column][vc_column width=\u00bb1\/3&#8243;][\/vc_column][vc_column width=\u00bb1\/3&#8243;][\/vc_column][\/vc_row][vc_row tlg_background_style=\u00bbbg-secondary\u00bb tlg_padding=\u00bbpt64 pb64&#8243;][vc_column][\/vc_column][\/vc_row][vc_row tlg_background_style=\u00bbbg-dark\u00bb tlg_enable_overlay=\u00bbyes\u00bb css=\u00bb.vc_custom_1565864630737{background-image: url(https:\/\/ocucenter.com\/wp-content\/uploads\/2019\/06\/collaboratings.jpg?id=8304) !important;}\u00bb tlg_bg_overlay=\u00bb#49c5b6&#8243; tlg_bg_overlay_value=\u00bb9&#8243; tlg_bg_gradient_color=\u00bb#eb2f5b\u00bb][vc_column width=\u00bb1\/4&#8243;][\/vc_column][vc_column width=\u00bb1\/2&#8243;][\/vc_column][vc_column width=\u00bb1\/4&#8243;][\/vc_column][\/vc_row][vc_row tlg_padding=\u00bbpb0&#8243;][vc_column][\/vc_column][\/vc_row][vc_row tlg_padding=\u00bbpt0&#8243;][vc_column width=\u00bb1\/2&#8243;][\/vc_column][vc_column width=\u00bb1\/2&#8243;][\/vc_column][\/vc_row][vc_row tlg_background_style=\u00bbbg-secondary\u00bb][vc_column width=\u00bb1\/6&#8243;][\/vc_column][vc_column width=\u00bb2\/3&#8243;][\/vc_column][vc_column width=\u00bb1\/6&#8243;][\/vc_column][\/vc_row]<\/p>\n","protected":false},"author":1,"featured_media":0,"parent":1951,"menu_order":0,"comment_status":"closed","ping_status":"closed","template":"","meta":{"footnotes":""},"class_list":["post-1979","page","type-page","status-publish","hentry"],"yoast_head":"<!-- This site is optimized with the Yoast SEO plugin v26.0 - https:\/\/yoast.com\/wordpress\/plugins\/seo\/ -->\n<title>Pricing - Ocucenter | Salud Visual<\/title>\n<meta name=\"robots\" content=\"index, follow, max-snippet:-1, max-image-preview:large, max-video-preview:-1\" \/>\n<link rel=\"canonical\" href=\"https:\/\/ocucenter.com\/index.php\/pages\/pricing\/\" \/>\n<meta property=\"og:locale\" content=\"es_ES\" \/>\n<meta property=\"og:type\" content=\"article\" \/>\n<meta property=\"og:title\" content=\"Pricing - Ocucenter | Salud Visual\" \/>\n<meta property=\"og:description\" content=\"[vc_row full_width=\u00bbstretch_row\u00bb][vc_column][\/vc_column][\/vc_row][vc_row tlg_background_style=\u00bbbg-secondary\u00bb tlg_padding=\u00bbpb0&#8243; el_id=\u00bbmain\u00bb][vc_column][\/vc_column][\/vc_row][vc_row tlg_background_style=\u00bbbg-secondary\u00bb][vc_column width=\u00bb1\/3&#8243;][\/vc_column][vc_column width=\u00bb1\/3&#8243;][\/vc_column][vc_column width=\u00bb1\/3&#8243;][\/vc_column][\/vc_row][vc_row tlg_background_style=\u00bbbg-secondary\u00bb tlg_padding=\u00bbpt64 pb64&#8243;][vc_column][\/vc_column][\/vc_row][vc_row tlg_background_style=\u00bbbg-dark\u00bb tlg_enable_overlay=\u00bbyes\u00bb css=\u00bb.vc_custom_1565864630737{background-image: url(https:\/\/ocucenter.com\/wp-content\/uploads\/2019\/06\/collaboratings.jpg?id=8304) !important;}\u00bb tlg_bg_overlay=\u00bb#49c5b6&#8243; tlg_bg_overlay_value=\u00bb9&#8243; tlg_bg_gradient_color=\u00bb#eb2f5b\u00bb][vc_column width=\u00bb1\/4&#8243;][\/vc_column][vc_column width=\u00bb1\/2&#8243;][\/vc_column][vc_column width=\u00bb1\/4&#8243;][\/vc_column][\/vc_row][vc_row tlg_padding=\u00bbpb0&#8243;][vc_column][\/vc_column][\/vc_row][vc_row tlg_padding=\u00bbpt0&#8243;][vc_column width=\u00bb1\/2&#8243;][\/vc_column][vc_column width=\u00bb1\/2&#8243;][\/vc_column][\/vc_row][vc_row tlg_background_style=\u00bbbg-secondary\u00bb][vc_column width=\u00bb1\/6&#8243;][\/vc_column][vc_column width=\u00bb2\/3&#8243;][\/vc_column][vc_column width=\u00bb1\/6&#8243;][\/vc_column][\/vc_row]\" \/>\n<meta property=\"og:url\" content=\"https:\/\/ocucenter.com\/index.php\/pages\/pricing\/\" \/>\n<meta property=\"og:site_name\" content=\"Ocucenter | Salud Visual\" \/>\n<meta property=\"article:publisher\" content=\"https:\/\/www.facebook.com\/profile.php?id=61572799346947\" \/>\n<meta name=\"twitter:card\" content=\"summary_large_image\" \/>\n<meta name=\"twitter:label1\" content=\"Tiempo de lectura\" \/>\n\t<meta name=\"twitter:data1\" content=\"4 minutos\" \/>\n<script type=\"application\/ld+json\" class=\"yoast-schema-graph\">{\"@context\":\"https:\/\/schema.org\",\"@graph\":[{\"@type\":\"WebPage\",\"@id\":\"https:\/\/ocucenter.com\/index.php\/pages\/pricing\/\",\"url\":\"https:\/\/ocucenter.com\/index.php\/pages\/pricing\/\",\"name\":\"Pricing - Ocucenter | Salud Visual\",\"isPartOf\":{\"@id\":\"https:\/\/ocucenter.com\/#website\"},\"datePublished\":\"2016-02-22T15:57:00+00:00\",\"breadcrumb\":{\"@id\":\"https:\/\/ocucenter.com\/index.php\/pages\/pricing\/#breadcrumb\"},\"inLanguage\":\"es\",\"potentialAction\":[{\"@type\":\"ReadAction\",\"target\":[\"https:\/\/ocucenter.com\/index.php\/pages\/pricing\/\"]}]},{\"@type\":\"BreadcrumbList\",\"@id\":\"https:\/\/ocucenter.com\/index.php\/pages\/pricing\/#breadcrumb\",\"itemListElement\":[{\"@type\":\"ListItem\",\"position\":1,\"name\":\"Portada\",\"item\":\"https:\/\/ocucenter.com\/\"},{\"@type\":\"ListItem\",\"position\":2,\"name\":\"Pages\",\"item\":\"https:\/\/ocucenter.com\/index.php\/pages\/\"},{\"@type\":\"ListItem\",\"position\":3,\"name\":\"Pricing\"}]},{\"@type\":\"WebSite\",\"@id\":\"https:\/\/ocucenter.com\/#website\",\"url\":\"https:\/\/ocucenter.com\/\",\"name\":\"Ocucenter | Salud Visual\",\"description\":\"Consultas y descartes oftalmol\u00f3gicos en Bre\u00f1a, diagn\u00f3stico temprano\",\"publisher\":{\"@id\":\"https:\/\/ocucenter.com\/#organization\"},\"potentialAction\":[{\"@type\":\"SearchAction\",\"target\":{\"@type\":\"EntryPoint\",\"urlTemplate\":\"https:\/\/ocucenter.com\/?s={search_term_string}\"},\"query-input\":{\"@type\":\"PropertyValueSpecification\",\"valueRequired\":true,\"valueName\":\"search_term_string\"}}],\"inLanguage\":\"es\"},{\"@type\":\"Organization\",\"@id\":\"https:\/\/ocucenter.com\/#organization\",\"name\":\"Ocucenter | Salud Visual\",\"url\":\"https:\/\/ocucenter.com\/\",\"logo\":{\"@type\":\"ImageObject\",\"inLanguage\":\"es\",\"@id\":\"https:\/\/ocucenter.com\/#\/schema\/logo\/image\/\",\"url\":\"https:\/\/ocucenter.com\/wp-content\/uploads\/2025\/09\/icono.png\",\"contentUrl\":\"https:\/\/ocucenter.com\/wp-content\/uploads\/2025\/09\/icono.png\",\"width\":512,\"height\":512,\"caption\":\"Ocucenter | Salud Visual\"},\"image\":{\"@id\":\"https:\/\/ocucenter.com\/#\/schema\/logo\/image\/\"},\"sameAs\":[\"https:\/\/www.facebook.com\/profile.php?id=61572799346947\",\"https:\/\/www.instagram.com\/ocucenter_oftalmologia\/\",\"https:\/\/www.tiktok.com\/@ocucenter_oftalmologia\"]}]}<\/script>\n<!-- \/ Yoast SEO plugin. -->","yoast_head_json":{"title":"Pricing - Ocucenter | Salud Visual","robots":{"index":"index","follow":"follow","max-snippet":"max-snippet:-1","max-image-preview":"max-image-preview:large","max-video-preview":"max-video-preview:-1"},"canonical":"https:\/\/ocucenter.com\/index.php\/pages\/pricing\/","og_locale":"es_ES","og_type":"article","og_title":"Pricing - Ocucenter | Salud Visual","og_description":"[vc_row full_width=\u00bbstretch_row\u00bb][vc_column][\/vc_column][\/vc_row][vc_row tlg_background_style=\u00bbbg-secondary\u00bb tlg_padding=\u00bbpb0&#8243; el_id=\u00bbmain\u00bb][vc_column][\/vc_column][\/vc_row][vc_row tlg_background_style=\u00bbbg-secondary\u00bb][vc_column width=\u00bb1\/3&#8243;][\/vc_column][vc_column width=\u00bb1\/3&#8243;][\/vc_column][vc_column width=\u00bb1\/3&#8243;][\/vc_column][\/vc_row][vc_row tlg_background_style=\u00bbbg-secondary\u00bb tlg_padding=\u00bbpt64 pb64&#8243;][vc_column][\/vc_column][\/vc_row][vc_row tlg_background_style=\u00bbbg-dark\u00bb tlg_enable_overlay=\u00bbyes\u00bb css=\u00bb.vc_custom_1565864630737{background-image: url(https:\/\/ocucenter.com\/wp-content\/uploads\/2019\/06\/collaboratings.jpg?id=8304) !important;}\u00bb tlg_bg_overlay=\u00bb#49c5b6&#8243; tlg_bg_overlay_value=\u00bb9&#8243; tlg_bg_gradient_color=\u00bb#eb2f5b\u00bb][vc_column width=\u00bb1\/4&#8243;][\/vc_column][vc_column width=\u00bb1\/2&#8243;][\/vc_column][vc_column width=\u00bb1\/4&#8243;][\/vc_column][\/vc_row][vc_row tlg_padding=\u00bbpb0&#8243;][vc_column][\/vc_column][\/vc_row][vc_row tlg_padding=\u00bbpt0&#8243;][vc_column width=\u00bb1\/2&#8243;][\/vc_column][vc_column width=\u00bb1\/2&#8243;][\/vc_column][\/vc_row][vc_row tlg_background_style=\u00bbbg-secondary\u00bb][vc_column width=\u00bb1\/6&#8243;][\/vc_column][vc_column width=\u00bb2\/3&#8243;][\/vc_column][vc_column width=\u00bb1\/6&#8243;][\/vc_column][\/vc_row]","og_url":"https:\/\/ocucenter.com\/index.php\/pages\/pricing\/","og_site_name":"Ocucenter | Salud Visual","article_publisher":"https:\/\/www.facebook.com\/profile.php?id=61572799346947","twitter_card":"summary_large_image","twitter_misc":{"Tiempo de lectura":"4 minutos"},"schema":{"@context":"https:\/\/schema.org","@graph":[{"@type":"WebPage","@id":"https:\/\/ocucenter.com\/index.php\/pages\/pricing\/","url":"https:\/\/ocucenter.com\/index.php\/pages\/pricing\/","name":"Pricing - Ocucenter | Salud Visual","isPartOf":{"@id":"https:\/\/ocucenter.com\/#website"},"datePublished":"2016-02-22T15:57:00+00:00","breadcrumb":{"@id":"https:\/\/ocucenter.com\/index.php\/pages\/pricing\/#breadcrumb"},"inLanguage":"es","potentialAction":[{"@type":"ReadAction","target":["https:\/\/ocucenter.com\/index.php\/pages\/pricing\/"]}]},{"@type":"BreadcrumbList","@id":"https:\/\/ocucenter.com\/index.php\/pages\/pricing\/#breadcrumb","itemListElement":[{"@type":"ListItem","position":1,"name":"Portada","item":"https:\/\/ocucenter.com\/"},{"@type":"ListItem","position":2,"name":"Pages","item":"https:\/\/ocucenter.com\/index.php\/pages\/"},{"@type":"ListItem","position":3,"name":"Pricing"}]},{"@type":"WebSite","@id":"https:\/\/ocucenter.com\/#website","url":"https:\/\/ocucenter.com\/","name":"Ocucenter | Salud Visual","description":"Consultas y descartes oftalmol\u00f3gicos en Bre\u00f1a, diagn\u00f3stico temprano","publisher":{"@id":"https:\/\/ocucenter.com\/#organization"},"potentialAction":[{"@type":"SearchAction","target":{"@type":"EntryPoint","urlTemplate":"https:\/\/ocucenter.com\/?s={search_term_string}"},"query-input":{"@type":"PropertyValueSpecification","valueRequired":true,"valueName":"search_term_string"}}],"inLanguage":"es"},{"@type":"Organization","@id":"https:\/\/ocucenter.com\/#organization","name":"Ocucenter | Salud Visual","url":"https:\/\/ocucenter.com\/","logo":{"@type":"ImageObject","inLanguage":"es","@id":"https:\/\/ocucenter.com\/#\/schema\/logo\/image\/","url":"https:\/\/ocucenter.com\/wp-content\/uploads\/2025\/09\/icono.png","contentUrl":"https:\/\/ocucenter.com\/wp-content\/uploads\/2025\/09\/icono.png","width":512,"height":512,"caption":"Ocucenter | Salud Visual"},"image":{"@id":"https:\/\/ocucenter.com\/#\/schema\/logo\/image\/"},"sameAs":["https:\/\/www.facebook.com\/profile.php?id=61572799346947","https:\/\/www.instagram.com\/ocucenter_oftalmologia\/","https:\/\/www.tiktok.com\/@ocucenter_oftalmologia"]}]}},"_links":{"self":[{"href":"https:\/\/ocucenter.com\/index.php\/wp-json\/wp\/v2\/pages\/1979","targetHints":{"allow":["GET"]}}],"collection":[{"href":"https:\/\/ocucenter.com\/index.php\/wp-json\/wp\/v2\/pages"}],"about":[{"href":"https:\/\/ocucenter.com\/index.php\/wp-json\/wp\/v2\/types\/page"}],"author":[{"embeddable":true,"href":"https:\/\/ocucenter.com\/index.php\/wp-json\/wp\/v2\/users\/1"}],"replies":[{"embeddable":true,"href":"https:\/\/ocucenter.com\/index.php\/wp-json\/wp\/v2\/comments?post=1979"}],"version-history":[{"count":0,"href":"https:\/\/ocucenter.com\/index.php\/wp-json\/wp\/v2\/pages\/1979\/revisions"}],"up":[{"embeddable":true,"href":"https:\/\/ocucenter.com\/index.php\/wp-json\/wp\/v2\/pages\/1951"}],"wp:attachment":[{"href":"https:\/\/ocucenter.com\/index.php\/wp-json\/wp\/v2\/media?parent=1979"}],"curies":[{"name":"wp","href":"https:\/\/api.w.org\/{rel}","templated":true}]}}