{"id":1985,"date":"2016-02-22T15:57:44","date_gmt":"2016-02-22T15:57:44","guid":{"rendered":"http:\/\/demo.themelogi.com\/navian\/?page_id=1985"},"modified":"2016-02-22T15:57:44","modified_gmt":"2016-02-22T15:57:44","slug":"coming-soon","status":"publish","type":"page","link":"https:\/\/ocucenter.com\/index.php\/pages\/coming-soon\/","title":{"rendered":"Coming Soon"},"content":{"rendered":"<p>[vc_row full_height=\u00bbyes\u00bb tlg_background_style=\u00bbbg-dark\u00bb tlg_enable_overlay=\u00bbyes\u00bb tlg_bg_gradient_type=\u00bbrotate\u00bb tlg_parallax=\u00bbnot-parallax\u00bb tlg_text_align=\u00bbtext-center\u00bb css=\u00bb.vc_custom_1565882683463{background-image: url(https:\/\/ocucenter.com\/wp-content\/uploads\/2019\/06\/friend-connections.jpg?id=8305) !important;}\u00bb tlg_bg_overlay_value=\u00bb9&#8243; tlg_bg_overlay=\u00bb#ffa3b5&#8243; tlg_bg_gradient_color=\u00bb#0000ef\u00bb el_class=\u00bbwhite-form\u00bb][vc_column]<div class=\"headings-title \"><div class=\"mb70 mb-xs-40 text-center\"><div  class=\"widgetsubtitle \">Welcome to our site<\/div><div class=\"divider-wrap\"><div class=\"tlg-divider \" style=\"\"><\/div><\/div><h5  class=\"widgettitle mb0\">Coming soon!<\/h5><\/div><\/div><div id=\"countdown-69e006c5aa69d\" class=\"countdown-legacy boxed text-center\" data-date=\"2028\/01\/08 14:16\" data-week=\"weeks\" data-day=\"days\" data-hour=\"hr\" data-minute=\"min\" data-second=\"sec\" ><\/div><div class=\"tlg-spacer  \" data-height=\"80\" data-height-tablet=\"80\" data-height-mobile=\"20\" style=\"clear:both;display:block;height:80px;\"><\/div>[vc_row_inner][vc_column_inner width=\u00bb1\/4&#8243;][\/vc_column_inner][vc_column_inner width=\u00bb1\/2&#8243;]\n<div class=\"wpcf7 no-js\" id=\"wpcf7-f518-o1\" lang=\"en-US\" dir=\"ltr\" data-wpcf7-id=\"518\">\n<div class=\"screen-reader-response\"><p role=\"status\" aria-live=\"polite\" aria-atomic=\"true\"><\/p> <ul><\/ul><\/div>\n<form action=\"\/index.php\/wp-json\/wp\/v2\/pages\/1985#wpcf7-f518-o1\" method=\"post\" class=\"wpcf7-form init\" aria-label=\"Contact form\" novalidate=\"novalidate\" data-status=\"init\">\n<fieldset class=\"hidden-fields-container\"><input type=\"hidden\" name=\"_wpcf7\" value=\"518\" \/><input type=\"hidden\" name=\"_wpcf7_version\" value=\"6.1.5\" \/><input type=\"hidden\" name=\"_wpcf7_locale\" value=\"en_US\" \/><input type=\"hidden\" name=\"_wpcf7_unit_tag\" value=\"wpcf7-f518-o1\" \/><input type=\"hidden\" name=\"_wpcf7_container_post\" value=\"0\" \/><input type=\"hidden\" name=\"_wpcf7_posted_data_hash\" value=\"\" \/>\n<\/fieldset>\n<div class=\"button-group\">\n\t<p><span class=\"wpcf7-form-control-wrap\" data-name=\"your-email\"><input size=\"40\" maxlength=\"400\" class=\"wpcf7-form-control wpcf7-email wpcf7-validates-as-required wpcf7-text wpcf7-validates-as-email\" aria-required=\"true\" aria-invalid=\"false\" placeholder=\"your@yoursite.com\" value=\"\" type=\"email\" name=\"your-email\" \/><\/span><input class=\"wpcf7-form-control wpcf7-submit has-spinner\" type=\"submit\" value=\"Subscrible\" \/>\n\t<\/p>\n<\/div><div class=\"wpcf7-response-output\" aria-hidden=\"true\"><\/div>\n<\/form>\n<\/div>\n[\/vc_column_inner][vc_column_inner width=\u00bb1\/4&#8243;][\/vc_column_inner][\/vc_row_inner]<div class=\"tlg-spacer  \" data-height=\"70\" data-height-tablet=\"70\" data-height-mobile=\"70\" style=\"clear:both;display:block;height:70px;\"><\/div><div class=\"text-center\"><a class=\"hvr-grow link-dark inline-block\" href= \"#\" target=\"_self\"  ><i id=\"icon-69e006c5ac898\" style=\"color:#ffffff;margin:0 10px;\" class=\"ti-instagram circle-icon small-icon  inline-block custom-icon\"><\/i><\/a><script type=\"text\/javascript\">jQuery(document).ready(function(){jQuery('head').append('<style type=\"text\/css\" id=\"tlg-custom-css-icon-69e006c5ac898\">#icon-69e006c5ac898:hover{color:#ffffff!important;background-color:#9b6954!important;border-color:#9b6954!important;}<\/style>');});<\/script><a class=\"hvr-grow link-dark inline-block\" href= \"#\" target=\"_self\"  ><i id=\"icon-69e006c5ac932\" style=\"color:#ffffff;margin:0 10px;\" class=\"ti-facebook circle-icon small-icon  inline-block custom-icon\"><\/i><\/a><script type=\"text\/javascript\">jQuery(document).ready(function(){jQuery('head').append('<style type=\"text\/css\" id=\"tlg-custom-css-icon-69e006c5ac932\">#icon-69e006c5ac932:hover{color:#ffffff!important;background-color:#6a75c8!important;border-color:#6a75c8!important;}<\/style>');});<\/script><a class=\"hvr-grow link-dark inline-block\" href= \"#\" target=\"_self\"  ><i id=\"icon-69e006c5ac960\" style=\"color:#ffffff;margin:0 10px;\" class=\"ti-twitter circle-icon small-icon  inline-block custom-icon\"><\/i><\/a><script type=\"text\/javascript\">jQuery(document).ready(function(){jQuery('head').append('<style type=\"text\/css\" id=\"tlg-custom-css-icon-69e006c5ac960\">#icon-69e006c5ac960:hover{color:#ffffff!important;background-color:#6abaf7!important;border-color:#6abaf7!important;}<\/style>');});<\/script><a class=\"hvr-grow link-dark inline-block\" href= \"#\" target=\"_self\"  ><i id=\"icon-69e006c5ac97f\" style=\"color:#ffffff;margin:0 10px;\" class=\"ti-google circle-icon small-icon  inline-block custom-icon\"><\/i><\/a><script type=\"text\/javascript\">jQuery(document).ready(function(){jQuery('head').append('<style type=\"text\/css\" id=\"tlg-custom-css-icon-69e006c5ac97f\">#icon-69e006c5ac97f:hover{color:#ffffff!important;background-color:#f05660!important;border-color:#f05660!important;}<\/style>');});<\/script><\/div>[\/vc_column][\/vc_row]<\/p>\n","protected":false},"excerpt":{"rendered":"<p>[vc_row full_height=\u00bbyes\u00bb tlg_background_style=\u00bbbg-dark\u00bb tlg_enable_overlay=\u00bbyes\u00bb tlg_bg_gradient_type=\u00bbrotate\u00bb tlg_parallax=\u00bbnot-parallax\u00bb tlg_text_align=\u00bbtext-center\u00bb css=\u00bb.vc_custom_1565882683463{background-image: url(https:\/\/ocucenter.com\/wp-content\/uploads\/2019\/06\/friend-connections.jpg?id=8305) !important;}\u00bb tlg_bg_overlay_value=\u00bb9&#8243; tlg_bg_overlay=\u00bb#ffa3b5&#8243; tlg_bg_gradient_color=\u00bb#0000ef\u00bb el_class=\u00bbwhite-form\u00bb][vc_column][vc_row_inner][vc_column_inner width=\u00bb1\/4&#8243;][\/vc_column_inner][vc_column_inner width=\u00bb1\/2&#8243;][\/vc_column_inner][vc_column_inner width=\u00bb1\/4&#8243;][\/vc_column_inner][\/vc_row_inner][\/vc_column][\/vc_row]<\/p>\n","protected":false},"author":1,"featured_media":0,"parent":1951,"menu_order":0,"comment_status":"closed","ping_status":"closed","template":"","meta":{"footnotes":""},"class_list":["post-1985","page","type-page","status-publish","hentry"],"yoast_head":"<!-- This site is optimized with the Yoast SEO plugin v26.0 - https:\/\/yoast.com\/wordpress\/plugins\/seo\/ -->\n<title>Coming Soon - Ocucenter | Salud Visual<\/title>\n<meta name=\"robots\" content=\"index, follow, max-snippet:-1, max-image-preview:large, max-video-preview:-1\" \/>\n<link rel=\"canonical\" href=\"https:\/\/ocucenter.com\/index.php\/pages\/coming-soon\/\" \/>\n<meta property=\"og:locale\" content=\"es_ES\" \/>\n<meta property=\"og:type\" content=\"article\" \/>\n<meta property=\"og:title\" content=\"Coming Soon - Ocucenter | Salud Visual\" \/>\n<meta property=\"og:description\" content=\"[vc_row full_height=\u00bbyes\u00bb tlg_background_style=\u00bbbg-dark\u00bb tlg_enable_overlay=\u00bbyes\u00bb tlg_bg_gradient_type=\u00bbrotate\u00bb tlg_parallax=\u00bbnot-parallax\u00bb tlg_text_align=\u00bbtext-center\u00bb css=\u00bb.vc_custom_1565882683463{background-image: url(https:\/\/ocucenter.com\/wp-content\/uploads\/2019\/06\/friend-connections.jpg?id=8305) !important;}\u00bb tlg_bg_overlay_value=\u00bb9&#8243; tlg_bg_overlay=\u00bb#ffa3b5&#8243; tlg_bg_gradient_color=\u00bb#0000ef\u00bb el_class=\u00bbwhite-form\u00bb][vc_column][vc_row_inner][vc_column_inner width=\u00bb1\/4&#8243;][\/vc_column_inner][vc_column_inner width=\u00bb1\/2&#8243;][\/vc_column_inner][vc_column_inner width=\u00bb1\/4&#8243;][\/vc_column_inner][\/vc_row_inner][\/vc_column][\/vc_row]\" \/>\n<meta property=\"og:url\" content=\"https:\/\/ocucenter.com\/index.php\/pages\/coming-soon\/\" \/>\n<meta property=\"og:site_name\" content=\"Ocucenter | Salud Visual\" \/>\n<meta property=\"article:publisher\" content=\"https:\/\/www.facebook.com\/profile.php?id=61572799346947\" \/>\n<meta name=\"twitter:card\" content=\"summary_large_image\" \/>\n<meta name=\"twitter:label1\" content=\"Tiempo de lectura\" \/>\n\t<meta name=\"twitter:data1\" content=\"1 minuto\" \/>\n<script type=\"application\/ld+json\" class=\"yoast-schema-graph\">{\"@context\":\"https:\/\/schema.org\",\"@graph\":[{\"@type\":\"WebPage\",\"@id\":\"https:\/\/ocucenter.com\/index.php\/pages\/coming-soon\/\",\"url\":\"https:\/\/ocucenter.com\/index.php\/pages\/coming-soon\/\",\"name\":\"Coming Soon - Ocucenter | Salud Visual\",\"isPartOf\":{\"@id\":\"https:\/\/ocucenter.com\/#website\"},\"datePublished\":\"2016-02-22T15:57:44+00:00\",\"breadcrumb\":{\"@id\":\"https:\/\/ocucenter.com\/index.php\/pages\/coming-soon\/#breadcrumb\"},\"inLanguage\":\"es\",\"potentialAction\":[{\"@type\":\"ReadAction\",\"target\":[\"https:\/\/ocucenter.com\/index.php\/pages\/coming-soon\/\"]}]},{\"@type\":\"BreadcrumbList\",\"@id\":\"https:\/\/ocucenter.com\/index.php\/pages\/coming-soon\/#breadcrumb\",\"itemListElement\":[{\"@type\":\"ListItem\",\"position\":1,\"name\":\"Portada\",\"item\":\"https:\/\/ocucenter.com\/\"},{\"@type\":\"ListItem\",\"position\":2,\"name\":\"Pages\",\"item\":\"https:\/\/ocucenter.com\/index.php\/pages\/\"},{\"@type\":\"ListItem\",\"position\":3,\"name\":\"Coming Soon\"}]},{\"@type\":\"WebSite\",\"@id\":\"https:\/\/ocucenter.com\/#website\",\"url\":\"https:\/\/ocucenter.com\/\",\"name\":\"Ocucenter | Salud Visual\",\"description\":\"Consultas y descartes oftalmol\u00f3gicos en Bre\u00f1a, diagn\u00f3stico temprano\",\"publisher\":{\"@id\":\"https:\/\/ocucenter.com\/#organization\"},\"potentialAction\":[{\"@type\":\"SearchAction\",\"target\":{\"@type\":\"EntryPoint\",\"urlTemplate\":\"https:\/\/ocucenter.com\/?s={search_term_string}\"},\"query-input\":{\"@type\":\"PropertyValueSpecification\",\"valueRequired\":true,\"valueName\":\"search_term_string\"}}],\"inLanguage\":\"es\"},{\"@type\":\"Organization\",\"@id\":\"https:\/\/ocucenter.com\/#organization\",\"name\":\"Ocucenter | Salud Visual\",\"url\":\"https:\/\/ocucenter.com\/\",\"logo\":{\"@type\":\"ImageObject\",\"inLanguage\":\"es\",\"@id\":\"https:\/\/ocucenter.com\/#\/schema\/logo\/image\/\",\"url\":\"https:\/\/ocucenter.com\/wp-content\/uploads\/2025\/09\/icono.png\",\"contentUrl\":\"https:\/\/ocucenter.com\/wp-content\/uploads\/2025\/09\/icono.png\",\"width\":512,\"height\":512,\"caption\":\"Ocucenter | Salud Visual\"},\"image\":{\"@id\":\"https:\/\/ocucenter.com\/#\/schema\/logo\/image\/\"},\"sameAs\":[\"https:\/\/www.facebook.com\/profile.php?id=61572799346947\",\"https:\/\/www.instagram.com\/ocucenter_oftalmologia\/\",\"https:\/\/www.tiktok.com\/@ocucenter_oftalmologia\"]}]}<\/script>\n<!-- \/ Yoast SEO plugin. -->","yoast_head_json":{"title":"Coming Soon - Ocucenter | Salud Visual","robots":{"index":"index","follow":"follow","max-snippet":"max-snippet:-1","max-image-preview":"max-image-preview:large","max-video-preview":"max-video-preview:-1"},"canonical":"https:\/\/ocucenter.com\/index.php\/pages\/coming-soon\/","og_locale":"es_ES","og_type":"article","og_title":"Coming Soon - Ocucenter | Salud Visual","og_description":"[vc_row full_height=\u00bbyes\u00bb tlg_background_style=\u00bbbg-dark\u00bb tlg_enable_overlay=\u00bbyes\u00bb tlg_bg_gradient_type=\u00bbrotate\u00bb tlg_parallax=\u00bbnot-parallax\u00bb tlg_text_align=\u00bbtext-center\u00bb css=\u00bb.vc_custom_1565882683463{background-image: url(https:\/\/ocucenter.com\/wp-content\/uploads\/2019\/06\/friend-connections.jpg?id=8305) !important;}\u00bb tlg_bg_overlay_value=\u00bb9&#8243; tlg_bg_overlay=\u00bb#ffa3b5&#8243; tlg_bg_gradient_color=\u00bb#0000ef\u00bb el_class=\u00bbwhite-form\u00bb][vc_column][vc_row_inner][vc_column_inner width=\u00bb1\/4&#8243;][\/vc_column_inner][vc_column_inner width=\u00bb1\/2&#8243;][\/vc_column_inner][vc_column_inner width=\u00bb1\/4&#8243;][\/vc_column_inner][\/vc_row_inner][\/vc_column][\/vc_row]","og_url":"https:\/\/ocucenter.com\/index.php\/pages\/coming-soon\/","og_site_name":"Ocucenter | Salud Visual","article_publisher":"https:\/\/www.facebook.com\/profile.php?id=61572799346947","twitter_card":"summary_large_image","twitter_misc":{"Tiempo de lectura":"1 minuto"},"schema":{"@context":"https:\/\/schema.org","@graph":[{"@type":"WebPage","@id":"https:\/\/ocucenter.com\/index.php\/pages\/coming-soon\/","url":"https:\/\/ocucenter.com\/index.php\/pages\/coming-soon\/","name":"Coming Soon - Ocucenter | Salud Visual","isPartOf":{"@id":"https:\/\/ocucenter.com\/#website"},"datePublished":"2016-02-22T15:57:44+00:00","breadcrumb":{"@id":"https:\/\/ocucenter.com\/index.php\/pages\/coming-soon\/#breadcrumb"},"inLanguage":"es","potentialAction":[{"@type":"ReadAction","target":["https:\/\/ocucenter.com\/index.php\/pages\/coming-soon\/"]}]},{"@type":"BreadcrumbList","@id":"https:\/\/ocucenter.com\/index.php\/pages\/coming-soon\/#breadcrumb","itemListElement":[{"@type":"ListItem","position":1,"name":"Portada","item":"https:\/\/ocucenter.com\/"},{"@type":"ListItem","position":2,"name":"Pages","item":"https:\/\/ocucenter.com\/index.php\/pages\/"},{"@type":"ListItem","position":3,"name":"Coming Soon"}]},{"@type":"WebSite","@id":"https:\/\/ocucenter.com\/#website","url":"https:\/\/ocucenter.com\/","name":"Ocucenter | Salud Visual","description":"Consultas y descartes oftalmol\u00f3gicos en Bre\u00f1a, diagn\u00f3stico temprano","publisher":{"@id":"https:\/\/ocucenter.com\/#organization"},"potentialAction":[{"@type":"SearchAction","target":{"@type":"EntryPoint","urlTemplate":"https:\/\/ocucenter.com\/?s={search_term_string}"},"query-input":{"@type":"PropertyValueSpecification","valueRequired":true,"valueName":"search_term_string"}}],"inLanguage":"es"},{"@type":"Organization","@id":"https:\/\/ocucenter.com\/#organization","name":"Ocucenter | Salud Visual","url":"https:\/\/ocucenter.com\/","logo":{"@type":"ImageObject","inLanguage":"es","@id":"https:\/\/ocucenter.com\/#\/schema\/logo\/image\/","url":"https:\/\/ocucenter.com\/wp-content\/uploads\/2025\/09\/icono.png","contentUrl":"https:\/\/ocucenter.com\/wp-content\/uploads\/2025\/09\/icono.png","width":512,"height":512,"caption":"Ocucenter | Salud Visual"},"image":{"@id":"https:\/\/ocucenter.com\/#\/schema\/logo\/image\/"},"sameAs":["https:\/\/www.facebook.com\/profile.php?id=61572799346947","https:\/\/www.instagram.com\/ocucenter_oftalmologia\/","https:\/\/www.tiktok.com\/@ocucenter_oftalmologia"]}]}},"_links":{"self":[{"href":"https:\/\/ocucenter.com\/index.php\/wp-json\/wp\/v2\/pages\/1985","targetHints":{"allow":["GET"]}}],"collection":[{"href":"https:\/\/ocucenter.com\/index.php\/wp-json\/wp\/v2\/pages"}],"about":[{"href":"https:\/\/ocucenter.com\/index.php\/wp-json\/wp\/v2\/types\/page"}],"author":[{"embeddable":true,"href":"https:\/\/ocucenter.com\/index.php\/wp-json\/wp\/v2\/users\/1"}],"replies":[{"embeddable":true,"href":"https:\/\/ocucenter.com\/index.php\/wp-json\/wp\/v2\/comments?post=1985"}],"version-history":[{"count":0,"href":"https:\/\/ocucenter.com\/index.php\/wp-json\/wp\/v2\/pages\/1985\/revisions"}],"up":[{"embeddable":true,"href":"https:\/\/ocucenter.com\/index.php\/wp-json\/wp\/v2\/pages\/1951"}],"wp:attachment":[{"href":"https:\/\/ocucenter.com\/index.php\/wp-json\/wp\/v2\/media?parent=1985"}],"curies":[{"name":"wp","href":"https:\/\/api.w.org\/{rel}","templated":true}]}}