{"id":291,"date":"2015-12-09T09:02:13","date_gmt":"2015-12-09T09:02:13","guid":{"rendered":"http:\/\/demo.themelogi.com\/navian\/?page_id=291"},"modified":"2015-12-09T09:02:13","modified_gmt":"2015-12-09T09:02:13","slug":"skill-bar","status":"publish","type":"page","link":"https:\/\/ocucenter.com\/index.php\/elements\/skill-bar\/","title":{"rendered":"Skill Bar"},"content":{"rendered":"<p>[vc_row full_width=\u00bbstretch_row\u00bb tlg_equal_height=\u00bbequal-height\u00bb][vc_column width=\u00bb1\/2&#8243; css=\u00bb.vc_custom_1523981092488{padding-top: 8% !important;padding-right: 15% !important;padding-bottom: 8% !important;padding-left: 15% !important;}\u00bb]<div class=\" progress-bars standard\">\n\t\t\t\t\t<div style=\"\" class=\"maintitle capitalize\">Designs<\/div>\n\t\t\t\t\t<div class=\"meter primary\">\n\t\t\t\t\t\t<span style=\"width: 80%\">\n\t\t\t\t\t\t\t<strong style=\"\">80%<\/strong>\n\t\t\t\t\t\t<\/span>\n\t\t\t\t\t<\/div>\n\t\t\t\t<\/div><div class=\" progress-bars standard\">\n\t\t\t\t\t<div style=\"\" class=\"maintitle capitalize\">Photoshop<\/div>\n\t\t\t\t\t<div class=\"meter primary\">\n\t\t\t\t\t\t<span style=\"width: 58%\">\n\t\t\t\t\t\t\t<strong style=\"\">58%<\/strong>\n\t\t\t\t\t\t<\/span>\n\t\t\t\t\t<\/div>\n\t\t\t\t<\/div><div class=\" progress-bars standard\">\n\t\t\t\t\t<div style=\"\" class=\"maintitle capitalize\">Illustrator<\/div>\n\t\t\t\t\t<div class=\"meter primary\">\n\t\t\t\t\t\t<span style=\"width: 87%\">\n\t\t\t\t\t\t\t<strong style=\"\">87%<\/strong>\n\t\t\t\t\t\t<\/span>\n\t\t\t\t\t<\/div>\n\t\t\t\t<\/div><div class=\" progress-bars standard\">\n\t\t\t\t\t<div style=\"\" class=\"maintitle capitalize\">Movie Making<\/div>\n\t\t\t\t\t<div class=\"meter primary\">\n\t\t\t\t\t\t<span style=\"width: 64%\">\n\t\t\t\t\t\t\t<strong style=\"\">64%<\/strong>\n\t\t\t\t\t\t<\/span>\n\t\t\t\t\t<\/div>\n\t\t\t\t<\/div>[\/vc_column][vc_column width=\u00bb1\/2&#8243; css=\u00bb.vc_custom_1523981107944{padding-top: 8% !important;padding-right: 15% !important;padding-bottom: 8% !important;padding-left: 15% !important;background-color: #f2f2f2 !important;}\u00bb]<div class=\" progress-bars big-progress\">\n\t\t\t\t\t<div style=\"color:#49c5b6;\" class=\"maintitle capitalize\">Designs<\/div>\n\t\t\t\t\t<div class=\"meter primary\">\n\t\t\t\t\t\t<span style=\"background-color:#49c5b6;width: 80%\">\n\t\t\t\t\t\t\t<strong style=\"color:#49c5b6;\">80%<\/strong>\n\t\t\t\t\t\t<\/span>\n\t\t\t\t\t<\/div>\n\t\t\t\t<\/div><div class=\" progress-bars big-progress\">\n\t\t\t\t\t<div style=\"color:#49c5b6;\" class=\"maintitle capitalize\">Photoshop<\/div>\n\t\t\t\t\t<div class=\"meter primary\">\n\t\t\t\t\t\t<span style=\"background-color:#49c5b6;width: 58%\">\n\t\t\t\t\t\t\t<strong style=\"color:#49c5b6;\">58%<\/strong>\n\t\t\t\t\t\t<\/span>\n\t\t\t\t\t<\/div>\n\t\t\t\t<\/div><div class=\" progress-bars big-progress\">\n\t\t\t\t\t<div style=\"color:#49c5b6;\" class=\"maintitle capitalize\">Illustrator<\/div>\n\t\t\t\t\t<div class=\"meter primary\">\n\t\t\t\t\t\t<span style=\"background-color:#49c5b6;width: 87%\">\n\t\t\t\t\t\t\t<strong style=\"color:#49c5b6;\">87%<\/strong>\n\t\t\t\t\t\t<\/span>\n\t\t\t\t\t<\/div>\n\t\t\t\t<\/div><div class=\" progress-bars big-progress\">\n\t\t\t\t\t<div style=\"color:#49c5b6;\" class=\"maintitle capitalize\">Movie Making<\/div>\n\t\t\t\t\t<div class=\"meter primary\">\n\t\t\t\t\t\t<span style=\"background-color:#49c5b6;width: 64%\">\n\t\t\t\t\t\t\t<strong style=\"color:#49c5b6;\">64%<\/strong>\n\t\t\t\t\t\t<\/span>\n\t\t\t\t\t<\/div>\n\t\t\t\t<\/div>[\/vc_column][\/vc_row]<\/p>\n","protected":false},"excerpt":{"rendered":"<p>[vc_row full_width=\u00bbstretch_row\u00bb tlg_equal_height=\u00bbequal-height\u00bb][vc_column width=\u00bb1\/2&#8243; css=\u00bb.vc_custom_1523981092488{padding-top: 8% !important;padding-right: 15% !important;padding-bottom: 8% !important;padding-left: 15% !important;}\u00bb][\/vc_column][vc_column width=\u00bb1\/2&#8243; css=\u00bb.vc_custom_1523981107944{padding-top: 8% !important;padding-right: 15% !important;padding-bottom: 8% !important;padding-left: 15% !important;background-color: #f2f2f2 !important;}\u00bb][\/vc_column][\/vc_row]<\/p>\n","protected":false},"author":1,"featured_media":8306,"parent":133,"menu_order":0,"comment_status":"closed","ping_status":"closed","template":"","meta":{"footnotes":""},"class_list":["post-291","page","type-page","status-publish","has-post-thumbnail","hentry"],"yoast_head":"<!-- This site is optimized with the Yoast SEO plugin v26.0 - https:\/\/yoast.com\/wordpress\/plugins\/seo\/ -->\n<title>Skill Bar - Ocucenter | Salud Visual<\/title>\n<meta name=\"robots\" content=\"index, follow, max-snippet:-1, max-image-preview:large, max-video-preview:-1\" \/>\n<link rel=\"canonical\" href=\"https:\/\/ocucenter.com\/index.php\/elements\/skill-bar\/\" \/>\n<meta property=\"og:locale\" content=\"es_ES\" \/>\n<meta property=\"og:type\" content=\"article\" \/>\n<meta property=\"og:title\" content=\"Skill Bar - Ocucenter | Salud Visual\" \/>\n<meta property=\"og:description\" content=\"[vc_row full_width=\u00bbstretch_row\u00bb tlg_equal_height=\u00bbequal-height\u00bb][vc_column width=\u00bb1\/2&#8243; css=\u00bb.vc_custom_1523981092488{padding-top: 8% !important;padding-right: 15% !important;padding-bottom: 8% !important;padding-left: 15% !important;}\u00bb][\/vc_column][vc_column width=\u00bb1\/2&#8243; css=\u00bb.vc_custom_1523981107944{padding-top: 8% !important;padding-right: 15% !important;padding-bottom: 8% !important;padding-left: 15% !important;background-color: #f2f2f2 !important;}\u00bb][\/vc_column][\/vc_row]\" \/>\n<meta property=\"og:url\" content=\"https:\/\/ocucenter.com\/index.php\/elements\/skill-bar\/\" \/>\n<meta property=\"og:site_name\" content=\"Ocucenter | Salud Visual\" \/>\n<meta property=\"article:publisher\" content=\"https:\/\/www.facebook.com\/profile.php?id=61572799346947\" \/>\n<meta property=\"og:image\" content=\"https:\/\/ocucenter.com\/wp-content\/uploads\/2019\/06\/group-laps.jpg\" \/>\n\t<meta property=\"og:image:width\" content=\"1920\" \/>\n\t<meta property=\"og:image:height\" content=\"1278\" \/>\n\t<meta property=\"og:image:type\" content=\"image\/jpeg\" \/>\n<meta name=\"twitter:card\" content=\"summary_large_image\" \/>\n<meta name=\"twitter:label1\" content=\"Tiempo de lectura\" \/>\n\t<meta name=\"twitter:data1\" content=\"1 minuto\" \/>\n<script type=\"application\/ld+json\" class=\"yoast-schema-graph\">{\"@context\":\"https:\/\/schema.org\",\"@graph\":[{\"@type\":\"WebPage\",\"@id\":\"https:\/\/ocucenter.com\/index.php\/elements\/skill-bar\/\",\"url\":\"https:\/\/ocucenter.com\/index.php\/elements\/skill-bar\/\",\"name\":\"Skill Bar - Ocucenter | Salud Visual\",\"isPartOf\":{\"@id\":\"https:\/\/ocucenter.com\/#website\"},\"primaryImageOfPage\":{\"@id\":\"https:\/\/ocucenter.com\/index.php\/elements\/skill-bar\/#primaryimage\"},\"image\":{\"@id\":\"https:\/\/ocucenter.com\/index.php\/elements\/skill-bar\/#primaryimage\"},\"thumbnailUrl\":\"https:\/\/ocucenter.com\/wp-content\/uploads\/2019\/06\/group-laps.jpg\",\"datePublished\":\"2015-12-09T09:02:13+00:00\",\"breadcrumb\":{\"@id\":\"https:\/\/ocucenter.com\/index.php\/elements\/skill-bar\/#breadcrumb\"},\"inLanguage\":\"es\",\"potentialAction\":[{\"@type\":\"ReadAction\",\"target\":[\"https:\/\/ocucenter.com\/index.php\/elements\/skill-bar\/\"]}]},{\"@type\":\"ImageObject\",\"inLanguage\":\"es\",\"@id\":\"https:\/\/ocucenter.com\/index.php\/elements\/skill-bar\/#primaryimage\",\"url\":\"https:\/\/ocucenter.com\/wp-content\/uploads\/2019\/06\/group-laps.jpg\",\"contentUrl\":\"https:\/\/ocucenter.com\/wp-content\/uploads\/2019\/06\/group-laps.jpg\",\"width\":1920,\"height\":1278,\"caption\":\"Discussion\"},{\"@type\":\"BreadcrumbList\",\"@id\":\"https:\/\/ocucenter.com\/index.php\/elements\/skill-bar\/#breadcrumb\",\"itemListElement\":[{\"@type\":\"ListItem\",\"position\":1,\"name\":\"Portada\",\"item\":\"https:\/\/ocucenter.com\/\"},{\"@type\":\"ListItem\",\"position\":2,\"name\":\"Elements\",\"item\":\"https:\/\/ocucenter.com\/index.php\/elements\/\"},{\"@type\":\"ListItem\",\"position\":3,\"name\":\"Skill Bar\"}]},{\"@type\":\"WebSite\",\"@id\":\"https:\/\/ocucenter.com\/#website\",\"url\":\"https:\/\/ocucenter.com\/\",\"name\":\"Ocucenter | Salud Visual\",\"description\":\"Consultas y descartes oftalmol\u00f3gicos en Bre\u00f1a, diagn\u00f3stico temprano\",\"publisher\":{\"@id\":\"https:\/\/ocucenter.com\/#organization\"},\"potentialAction\":[{\"@type\":\"SearchAction\",\"target\":{\"@type\":\"EntryPoint\",\"urlTemplate\":\"https:\/\/ocucenter.com\/?s={search_term_string}\"},\"query-input\":{\"@type\":\"PropertyValueSpecification\",\"valueRequired\":true,\"valueName\":\"search_term_string\"}}],\"inLanguage\":\"es\"},{\"@type\":\"Organization\",\"@id\":\"https:\/\/ocucenter.com\/#organization\",\"name\":\"Ocucenter | Salud Visual\",\"url\":\"https:\/\/ocucenter.com\/\",\"logo\":{\"@type\":\"ImageObject\",\"inLanguage\":\"es\",\"@id\":\"https:\/\/ocucenter.com\/#\/schema\/logo\/image\/\",\"url\":\"https:\/\/ocucenter.com\/wp-content\/uploads\/2025\/09\/icono.png\",\"contentUrl\":\"https:\/\/ocucenter.com\/wp-content\/uploads\/2025\/09\/icono.png\",\"width\":512,\"height\":512,\"caption\":\"Ocucenter | Salud Visual\"},\"image\":{\"@id\":\"https:\/\/ocucenter.com\/#\/schema\/logo\/image\/\"},\"sameAs\":[\"https:\/\/www.facebook.com\/profile.php?id=61572799346947\",\"https:\/\/www.instagram.com\/ocucenter_oftalmologia\/\",\"https:\/\/www.tiktok.com\/@ocucenter_oftalmologia\"]}]}<\/script>\n<!-- \/ Yoast SEO plugin. -->","yoast_head_json":{"title":"Skill Bar - Ocucenter | Salud Visual","robots":{"index":"index","follow":"follow","max-snippet":"max-snippet:-1","max-image-preview":"max-image-preview:large","max-video-preview":"max-video-preview:-1"},"canonical":"https:\/\/ocucenter.com\/index.php\/elements\/skill-bar\/","og_locale":"es_ES","og_type":"article","og_title":"Skill Bar - Ocucenter | Salud Visual","og_description":"[vc_row full_width=\u00bbstretch_row\u00bb tlg_equal_height=\u00bbequal-height\u00bb][vc_column width=\u00bb1\/2&#8243; css=\u00bb.vc_custom_1523981092488{padding-top: 8% !important;padding-right: 15% !important;padding-bottom: 8% !important;padding-left: 15% !important;}\u00bb][\/vc_column][vc_column width=\u00bb1\/2&#8243; css=\u00bb.vc_custom_1523981107944{padding-top: 8% !important;padding-right: 15% !important;padding-bottom: 8% !important;padding-left: 15% !important;background-color: #f2f2f2 !important;}\u00bb][\/vc_column][\/vc_row]","og_url":"https:\/\/ocucenter.com\/index.php\/elements\/skill-bar\/","og_site_name":"Ocucenter | Salud Visual","article_publisher":"https:\/\/www.facebook.com\/profile.php?id=61572799346947","og_image":[{"width":1920,"height":1278,"url":"https:\/\/ocucenter.com\/wp-content\/uploads\/2019\/06\/group-laps.jpg","type":"image\/jpeg"}],"twitter_card":"summary_large_image","twitter_misc":{"Tiempo de lectura":"1 minuto"},"schema":{"@context":"https:\/\/schema.org","@graph":[{"@type":"WebPage","@id":"https:\/\/ocucenter.com\/index.php\/elements\/skill-bar\/","url":"https:\/\/ocucenter.com\/index.php\/elements\/skill-bar\/","name":"Skill Bar - Ocucenter | Salud Visual","isPartOf":{"@id":"https:\/\/ocucenter.com\/#website"},"primaryImageOfPage":{"@id":"https:\/\/ocucenter.com\/index.php\/elements\/skill-bar\/#primaryimage"},"image":{"@id":"https:\/\/ocucenter.com\/index.php\/elements\/skill-bar\/#primaryimage"},"thumbnailUrl":"https:\/\/ocucenter.com\/wp-content\/uploads\/2019\/06\/group-laps.jpg","datePublished":"2015-12-09T09:02:13+00:00","breadcrumb":{"@id":"https:\/\/ocucenter.com\/index.php\/elements\/skill-bar\/#breadcrumb"},"inLanguage":"es","potentialAction":[{"@type":"ReadAction","target":["https:\/\/ocucenter.com\/index.php\/elements\/skill-bar\/"]}]},{"@type":"ImageObject","inLanguage":"es","@id":"https:\/\/ocucenter.com\/index.php\/elements\/skill-bar\/#primaryimage","url":"https:\/\/ocucenter.com\/wp-content\/uploads\/2019\/06\/group-laps.jpg","contentUrl":"https:\/\/ocucenter.com\/wp-content\/uploads\/2019\/06\/group-laps.jpg","width":1920,"height":1278,"caption":"Discussion"},{"@type":"BreadcrumbList","@id":"https:\/\/ocucenter.com\/index.php\/elements\/skill-bar\/#breadcrumb","itemListElement":[{"@type":"ListItem","position":1,"name":"Portada","item":"https:\/\/ocucenter.com\/"},{"@type":"ListItem","position":2,"name":"Elements","item":"https:\/\/ocucenter.com\/index.php\/elements\/"},{"@type":"ListItem","position":3,"name":"Skill Bar"}]},{"@type":"WebSite","@id":"https:\/\/ocucenter.com\/#website","url":"https:\/\/ocucenter.com\/","name":"Ocucenter | Salud Visual","description":"Consultas y descartes oftalmol\u00f3gicos en Bre\u00f1a, diagn\u00f3stico temprano","publisher":{"@id":"https:\/\/ocucenter.com\/#organization"},"potentialAction":[{"@type":"SearchAction","target":{"@type":"EntryPoint","urlTemplate":"https:\/\/ocucenter.com\/?s={search_term_string}"},"query-input":{"@type":"PropertyValueSpecification","valueRequired":true,"valueName":"search_term_string"}}],"inLanguage":"es"},{"@type":"Organization","@id":"https:\/\/ocucenter.com\/#organization","name":"Ocucenter | Salud Visual","url":"https:\/\/ocucenter.com\/","logo":{"@type":"ImageObject","inLanguage":"es","@id":"https:\/\/ocucenter.com\/#\/schema\/logo\/image\/","url":"https:\/\/ocucenter.com\/wp-content\/uploads\/2025\/09\/icono.png","contentUrl":"https:\/\/ocucenter.com\/wp-content\/uploads\/2025\/09\/icono.png","width":512,"height":512,"caption":"Ocucenter | Salud Visual"},"image":{"@id":"https:\/\/ocucenter.com\/#\/schema\/logo\/image\/"},"sameAs":["https:\/\/www.facebook.com\/profile.php?id=61572799346947","https:\/\/www.instagram.com\/ocucenter_oftalmologia\/","https:\/\/www.tiktok.com\/@ocucenter_oftalmologia"]}]}},"_links":{"self":[{"href":"https:\/\/ocucenter.com\/index.php\/wp-json\/wp\/v2\/pages\/291","targetHints":{"allow":["GET"]}}],"collection":[{"href":"https:\/\/ocucenter.com\/index.php\/wp-json\/wp\/v2\/pages"}],"about":[{"href":"https:\/\/ocucenter.com\/index.php\/wp-json\/wp\/v2\/types\/page"}],"author":[{"embeddable":true,"href":"https:\/\/ocucenter.com\/index.php\/wp-json\/wp\/v2\/users\/1"}],"replies":[{"embeddable":true,"href":"https:\/\/ocucenter.com\/index.php\/wp-json\/wp\/v2\/comments?post=291"}],"version-history":[{"count":0,"href":"https:\/\/ocucenter.com\/index.php\/wp-json\/wp\/v2\/pages\/291\/revisions"}],"up":[{"embeddable":true,"href":"https:\/\/ocucenter.com\/index.php\/wp-json\/wp\/v2\/pages\/133"}],"wp:featuredmedia":[{"embeddable":true,"href":"https:\/\/ocucenter.com\/index.php\/wp-json\/wp\/v2\/media\/8306"}],"wp:attachment":[{"href":"https:\/\/ocucenter.com\/index.php\/wp-json\/wp\/v2\/media?parent=291"}],"curies":[{"name":"wp","href":"https:\/\/api.w.org\/{rel}","templated":true}]}}