{"id":318,"date":"2015-12-11T01:53:48","date_gmt":"2015-12-11T01:53:48","guid":{"rendered":"http:\/\/demo.themelogi.com\/navian\/?page_id=318"},"modified":"2015-12-11T01:53:48","modified_gmt":"2015-12-11T01:53:48","slug":"button","status":"publish","type":"page","link":"https:\/\/ocucenter.com\/index.php\/elements\/button\/","title":{"rendered":"Button"},"content":{"rendered":"<p>[vc_row][vc_column width=\u00bb1\/2&#8243;]<div class=\"headings-title \"><div class=\"mb40 mb-xs-40 text-left\"><h5  class=\"widgettitle\">Button Sizes<\/h5><div class=\"divider-wrap\"><div class=\"tlg-divider \" style=\"\"><\/div><\/div><\/div><\/div><div class=\" inline-block text-\"><a  id=\"btn-69e1f44ebce57\" class=\"btn btn-filled btn-xs   btn-sm-sm\" href= \"#\" target=\"_self\" >Mini Size<\/a><\/div><div class=\" inline-block text-\"><a  id=\"btn-69e1f44ebceed\" class=\"btn btn-filled btn-sm   btn-sm-sm\" href= \"#\" target=\"_self\" >Small Size<\/a><\/div><div class=\" inline-block text-\"><a  id=\"btn-69e1f44ebcf2c\" class=\"btn btn-filled    btn-sm-sm\" href= \"#\" target=\"_self\" >Normal Size<\/a><\/div><div class=\" inline-block text-\"><a  id=\"btn-69e1f44ebcf56\" class=\"btn btn-filled btn-lg   btn-sm-sm\" href= \"#\" target=\"_self\" >Large Size<\/a><\/div><div class=\"tlg-spacer  \" data-height=\"30\" data-height-tablet=\"30\" data-height-mobile=\"30\" style=\"clear:both;display:block;height:30px;\"><\/div><div class=\" text-\"><a  id=\"btn-69e1f44ebcf8d\" class=\"btn btn-filled btn-block   btn-sm-sm\" href= \"#\" target=\"_self\" >Block Size<\/a><\/div>[\/vc_column][vc_column width=\u00bb1\/2&#8243;]<div class=\"headings-title \"><div class=\"mb40 mb-xs-40 text-left\"><h5  class=\"widgettitle\">Icon Buttons<\/h5><div class=\"divider-wrap\"><div class=\"tlg-divider \" style=\"\"><\/div><\/div><\/div><\/div><div class=\" inline-block text-\"><a  id=\"btn-69e1f44ebcfca\" class=\"btn btn-filled btn-rounded  ti-hand-point-right  btn-sm-sm\" href= \"#\" target=\"_self\" >Icon Button<\/a><\/div><div class=\" inline-block text-\"><a  id=\"btn-69e1f44ebcfeb\" class=\"btn btn-filled btn-rounded  ti-zoom-in  btn-sm-sm\" href= \"#\" target=\"_self\" >Icon Button<\/a><\/div><div class=\" inline-block text-\"><a  id=\"btn-69e1f44ebd00d\" class=\"btn btn-rounded  ti-user  btn-sm-sm\" href= \"#\" target=\"_self\" >Icon Button<\/a><\/div><div class=\"tlg-spacer  \" data-height=\"30\" data-height-tablet=\"30\" data-height-mobile=\"30\" style=\"clear:both;display:block;height:30px;\"><\/div><div class=\" inline-block text-\"><a  id=\"btn-69e1f44ebd049\" class=\"btn btn-filled    btn-sm-sm\" href= \"#\" target=\"_self\" >Icon Button<i class=\"ti-heart\"><\/i><\/a><\/div><div class=\" inline-block text-\"><a  id=\"btn-69e1f44ebd06c\" class=\"btn btn-filled    btn-sm-sm\" href= \"#\" target=\"_self\" >Icon Button<i class=\"ti-shopping-cart\"><\/i><\/a><\/div><div class=\" inline-block text-\"><a  id=\"btn-69e1f44ebd08d\" class=\"btn    btn-sm-sm\" href= \"#\" target=\"_self\" >Icon Button<i class=\"ti-panel\"><\/i><\/a><\/div>[\/vc_column][\/vc_row][vc_row tlg_background_style=\u00bbbg-secondary\u00bb][vc_column width=\u00bb1\/2&#8243;]<div class=\"headings-title \"><div class=\"mb40 mb-xs-40 text-left\"><h5  class=\"widgettitle\">Rounded Buttons<\/h5><div class=\"divider-wrap\"><div class=\"tlg-divider \" style=\"\"><\/div><\/div><\/div><\/div><div class=\" inline-block text-\"><a  id=\"btn-69e1f44ebd0c0\" class=\"btn btn-filled btn-rounded    btn-sm-sm\" href= \"#\" target=\"_self\" >Sample Button<\/a><\/div><div class=\" inline-block text-\"><a style=\"color:#222222;background:#dddddd;border-color:#dddddd;\" id=\"btn-69e1f44ebd0e8\" class=\"btn btn-rounded    btn-sm-sm\" href= \"#\" target=\"_self\" >Sample Button<\/a><\/div><script type=\"text\/javascript\">jQuery(document).ready(function(){jQuery('head').append('<style type=\"text\/css\" id=\"tlg-custom-css-btn-69e1f44ebd0e8\">#btn-69e1f44ebd0e8:hover{color:#222222!important;background:#cccccc!important;border-color:#cccccc!important;}<\/style>');});<\/script><div class=\" inline-block text-\"><a  id=\"btn-69e1f44ebd10d\" class=\"btn btn-rounded    btn-sm-sm\" href= \"#\" target=\"_self\" >Sample Button<\/a><\/div><div class=\" inline-block text-\"><a style=\"color:#8e8e8e;background:transparent;border-color:#8e8e8e;\" id=\"btn-69e1f44ebd132\" class=\"btn btn-rounded    btn-sm-sm\" href= \"#\" target=\"_self\" >Sample Button<\/a><\/div><script type=\"text\/javascript\">jQuery(document).ready(function(){jQuery('head').append('<style type=\"text\/css\" id=\"tlg-custom-css-btn-69e1f44ebd132\">#btn-69e1f44ebd132:hover{color:#454545!important;background:transparent!important;border-color:#454545!important;}<\/style>');});<\/script><div class=\" inline-block text-\"><a  id=\"btn-69e1f44ebd152\" class=\"btn btn-filled btn-dark btn-rounded    btn-sm-sm\" href= \"#\" target=\"_self\" >Sample Button<\/a><\/div>[\/vc_column][vc_column width=\u00bb1\/2&#8243;]<div class=\"headings-title \"><div class=\"mb40 mb-xs-40 text-left\"><h5  class=\"widgettitle\">Flat Color Buttons<\/h5><div class=\"divider-wrap\"><div class=\"tlg-divider \" style=\"\"><\/div><\/div><\/div><\/div><div class=\" inline-block text-\"><a  id=\"btn-69e1f44ebd180\" class=\"btn btn-filled btn-flat    btn-sm-sm\" href= \"#\" target=\"_self\" >Sample Button<\/a><\/div><div class=\" inline-block text-\"><a style=\"color:#ffffff;background:#00bcd4;border-color:#00bcd4;\" id=\"btn-69e1f44ebd1a3\" class=\"btn border-radius-0    btn-sm-sm\" href= \"#\" target=\"_self\" >Sample Button<\/a><\/div><script type=\"text\/javascript\">jQuery(document).ready(function(){jQuery('head').append('<style type=\"text\/css\" id=\"tlg-custom-css-btn-69e1f44ebd1a3\">#btn-69e1f44ebd1a3:hover{color:#ffffff!important;background:#b8b8b8!important;border-color:#b8b8b8!important;}<\/style>');});<\/script><div class=\" inline-block text-\"><a style=\"color:#ffffff;background:#c8a559;border-color:#c8a559;\" id=\"btn-69e1f44ebd1dc\" class=\"btn border-radius-0    btn-sm-sm\" href= \"#\" target=\"_self\" >Sample Button<\/a><\/div><script type=\"text\/javascript\">jQuery(document).ready(function(){jQuery('head').append('<style type=\"text\/css\" id=\"tlg-custom-css-btn-69e1f44ebd1dc\">#btn-69e1f44ebd1dc:hover{color:#ffffff!important;background:#b8b8b8!important;border-color:#b8b8b8!important;}<\/style>');});<\/script><div class=\" inline-block text-\"><a style=\"color:#ffffff;background:#1b1b1c;border-color:#1b1b1c;\" id=\"btn-69e1f44ebd206\" class=\"btn border-radius-0    btn-sm-sm\" href= \"#\" target=\"_self\" >Sample Button<\/a><\/div><script type=\"text\/javascript\">jQuery(document).ready(function(){jQuery('head').append('<style type=\"text\/css\" id=\"tlg-custom-css-btn-69e1f44ebd206\">#btn-69e1f44ebd206:hover{color:#ffffff!important;background:#b8b8b8!important;border-color:#b8b8b8!important;}<\/style>');});<\/script><div class=\" inline-block text-\"><a style=\"color:#222222;background:transparent;border-color:#b8b8b8;\" id=\"btn-69e1f44ebd22b\" class=\"btn border-radius-0    btn-sm-sm\" href= \"#\" target=\"_self\" >Sample Button<\/a><\/div><script type=\"text\/javascript\">jQuery(document).ready(function(){jQuery('head').append('<style type=\"text\/css\" id=\"tlg-custom-css-btn-69e1f44ebd22b\">#btn-69e1f44ebd22b:hover{color:#ffffff!important;background:#b8b8b8!important;border-color:#b8b8b8!important;}<\/style>');});<\/script>[\/vc_column][\/vc_row]<\/p>\n","protected":false},"excerpt":{"rendered":"<p>[vc_row][vc_column width=\u00bb1\/2&#8243;][\/vc_column][vc_column width=\u00bb1\/2&#8243;][\/vc_column][\/vc_row][vc_row tlg_background_style=\u00bbbg-secondary\u00bb][vc_column width=\u00bb1\/2&#8243;][\/vc_column][vc_column width=\u00bb1\/2&#8243;][\/vc_column][\/vc_row]<\/p>\n","protected":false},"author":1,"featured_media":7302,"parent":133,"menu_order":0,"comment_status":"closed","ping_status":"closed","template":"","meta":{"footnotes":""},"class_list":["post-318","page","type-page","status-publish","has-post-thumbnail","hentry"],"yoast_head":"<!-- This site is optimized with the Yoast SEO plugin v26.0 - https:\/\/yoast.com\/wordpress\/plugins\/seo\/ -->\n<title>Button - Ocucenter | Salud Visual<\/title>\n<meta name=\"robots\" content=\"index, follow, max-snippet:-1, max-image-preview:large, max-video-preview:-1\" \/>\n<link rel=\"canonical\" href=\"https:\/\/ocucenter.com\/index.php\/elements\/button\/\" \/>\n<meta property=\"og:locale\" content=\"es_ES\" \/>\n<meta property=\"og:type\" content=\"article\" \/>\n<meta property=\"og:title\" content=\"Button - Ocucenter | Salud Visual\" \/>\n<meta property=\"og:description\" content=\"[vc_row][vc_column width=\u00bb1\/2&#8243;][\/vc_column][vc_column width=\u00bb1\/2&#8243;][\/vc_column][\/vc_row][vc_row tlg_background_style=\u00bbbg-secondary\u00bb][vc_column width=\u00bb1\/2&#8243;][\/vc_column][vc_column width=\u00bb1\/2&#8243;][\/vc_column][\/vc_row]\" \/>\n<meta property=\"og:url\" content=\"https:\/\/ocucenter.com\/index.php\/elements\/button\/\" \/>\n<meta property=\"og:site_name\" content=\"Ocucenter | Salud Visual\" \/>\n<meta property=\"article:publisher\" content=\"https:\/\/www.facebook.com\/profile.php?id=61572799346947\" \/>\n<meta property=\"og:image\" content=\"https:\/\/ocucenter.com\/wp-content\/uploads\/2018\/05\/brooke-cagle.jpg\" \/>\n\t<meta property=\"og:image:width\" content=\"1920\" \/>\n\t<meta property=\"og:image:height\" content=\"1280\" \/>\n\t<meta property=\"og:image:type\" content=\"image\/jpeg\" \/>\n<meta name=\"twitter:card\" content=\"summary_large_image\" \/>\n<meta name=\"twitter:label1\" content=\"Tiempo de lectura\" \/>\n\t<meta name=\"twitter:data1\" content=\"3 minutos\" \/>\n<script type=\"application\/ld+json\" class=\"yoast-schema-graph\">{\"@context\":\"https:\/\/schema.org\",\"@graph\":[{\"@type\":\"WebPage\",\"@id\":\"https:\/\/ocucenter.com\/index.php\/elements\/button\/\",\"url\":\"https:\/\/ocucenter.com\/index.php\/elements\/button\/\",\"name\":\"Button - Ocucenter | Salud Visual\",\"isPartOf\":{\"@id\":\"https:\/\/ocucenter.com\/#website\"},\"primaryImageOfPage\":{\"@id\":\"https:\/\/ocucenter.com\/index.php\/elements\/button\/#primaryimage\"},\"image\":{\"@id\":\"https:\/\/ocucenter.com\/index.php\/elements\/button\/#primaryimage\"},\"thumbnailUrl\":\"https:\/\/ocucenter.com\/wp-content\/uploads\/2018\/05\/brooke-cagle.jpg\",\"datePublished\":\"2015-12-11T01:53:48+00:00\",\"breadcrumb\":{\"@id\":\"https:\/\/ocucenter.com\/index.php\/elements\/button\/#breadcrumb\"},\"inLanguage\":\"es\",\"potentialAction\":[{\"@type\":\"ReadAction\",\"target\":[\"https:\/\/ocucenter.com\/index.php\/elements\/button\/\"]}]},{\"@type\":\"ImageObject\",\"inLanguage\":\"es\",\"@id\":\"https:\/\/ocucenter.com\/index.php\/elements\/button\/#primaryimage\",\"url\":\"https:\/\/ocucenter.com\/wp-content\/uploads\/2018\/05\/brooke-cagle.jpg\",\"contentUrl\":\"https:\/\/ocucenter.com\/wp-content\/uploads\/2018\/05\/brooke-cagle.jpg\",\"width\":1920,\"height\":1280},{\"@type\":\"BreadcrumbList\",\"@id\":\"https:\/\/ocucenter.com\/index.php\/elements\/button\/#breadcrumb\",\"itemListElement\":[{\"@type\":\"ListItem\",\"position\":1,\"name\":\"Portada\",\"item\":\"https:\/\/ocucenter.com\/\"},{\"@type\":\"ListItem\",\"position\":2,\"name\":\"Elements\",\"item\":\"https:\/\/ocucenter.com\/index.php\/elements\/\"},{\"@type\":\"ListItem\",\"position\":3,\"name\":\"Button\"}]},{\"@type\":\"WebSite\",\"@id\":\"https:\/\/ocucenter.com\/#website\",\"url\":\"https:\/\/ocucenter.com\/\",\"name\":\"Ocucenter | Salud Visual\",\"description\":\"Consultas y descartes oftalmol\u00f3gicos en Bre\u00f1a, diagn\u00f3stico temprano\",\"publisher\":{\"@id\":\"https:\/\/ocucenter.com\/#organization\"},\"potentialAction\":[{\"@type\":\"SearchAction\",\"target\":{\"@type\":\"EntryPoint\",\"urlTemplate\":\"https:\/\/ocucenter.com\/?s={search_term_string}\"},\"query-input\":{\"@type\":\"PropertyValueSpecification\",\"valueRequired\":true,\"valueName\":\"search_term_string\"}}],\"inLanguage\":\"es\"},{\"@type\":\"Organization\",\"@id\":\"https:\/\/ocucenter.com\/#organization\",\"name\":\"Ocucenter | Salud Visual\",\"url\":\"https:\/\/ocucenter.com\/\",\"logo\":{\"@type\":\"ImageObject\",\"inLanguage\":\"es\",\"@id\":\"https:\/\/ocucenter.com\/#\/schema\/logo\/image\/\",\"url\":\"https:\/\/ocucenter.com\/wp-content\/uploads\/2025\/09\/icono.png\",\"contentUrl\":\"https:\/\/ocucenter.com\/wp-content\/uploads\/2025\/09\/icono.png\",\"width\":512,\"height\":512,\"caption\":\"Ocucenter | Salud Visual\"},\"image\":{\"@id\":\"https:\/\/ocucenter.com\/#\/schema\/logo\/image\/\"},\"sameAs\":[\"https:\/\/www.facebook.com\/profile.php?id=61572799346947\",\"https:\/\/www.instagram.com\/ocucenter_oftalmologia\/\",\"https:\/\/www.tiktok.com\/@ocucenter_oftalmologia\"]}]}<\/script>\n<!-- \/ Yoast SEO plugin. -->","yoast_head_json":{"title":"Button - Ocucenter | Salud Visual","robots":{"index":"index","follow":"follow","max-snippet":"max-snippet:-1","max-image-preview":"max-image-preview:large","max-video-preview":"max-video-preview:-1"},"canonical":"https:\/\/ocucenter.com\/index.php\/elements\/button\/","og_locale":"es_ES","og_type":"article","og_title":"Button - Ocucenter | Salud Visual","og_description":"[vc_row][vc_column width=\u00bb1\/2&#8243;][\/vc_column][vc_column width=\u00bb1\/2&#8243;][\/vc_column][\/vc_row][vc_row tlg_background_style=\u00bbbg-secondary\u00bb][vc_column width=\u00bb1\/2&#8243;][\/vc_column][vc_column width=\u00bb1\/2&#8243;][\/vc_column][\/vc_row]","og_url":"https:\/\/ocucenter.com\/index.php\/elements\/button\/","og_site_name":"Ocucenter | Salud Visual","article_publisher":"https:\/\/www.facebook.com\/profile.php?id=61572799346947","og_image":[{"width":1920,"height":1280,"url":"https:\/\/ocucenter.com\/wp-content\/uploads\/2018\/05\/brooke-cagle.jpg","type":"image\/jpeg"}],"twitter_card":"summary_large_image","twitter_misc":{"Tiempo de lectura":"3 minutos"},"schema":{"@context":"https:\/\/schema.org","@graph":[{"@type":"WebPage","@id":"https:\/\/ocucenter.com\/index.php\/elements\/button\/","url":"https:\/\/ocucenter.com\/index.php\/elements\/button\/","name":"Button - Ocucenter | Salud Visual","isPartOf":{"@id":"https:\/\/ocucenter.com\/#website"},"primaryImageOfPage":{"@id":"https:\/\/ocucenter.com\/index.php\/elements\/button\/#primaryimage"},"image":{"@id":"https:\/\/ocucenter.com\/index.php\/elements\/button\/#primaryimage"},"thumbnailUrl":"https:\/\/ocucenter.com\/wp-content\/uploads\/2018\/05\/brooke-cagle.jpg","datePublished":"2015-12-11T01:53:48+00:00","breadcrumb":{"@id":"https:\/\/ocucenter.com\/index.php\/elements\/button\/#breadcrumb"},"inLanguage":"es","potentialAction":[{"@type":"ReadAction","target":["https:\/\/ocucenter.com\/index.php\/elements\/button\/"]}]},{"@type":"ImageObject","inLanguage":"es","@id":"https:\/\/ocucenter.com\/index.php\/elements\/button\/#primaryimage","url":"https:\/\/ocucenter.com\/wp-content\/uploads\/2018\/05\/brooke-cagle.jpg","contentUrl":"https:\/\/ocucenter.com\/wp-content\/uploads\/2018\/05\/brooke-cagle.jpg","width":1920,"height":1280},{"@type":"BreadcrumbList","@id":"https:\/\/ocucenter.com\/index.php\/elements\/button\/#breadcrumb","itemListElement":[{"@type":"ListItem","position":1,"name":"Portada","item":"https:\/\/ocucenter.com\/"},{"@type":"ListItem","position":2,"name":"Elements","item":"https:\/\/ocucenter.com\/index.php\/elements\/"},{"@type":"ListItem","position":3,"name":"Button"}]},{"@type":"WebSite","@id":"https:\/\/ocucenter.com\/#website","url":"https:\/\/ocucenter.com\/","name":"Ocucenter | Salud Visual","description":"Consultas y descartes oftalmol\u00f3gicos en Bre\u00f1a, diagn\u00f3stico temprano","publisher":{"@id":"https:\/\/ocucenter.com\/#organization"},"potentialAction":[{"@type":"SearchAction","target":{"@type":"EntryPoint","urlTemplate":"https:\/\/ocucenter.com\/?s={search_term_string}"},"query-input":{"@type":"PropertyValueSpecification","valueRequired":true,"valueName":"search_term_string"}}],"inLanguage":"es"},{"@type":"Organization","@id":"https:\/\/ocucenter.com\/#organization","name":"Ocucenter | Salud Visual","url":"https:\/\/ocucenter.com\/","logo":{"@type":"ImageObject","inLanguage":"es","@id":"https:\/\/ocucenter.com\/#\/schema\/logo\/image\/","url":"https:\/\/ocucenter.com\/wp-content\/uploads\/2025\/09\/icono.png","contentUrl":"https:\/\/ocucenter.com\/wp-content\/uploads\/2025\/09\/icono.png","width":512,"height":512,"caption":"Ocucenter | Salud Visual"},"image":{"@id":"https:\/\/ocucenter.com\/#\/schema\/logo\/image\/"},"sameAs":["https:\/\/www.facebook.com\/profile.php?id=61572799346947","https:\/\/www.instagram.com\/ocucenter_oftalmologia\/","https:\/\/www.tiktok.com\/@ocucenter_oftalmologia"]}]}},"_links":{"self":[{"href":"https:\/\/ocucenter.com\/index.php\/wp-json\/wp\/v2\/pages\/318","targetHints":{"allow":["GET"]}}],"collection":[{"href":"https:\/\/ocucenter.com\/index.php\/wp-json\/wp\/v2\/pages"}],"about":[{"href":"https:\/\/ocucenter.com\/index.php\/wp-json\/wp\/v2\/types\/page"}],"author":[{"embeddable":true,"href":"https:\/\/ocucenter.com\/index.php\/wp-json\/wp\/v2\/users\/1"}],"replies":[{"embeddable":true,"href":"https:\/\/ocucenter.com\/index.php\/wp-json\/wp\/v2\/comments?post=318"}],"version-history":[{"count":0,"href":"https:\/\/ocucenter.com\/index.php\/wp-json\/wp\/v2\/pages\/318\/revisions"}],"up":[{"embeddable":true,"href":"https:\/\/ocucenter.com\/index.php\/wp-json\/wp\/v2\/pages\/133"}],"wp:featuredmedia":[{"embeddable":true,"href":"https:\/\/ocucenter.com\/index.php\/wp-json\/wp\/v2\/media\/7302"}],"wp:attachment":[{"href":"https:\/\/ocucenter.com\/index.php\/wp-json\/wp\/v2\/media?parent=318"}],"curies":[{"name":"wp","href":"https:\/\/api.w.org\/{rel}","templated":true}]}}