{"id":5547,"date":"2017-03-13T09:46:57","date_gmt":"2017-03-13T09:46:57","guid":{"rendered":"http:\/\/demo.themelogi.com\/navian\/?page_id=5547"},"modified":"2017-03-13T09:46:57","modified_gmt":"2017-03-13T09:46:57","slug":"process-steps","status":"publish","type":"page","link":"https:\/\/ocucenter.com\/index.php\/elements\/process-steps\/","title":{"rendered":"Process Steps"},"content":{"rendered":"<p>[vc_row tlg_text_align=\u00bbtext-center\u00bb][vc_column]<div class=\"headings-title \"><div class=\"mb70 mb-xs-40 text-center\"><h5  class=\"widgettitle\">Standard<\/h5><div class=\"divider-wrap\"><div class=\"tlg-divider \" style=\"\"><\/div><\/div><\/div><\/div><div id=\"step-69f426a1517de\" class=\" steps-content steps-style-1 \"><ol class=\"steps\"><li id=\"step-item-69f426a15187a\" class=\"steps-item\"><a class=\"inherit\" href= \"#\" target=\"_self\" >\r\n\t\t\t\t\t<div class=\"steps-item-inner\" style=\"\"><div class=\"steps-icon\"><i style=\"color:#fa4e40;\" class=\"ti-thought inline-block\"><\/i><\/div><div class=\"steps-main\">\r\n\t\t\t\t\t\t\t<h5 class=\"step-title\" style=\"\"><span>1. Planning & Research<\/span><\/h5>\r\n\t\t\t\t\t\t\t<div class=\"step-content\" style=\"\">Process the desire<\/div>\r\n\t\t\t\t\t\t<\/div>\r\n\t\t\t\t\t<\/div><\/a><script type=\"text\/javascript\">jQuery(document).ready(function(){jQuery('head').append('<style type=\"text\/css\" id=\"tlg-custom-css-step-item-69f426a15187a\">.steps-style-1 #step-item-69f426a15187a:hover .steps-item-inner{background:#fa4e40!important;}.steps-style-2 #step-item-69f426a15187a:hover .steps-item-inner .steps-icon i{background:#fa4e40!important;}#step-item-69f426a15187a:hover .steps-item-inner i{color:#ffffff!important;}#step-item-69f426a15187a:hover .steps-item-inner .step-title, #step-item-69f426a15187a:hover .steps-item-inner .step-content{color:#ffffff!important;}<\/style>');});<\/script>\r\n\t\t\t\t<\/li><li id=\"step-item-69f426a15192d\" class=\"steps-item\"><a class=\"inherit\" href= \"#\" target=\"_self\" >\r\n\t\t\t\t\t<div class=\"steps-item-inner\" style=\"\"><div class=\"steps-icon\"><i style=\"color:#42a80f;\" class=\"ti-vector inline-block\"><\/i><\/div><div class=\"steps-main\">\r\n\t\t\t\t\t\t\t<h5 class=\"step-title\" style=\"\"><span>2. Design & Coding<\/span><\/h5>\r\n\t\t\t\t\t\t\t<div class=\"step-content\" style=\"\">How to evaluation staff<\/div>\r\n\t\t\t\t\t\t<\/div>\r\n\t\t\t\t\t<\/div><\/a><script type=\"text\/javascript\">jQuery(document).ready(function(){jQuery('head').append('<style type=\"text\/css\" id=\"tlg-custom-css-step-item-69f426a15192d\">.steps-style-1 #step-item-69f426a15192d:hover .steps-item-inner{background:#42a80f!important;}.steps-style-2 #step-item-69f426a15192d:hover .steps-item-inner .steps-icon i{background:#42a80f!important;}#step-item-69f426a15192d:hover .steps-item-inner i{color:#ffffff!important;}#step-item-69f426a15192d:hover .steps-item-inner .step-title, #step-item-69f426a15192d:hover .steps-item-inner .step-content{color:#ffffff!important;}<\/style>');});<\/script>\r\n\t\t\t\t<\/li><li id=\"step-item-69f426a15195d\" class=\"steps-item\"><a class=\"inherit\" href= \"#\" target=\"_self\" >\r\n\t\t\t\t\t<div class=\"steps-item-inner\" style=\"\"><div class=\"steps-icon\"><i style=\"color:#49c5b6;\" class=\"ti-bag inline-block\"><\/i><\/div><div class=\"steps-main\">\r\n\t\t\t\t\t\t\t<h5 class=\"step-title\" style=\"\"><span>3. Editing Content<\/span><\/h5>\r\n\t\t\t\t\t\t\t<div class=\"step-content\" style=\"\">Process the capabilities<\/div>\r\n\t\t\t\t\t\t<\/div>\r\n\t\t\t\t\t<\/div><\/a><script type=\"text\/javascript\">jQuery(document).ready(function(){jQuery('head').append('<style type=\"text\/css\" id=\"tlg-custom-css-step-item-69f426a15195d\">.steps-style-1 #step-item-69f426a15195d:hover .steps-item-inner{background:#49c5b6!important;}.steps-style-2 #step-item-69f426a15195d:hover .steps-item-inner .steps-icon i{background:#49c5b6!important;}#step-item-69f426a15195d:hover .steps-item-inner i{color:#ffffff!important;}#step-item-69f426a15195d:hover .steps-item-inner .step-title, #step-item-69f426a15195d:hover .steps-item-inner .step-content{color:#ffffff!important;}<\/style>');});<\/script>\r\n\t\t\t\t<\/li><li id=\"step-item-69f426a15198b\" class=\"steps-item\"><a class=\"inherit\" href= \"#\" target=\"_self\" >\r\n\t\t\t\t\t<div class=\"steps-item-inner\" style=\"\"><div class=\"steps-icon\"><i style=\"color:#eb4c49;\" class=\"ti-user inline-block\"><\/i><\/div><div class=\"steps-main\">\r\n\t\t\t\t\t\t\t<h5 class=\"step-title\" style=\"\"><span>4. Launch & Manage<\/span><\/h5>\r\n\t\t\t\t\t\t\t<div class=\"step-content\" style=\"\">Perfomance Objectives<\/div>\r\n\t\t\t\t\t\t<\/div>\r\n\t\t\t\t\t<\/div><\/a><script type=\"text\/javascript\">jQuery(document).ready(function(){jQuery('head').append('<style type=\"text\/css\" id=\"tlg-custom-css-step-item-69f426a15198b\">.steps-style-1 #step-item-69f426a15198b:hover .steps-item-inner{background:#eb4c49!important;}.steps-style-2 #step-item-69f426a15198b:hover .steps-item-inner .steps-icon i{background:#eb4c49!important;}#step-item-69f426a15198b:hover .steps-item-inner i{color:#ffffff!important;}#step-item-69f426a15198b:hover .steps-item-inner .step-title, #step-item-69f426a15198b:hover .steps-item-inner .step-content{color:#ffffff!important;}<\/style>');});<\/script>\r\n\t\t\t\t<\/li><\/ol><\/div>[\/vc_column][\/vc_row][vc_row tlg_background_style=\u00bbbg-secondary\u00bb tlg_text_align=\u00bbtext-center\u00bb][vc_column]<div class=\"headings-title \"><div class=\"mb70 mb-xs-40 text-center\"><h5  class=\"widgettitle\">Rounded<\/h5><div class=\"divider-wrap\"><div class=\"tlg-divider \" style=\"\"><\/div><\/div><\/div><\/div><div id=\"step-69f426a1519f9\" class=\" steps-content steps-style-2 \"><ol class=\"steps\"><li id=\"step-item-69f426a151a2f\" class=\"steps-item\"><a class=\"inherit\" href= \"#\" target=\"_self\" >\r\n\t\t\t\t\t<div class=\"steps-item-inner\" style=\"\"><div class=\"steps-icon\"><i style=\"\" class=\"ti-user inline-block\"><\/i><\/div><div class=\"steps-main\">\r\n\t\t\t\t\t\t\t<h5 class=\"step-title\" style=\"\"><span>Sign In<\/span><\/h5>\r\n\t\t\t\t\t\t\t<div class=\"step-content\" style=\"\">Process the desire<\/div>\r\n\t\t\t\t\t\t<\/div>\r\n\t\t\t\t\t<\/div><\/a><script type=\"text\/javascript\">jQuery(document).ready(function(){jQuery('head').append('<style type=\"text\/css\" id=\"tlg-custom-css-step-item-69f426a151a2f\">.steps-style-1 #step-item-69f426a151a2f:hover .steps-item-inner{background:#01acff!important;}.steps-style-2 #step-item-69f426a151a2f:hover .steps-item-inner .steps-icon i{background:#01acff!important;}#step-item-69f426a151a2f:hover .steps-item-inner i{color:#ffffff!important;}#step-item-69f426a151a2f:hover .steps-item-inner .step-title, #step-item-69f426a151a2f:hover .steps-item-inner .step-content{color:!important;}<\/style>');});<\/script>\r\n\t\t\t\t<\/li><li id=\"step-item-69f426a151a64\" class=\"steps-item\"><a class=\"inherit\" href= \"#\" target=\"_self\" >\r\n\t\t\t\t\t<div class=\"steps-item-inner\" style=\"\"><div class=\"steps-icon\"><i style=\"\" class=\"ti-shopping-cart inline-block\"><\/i><\/div><div class=\"steps-main\">\r\n\t\t\t\t\t\t\t<h5 class=\"step-title\" style=\"\"><span>Cart<\/span><\/h5>\r\n\t\t\t\t\t\t\t<div class=\"step-content\" style=\"\">Evaluation staff<\/div>\r\n\t\t\t\t\t\t<\/div>\r\n\t\t\t\t\t<\/div><\/a><script type=\"text\/javascript\">jQuery(document).ready(function(){jQuery('head').append('<style type=\"text\/css\" id=\"tlg-custom-css-step-item-69f426a151a64\">.steps-style-1 #step-item-69f426a151a64:hover .steps-item-inner{background:#0ab78f!important;}.steps-style-2 #step-item-69f426a151a64:hover .steps-item-inner .steps-icon i{background:#0ab78f!important;}#step-item-69f426a151a64:hover .steps-item-inner i{color:#ffffff!important;}#step-item-69f426a151a64:hover .steps-item-inner .step-title, #step-item-69f426a151a64:hover .steps-item-inner .step-content{color:!important;}<\/style>');});<\/script>\r\n\t\t\t\t<\/li><li id=\"step-item-69f426a151a84\" class=\"steps-item\"><a class=\"inherit\" href= \"#\" target=\"_self\" >\r\n\t\t\t\t\t<div class=\"steps-item-inner\" style=\"\"><div class=\"steps-icon\"><i style=\"\" class=\"ti-truck inline-block\"><\/i><\/div><div class=\"steps-main\">\r\n\t\t\t\t\t\t\t<h5 class=\"step-title\" style=\"\"><span>Shipping<\/span><\/h5>\r\n\t\t\t\t\t\t\t<div class=\"step-content\" style=\"\">Process the capabilities<\/div>\r\n\t\t\t\t\t\t<\/div>\r\n\t\t\t\t\t<\/div><\/a><script type=\"text\/javascript\">jQuery(document).ready(function(){jQuery('head').append('<style type=\"text\/css\" id=\"tlg-custom-css-step-item-69f426a151a84\">.steps-style-1 #step-item-69f426a151a84:hover .steps-item-inner{background:#0f37ff!important;}.steps-style-2 #step-item-69f426a151a84:hover .steps-item-inner .steps-icon i{background:#0f37ff!important;}#step-item-69f426a151a84:hover .steps-item-inner i{color:#ffffff!important;}#step-item-69f426a151a84:hover .steps-item-inner .step-title, #step-item-69f426a151a84:hover .steps-item-inner .step-content{color:!important;}<\/style>');});<\/script>\r\n\t\t\t\t<\/li><li id=\"step-item-69f426a151aae\" class=\"steps-item\"><a class=\"inherit\" href= \"#\" target=\"_self\" >\r\n\t\t\t\t\t<div class=\"steps-item-inner\" style=\"\"><div class=\"steps-icon\"><i style=\"\" class=\"ti-receipt inline-block\"><\/i><\/div><div class=\"steps-main\">\r\n\t\t\t\t\t\t\t<h5 class=\"step-title\" style=\"\"><span>Payment<\/span><\/h5>\r\n\t\t\t\t\t\t\t<div class=\"step-content\" style=\"\">Perfomance objectives<\/div>\r\n\t\t\t\t\t\t<\/div>\r\n\t\t\t\t\t<\/div><\/a><script type=\"text\/javascript\">jQuery(document).ready(function(){jQuery('head').append('<style type=\"text\/css\" id=\"tlg-custom-css-step-item-69f426a151aae\">.steps-style-1 #step-item-69f426a151aae:hover .steps-item-inner{background:#f6653c!important;}.steps-style-2 #step-item-69f426a151aae:hover .steps-item-inner .steps-icon i{background:#f6653c!important;}#step-item-69f426a151aae:hover .steps-item-inner i{color:#ffffff!important;}#step-item-69f426a151aae:hover .steps-item-inner .step-title, #step-item-69f426a151aae:hover .steps-item-inner .step-content{color:!important;}<\/style>');});<\/script>\r\n\t\t\t\t<\/li><li id=\"step-item-69f426a151ad9\" class=\"steps-item\"><a class=\"inherit\" href= \"#\" target=\"_self\" >\r\n\t\t\t\t\t<div class=\"steps-item-inner\" style=\"\"><div class=\"steps-icon\"><i style=\"\" class=\"ti-check inline-block\"><\/i><\/div><div class=\"steps-main\">\r\n\t\t\t\t\t\t\t<h5 class=\"step-title\" style=\"\"><span>All Done<\/span><\/h5>\r\n\t\t\t\t\t\t\t<div class=\"step-content\" style=\"\">Business performance<\/div>\r\n\t\t\t\t\t\t<\/div>\r\n\t\t\t\t\t<\/div><\/a><script type=\"text\/javascript\">jQuery(document).ready(function(){jQuery('head').append('<style type=\"text\/css\" id=\"tlg-custom-css-step-item-69f426a151ad9\">.steps-style-1 #step-item-69f426a151ad9:hover .steps-item-inner{background:#4caf50!important;}.steps-style-2 #step-item-69f426a151ad9:hover .steps-item-inner .steps-icon i{background:#4caf50!important;}#step-item-69f426a151ad9:hover .steps-item-inner i{color:#ffffff!important;}#step-item-69f426a151ad9:hover .steps-item-inner .step-title, #step-item-69f426a151ad9:hover .steps-item-inner .step-content{color:!important;}<\/style>');});<\/script>\r\n\t\t\t\t<\/li><\/ol><\/div>[\/vc_column][\/vc_row][vc_row tlg_text_align=\u00bbtext-center\u00bb][vc_column]<div class=\"headings-title \"><div class=\"mb70 mb-xs-40 text-center\"><h5  class=\"widgettitle\">Colors<\/h5><div class=\"divider-wrap\"><div class=\"tlg-divider \" style=\"\"><\/div><\/div><\/div><\/div><div id=\"step-69f426a151b24\" class=\" steps-content steps-style-1 steps-large\"><ol class=\"steps\"><li id=\"step-item-69f426a151b6c\" class=\"steps-item\"><a class=\"inherit\" href= \"#\" target=\"_self\" >\r\n\t\t\t\t\t<div class=\"steps-item-inner\" style=\"background-color:#fa4e40;\"><div class=\"steps-icon\"><i style=\"color:#ffffff;background-color:#fa4e40;\" class=\"ti-user inline-block\"><\/i><\/div><div class=\"steps-main\">\r\n\t\t\t\t\t\t\t<h5 class=\"step-title\" style=\"color:#ffffff;\"><span>Account Setup<\/span><\/h5>\r\n\t\t\t\t\t\t\t<div class=\"step-content\" style=\"color:#ffffff;\">Process the desire<\/div>\r\n\t\t\t\t\t\t<\/div>\r\n\t\t\t\t\t<\/div><\/a><script type=\"text\/javascript\">jQuery(document).ready(function(){jQuery('head').append('<style type=\"text\/css\" id=\"tlg-custom-css-step-item-69f426a151b6c\">.steps-style-1 #step-item-69f426a151b6c:hover .steps-item-inner{background:#303030!important;}.steps-style-2 #step-item-69f426a151b6c:hover .steps-item-inner .steps-icon i{background:#303030!important;}#step-item-69f426a151b6c:hover .steps-item-inner i{color:#ffffff!important;}#step-item-69f426a151b6c:hover .steps-item-inner .step-title, #step-item-69f426a151b6c:hover .steps-item-inner .step-content{color:#ffffff!important;}<\/style>');});<\/script>\r\n\t\t\t\t<\/li><li id=\"step-item-69f426a151b93\" class=\"steps-item\"><a class=\"inherit\" href= \"#\" target=\"_self\" >\r\n\t\t\t\t\t<div class=\"steps-item-inner\" style=\"background-color:#5766d3;\"><div class=\"steps-icon\"><i style=\"color:#ffffff;background-color:#5766d3;\" class=\"ti-sharethis inline-block\"><\/i><\/div><div class=\"steps-main\">\r\n\t\t\t\t\t\t\t<h5 class=\"step-title\" style=\"color:#ffffff;\"><span>Social Profiles<\/span><\/h5>\r\n\t\t\t\t\t\t\t<div class=\"step-content\" style=\"color:#ffffff;\">Evaluation staff<\/div>\r\n\t\t\t\t\t\t<\/div>\r\n\t\t\t\t\t<\/div><\/a><script type=\"text\/javascript\">jQuery(document).ready(function(){jQuery('head').append('<style type=\"text\/css\" id=\"tlg-custom-css-step-item-69f426a151b93\">.steps-style-1 #step-item-69f426a151b93:hover .steps-item-inner{background:#303030!important;}.steps-style-2 #step-item-69f426a151b93:hover .steps-item-inner .steps-icon i{background:#303030!important;}#step-item-69f426a151b93:hover .steps-item-inner i{color:#ffffff!important;}#step-item-69f426a151b93:hover .steps-item-inner .step-title, #step-item-69f426a151b93:hover .steps-item-inner .step-content{color:#ffffff!important;}<\/style>');});<\/script>\r\n\t\t\t\t<\/li><li id=\"step-item-69f426a151bb3\" class=\"steps-item\"><a class=\"inherit\" href= \"#\" target=\"_self\" >\r\n\t\t\t\t\t<div class=\"steps-item-inner\" style=\"background-color:#49c5b6;\"><div class=\"steps-icon\"><i style=\"color:#ffffff;background-color:#49c5b6;\" class=\"ti-notepad inline-block\"><\/i><\/div><div class=\"steps-main\">\r\n\t\t\t\t\t\t\t<h5 class=\"step-title\" style=\"color:#ffffff;\"><span>Personal Details<\/span><\/h5>\r\n\t\t\t\t\t\t\t<div class=\"step-content\" style=\"color:#ffffff;\">Process the capabilities<\/div>\r\n\t\t\t\t\t\t<\/div>\r\n\t\t\t\t\t<\/div><\/a><script type=\"text\/javascript\">jQuery(document).ready(function(){jQuery('head').append('<style type=\"text\/css\" id=\"tlg-custom-css-step-item-69f426a151bb3\">.steps-style-1 #step-item-69f426a151bb3:hover .steps-item-inner{background:#303030!important;}.steps-style-2 #step-item-69f426a151bb3:hover .steps-item-inner .steps-icon i{background:#303030!important;}#step-item-69f426a151bb3:hover .steps-item-inner i{color:#ffffff!important;}#step-item-69f426a151bb3:hover .steps-item-inner .step-title, #step-item-69f426a151bb3:hover .steps-item-inner .step-content{color:#ffffff!important;}<\/style>');});<\/script>\r\n\t\t\t\t<\/li><\/ol><\/div>[\/vc_column][\/vc_row]<\/p>\n","protected":false},"excerpt":{"rendered":"<p>[vc_row tlg_text_align=\u00bbtext-center\u00bb][vc_column][\/vc_column][\/vc_row][vc_row tlg_background_style=\u00bbbg-secondary\u00bb tlg_text_align=\u00bbtext-center\u00bb][vc_column][\/vc_column][\/vc_row][vc_row tlg_text_align=\u00bbtext-center\u00bb][vc_column][\/vc_column][\/vc_row]<\/p>\n","protected":false},"author":1,"featured_media":8306,"parent":133,"menu_order":0,"comment_status":"closed","ping_status":"closed","template":"","meta":{"footnotes":""},"class_list":["post-5547","page","type-page","status-publish","has-post-thumbnail","hentry"],"yoast_head":"<!-- This site is optimized with the Yoast SEO plugin v26.0 - https:\/\/yoast.com\/wordpress\/plugins\/seo\/ -->\n<title>Process Steps - Ocucenter | Salud Visual<\/title>\n<meta name=\"robots\" content=\"index, follow, max-snippet:-1, max-image-preview:large, max-video-preview:-1\" \/>\n<link rel=\"canonical\" href=\"https:\/\/ocucenter.com\/index.php\/elements\/process-steps\/\" \/>\n<meta property=\"og:locale\" content=\"es_ES\" \/>\n<meta property=\"og:type\" content=\"article\" \/>\n<meta property=\"og:title\" content=\"Process Steps - Ocucenter | Salud Visual\" \/>\n<meta property=\"og:description\" content=\"[vc_row tlg_text_align=\u00bbtext-center\u00bb][vc_column][\/vc_column][\/vc_row][vc_row tlg_background_style=\u00bbbg-secondary\u00bb tlg_text_align=\u00bbtext-center\u00bb][vc_column][\/vc_column][\/vc_row][vc_row tlg_text_align=\u00bbtext-center\u00bb][vc_column][\/vc_column][\/vc_row]\" \/>\n<meta property=\"og:url\" content=\"https:\/\/ocucenter.com\/index.php\/elements\/process-steps\/\" \/>\n<meta property=\"og:site_name\" content=\"Ocucenter | Salud Visual\" \/>\n<meta property=\"article:publisher\" content=\"https:\/\/www.facebook.com\/profile.php?id=61572799346947\" \/>\n<meta property=\"og:image\" content=\"https:\/\/ocucenter.com\/wp-content\/uploads\/2019\/06\/group-laps.jpg\" \/>\n\t<meta property=\"og:image:width\" content=\"1920\" \/>\n\t<meta property=\"og:image:height\" content=\"1278\" \/>\n\t<meta property=\"og:image:type\" content=\"image\/jpeg\" \/>\n<meta name=\"twitter:card\" content=\"summary_large_image\" \/>\n<meta name=\"twitter:label1\" content=\"Tiempo de lectura\" \/>\n\t<meta name=\"twitter:data1\" content=\"2 minutos\" \/>\n<script type=\"application\/ld+json\" class=\"yoast-schema-graph\">{\"@context\":\"https:\/\/schema.org\",\"@graph\":[{\"@type\":\"WebPage\",\"@id\":\"https:\/\/ocucenter.com\/index.php\/elements\/process-steps\/\",\"url\":\"https:\/\/ocucenter.com\/index.php\/elements\/process-steps\/\",\"name\":\"Process Steps - Ocucenter | Salud Visual\",\"isPartOf\":{\"@id\":\"https:\/\/ocucenter.com\/#website\"},\"primaryImageOfPage\":{\"@id\":\"https:\/\/ocucenter.com\/index.php\/elements\/process-steps\/#primaryimage\"},\"image\":{\"@id\":\"https:\/\/ocucenter.com\/index.php\/elements\/process-steps\/#primaryimage\"},\"thumbnailUrl\":\"https:\/\/ocucenter.com\/wp-content\/uploads\/2019\/06\/group-laps.jpg\",\"datePublished\":\"2017-03-13T09:46:57+00:00\",\"breadcrumb\":{\"@id\":\"https:\/\/ocucenter.com\/index.php\/elements\/process-steps\/#breadcrumb\"},\"inLanguage\":\"es\",\"potentialAction\":[{\"@type\":\"ReadAction\",\"target\":[\"https:\/\/ocucenter.com\/index.php\/elements\/process-steps\/\"]}]},{\"@type\":\"ImageObject\",\"inLanguage\":\"es\",\"@id\":\"https:\/\/ocucenter.com\/index.php\/elements\/process-steps\/#primaryimage\",\"url\":\"https:\/\/ocucenter.com\/wp-content\/uploads\/2019\/06\/group-laps.jpg\",\"contentUrl\":\"https:\/\/ocucenter.com\/wp-content\/uploads\/2019\/06\/group-laps.jpg\",\"width\":1920,\"height\":1278,\"caption\":\"Discussion\"},{\"@type\":\"BreadcrumbList\",\"@id\":\"https:\/\/ocucenter.com\/index.php\/elements\/process-steps\/#breadcrumb\",\"itemListElement\":[{\"@type\":\"ListItem\",\"position\":1,\"name\":\"Portada\",\"item\":\"https:\/\/ocucenter.com\/\"},{\"@type\":\"ListItem\",\"position\":2,\"name\":\"Elements\",\"item\":\"https:\/\/ocucenter.com\/index.php\/elements\/\"},{\"@type\":\"ListItem\",\"position\":3,\"name\":\"Process Steps\"}]},{\"@type\":\"WebSite\",\"@id\":\"https:\/\/ocucenter.com\/#website\",\"url\":\"https:\/\/ocucenter.com\/\",\"name\":\"Ocucenter | Salud Visual\",\"description\":\"Consultas y descartes oftalmol\u00f3gicos en Bre\u00f1a, diagn\u00f3stico temprano\",\"publisher\":{\"@id\":\"https:\/\/ocucenter.com\/#organization\"},\"potentialAction\":[{\"@type\":\"SearchAction\",\"target\":{\"@type\":\"EntryPoint\",\"urlTemplate\":\"https:\/\/ocucenter.com\/?s={search_term_string}\"},\"query-input\":{\"@type\":\"PropertyValueSpecification\",\"valueRequired\":true,\"valueName\":\"search_term_string\"}}],\"inLanguage\":\"es\"},{\"@type\":\"Organization\",\"@id\":\"https:\/\/ocucenter.com\/#organization\",\"name\":\"Ocucenter | Salud Visual\",\"url\":\"https:\/\/ocucenter.com\/\",\"logo\":{\"@type\":\"ImageObject\",\"inLanguage\":\"es\",\"@id\":\"https:\/\/ocucenter.com\/#\/schema\/logo\/image\/\",\"url\":\"https:\/\/ocucenter.com\/wp-content\/uploads\/2025\/09\/icono.png\",\"contentUrl\":\"https:\/\/ocucenter.com\/wp-content\/uploads\/2025\/09\/icono.png\",\"width\":512,\"height\":512,\"caption\":\"Ocucenter | Salud Visual\"},\"image\":{\"@id\":\"https:\/\/ocucenter.com\/#\/schema\/logo\/image\/\"},\"sameAs\":[\"https:\/\/www.facebook.com\/profile.php?id=61572799346947\",\"https:\/\/www.instagram.com\/ocucenter_oftalmologia\/\",\"https:\/\/www.tiktok.com\/@ocucenter_oftalmologia\"]}]}<\/script>\n<!-- \/ Yoast SEO plugin. -->","yoast_head_json":{"title":"Process Steps - Ocucenter | Salud Visual","robots":{"index":"index","follow":"follow","max-snippet":"max-snippet:-1","max-image-preview":"max-image-preview:large","max-video-preview":"max-video-preview:-1"},"canonical":"https:\/\/ocucenter.com\/index.php\/elements\/process-steps\/","og_locale":"es_ES","og_type":"article","og_title":"Process Steps - Ocucenter | Salud Visual","og_description":"[vc_row tlg_text_align=\u00bbtext-center\u00bb][vc_column][\/vc_column][\/vc_row][vc_row tlg_background_style=\u00bbbg-secondary\u00bb tlg_text_align=\u00bbtext-center\u00bb][vc_column][\/vc_column][\/vc_row][vc_row tlg_text_align=\u00bbtext-center\u00bb][vc_column][\/vc_column][\/vc_row]","og_url":"https:\/\/ocucenter.com\/index.php\/elements\/process-steps\/","og_site_name":"Ocucenter | Salud Visual","article_publisher":"https:\/\/www.facebook.com\/profile.php?id=61572799346947","og_image":[{"width":1920,"height":1278,"url":"https:\/\/ocucenter.com\/wp-content\/uploads\/2019\/06\/group-laps.jpg","type":"image\/jpeg"}],"twitter_card":"summary_large_image","twitter_misc":{"Tiempo de lectura":"2 minutos"},"schema":{"@context":"https:\/\/schema.org","@graph":[{"@type":"WebPage","@id":"https:\/\/ocucenter.com\/index.php\/elements\/process-steps\/","url":"https:\/\/ocucenter.com\/index.php\/elements\/process-steps\/","name":"Process Steps - Ocucenter | Salud Visual","isPartOf":{"@id":"https:\/\/ocucenter.com\/#website"},"primaryImageOfPage":{"@id":"https:\/\/ocucenter.com\/index.php\/elements\/process-steps\/#primaryimage"},"image":{"@id":"https:\/\/ocucenter.com\/index.php\/elements\/process-steps\/#primaryimage"},"thumbnailUrl":"https:\/\/ocucenter.com\/wp-content\/uploads\/2019\/06\/group-laps.jpg","datePublished":"2017-03-13T09:46:57+00:00","breadcrumb":{"@id":"https:\/\/ocucenter.com\/index.php\/elements\/process-steps\/#breadcrumb"},"inLanguage":"es","potentialAction":[{"@type":"ReadAction","target":["https:\/\/ocucenter.com\/index.php\/elements\/process-steps\/"]}]},{"@type":"ImageObject","inLanguage":"es","@id":"https:\/\/ocucenter.com\/index.php\/elements\/process-steps\/#primaryimage","url":"https:\/\/ocucenter.com\/wp-content\/uploads\/2019\/06\/group-laps.jpg","contentUrl":"https:\/\/ocucenter.com\/wp-content\/uploads\/2019\/06\/group-laps.jpg","width":1920,"height":1278,"caption":"Discussion"},{"@type":"BreadcrumbList","@id":"https:\/\/ocucenter.com\/index.php\/elements\/process-steps\/#breadcrumb","itemListElement":[{"@type":"ListItem","position":1,"name":"Portada","item":"https:\/\/ocucenter.com\/"},{"@type":"ListItem","position":2,"name":"Elements","item":"https:\/\/ocucenter.com\/index.php\/elements\/"},{"@type":"ListItem","position":3,"name":"Process Steps"}]},{"@type":"WebSite","@id":"https:\/\/ocucenter.com\/#website","url":"https:\/\/ocucenter.com\/","name":"Ocucenter | Salud Visual","description":"Consultas y descartes oftalmol\u00f3gicos en Bre\u00f1a, diagn\u00f3stico temprano","publisher":{"@id":"https:\/\/ocucenter.com\/#organization"},"potentialAction":[{"@type":"SearchAction","target":{"@type":"EntryPoint","urlTemplate":"https:\/\/ocucenter.com\/?s={search_term_string}"},"query-input":{"@type":"PropertyValueSpecification","valueRequired":true,"valueName":"search_term_string"}}],"inLanguage":"es"},{"@type":"Organization","@id":"https:\/\/ocucenter.com\/#organization","name":"Ocucenter | Salud Visual","url":"https:\/\/ocucenter.com\/","logo":{"@type":"ImageObject","inLanguage":"es","@id":"https:\/\/ocucenter.com\/#\/schema\/logo\/image\/","url":"https:\/\/ocucenter.com\/wp-content\/uploads\/2025\/09\/icono.png","contentUrl":"https:\/\/ocucenter.com\/wp-content\/uploads\/2025\/09\/icono.png","width":512,"height":512,"caption":"Ocucenter | Salud Visual"},"image":{"@id":"https:\/\/ocucenter.com\/#\/schema\/logo\/image\/"},"sameAs":["https:\/\/www.facebook.com\/profile.php?id=61572799346947","https:\/\/www.instagram.com\/ocucenter_oftalmologia\/","https:\/\/www.tiktok.com\/@ocucenter_oftalmologia"]}]}},"_links":{"self":[{"href":"https:\/\/ocucenter.com\/index.php\/wp-json\/wp\/v2\/pages\/5547","targetHints":{"allow":["GET"]}}],"collection":[{"href":"https:\/\/ocucenter.com\/index.php\/wp-json\/wp\/v2\/pages"}],"about":[{"href":"https:\/\/ocucenter.com\/index.php\/wp-json\/wp\/v2\/types\/page"}],"author":[{"embeddable":true,"href":"https:\/\/ocucenter.com\/index.php\/wp-json\/wp\/v2\/users\/1"}],"replies":[{"embeddable":true,"href":"https:\/\/ocucenter.com\/index.php\/wp-json\/wp\/v2\/comments?post=5547"}],"version-history":[{"count":0,"href":"https:\/\/ocucenter.com\/index.php\/wp-json\/wp\/v2\/pages\/5547\/revisions"}],"up":[{"embeddable":true,"href":"https:\/\/ocucenter.com\/index.php\/wp-json\/wp\/v2\/pages\/133"}],"wp:featuredmedia":[{"embeddable":true,"href":"https:\/\/ocucenter.com\/index.php\/wp-json\/wp\/v2\/media\/8306"}],"wp:attachment":[{"href":"https:\/\/ocucenter.com\/index.php\/wp-json\/wp\/v2\/media?parent=5547"}],"curies":[{"name":"wp","href":"https:\/\/api.w.org\/{rel}","templated":true}]}}