{"id":5838,"date":"2017-04-12T10:31:53","date_gmt":"2017-04-12T10:31:53","guid":{"rendered":"http:\/\/demo.themelogi.com\/navian\/?page_id=5838"},"modified":"2017-04-12T10:31:53","modified_gmt":"2017-04-12T10:31:53","slug":"contact-3","status":"publish","type":"page","link":"https:\/\/ocucenter.com\/index.php\/pages\/contact-3\/","title":{"rendered":"Contact 3"},"content":{"rendered":"<p>[vc_row][vc_column width=\u00bb1\/2&#8243; css=\u00bb.vc_custom_1491994738990{padding-right: 5% !important;}\u00bb]<div class=\"headings-title \"><div class=\"mb70 mb-xs-40 text-left\"><h5  class=\"widgettitle\">Contact Info<\/h5><\/div><\/div>[vc_column_text]Please complete the form and we&#8217;ll get back to you within 1 &#8211; 2 business days. We look forward to working with you.[\/vc_column_text]<div class=\"tlg-custom-embed  \"><iframe style=\"height: 300px;\" frameborder=\"0\" scrolling=\"no\" marginheight=\"0\" marginwidth=\"0\" src=\"https:\/\/maps.google.com\/maps?q=Str.%20151%2C%20Washington%2C%20NY&amp;t=m&amp;z=14&amp;output=embed&amp;iwloc=near\" aria-label=\"Str. 151, Washington, NY\"><\/iframe><\/div><div class=\"tlg-spacer  \" data-height=\"40\" data-height-tablet=\"40\" data-height-mobile=\"40\" style=\"clear:both;display:block;height:40px;\"><\/div><div class=\" icon_title_list-content icon-list\"><ul class=\"icon_title_list\"><li><span class=\"inline-block mb8 mr-15\"><i style=\"color:#0ab78f;\" class=\"ti-mobile  inline-block\"><\/i><\/span><span >+249 358927 350<\/span><\/li><li><span class=\"inline-block mb8 mr-15\"><i style=\"color:#0ab78f;\" class=\"ti-world  inline-block\"><\/i><\/span><span >yourcompany.com<\/span><\/li><li><span class=\"inline-block mb8 mr-15\"><i style=\"color:#0ab78f;\" class=\"ti-location-pin  inline-block\"><\/i><\/span><span >Haltern am See, Weseler Str. 151, Washington, NY<\/span><\/li><\/ul><\/div>[\/vc_column][vc_column width=\u00bb1\/2&#8243; css=\u00bb.vc_custom_1491994746061{padding-left: 5% !important;}\u00bb]<div class=\"headings-title \"><div class=\"mb70 mb-xs-40 text-left\"><h5  class=\"widgettitle\">Things To Know<\/h5><\/div><\/div><div id=\"accordion-69e03c77232bb\"><ul class=\" accordion accordion-style-2 accordion-auto-close  \"><li><div class=\"title\"><i class=\"ti-layers icon\"><\/i><span>Getting Started<\/span><\/div><div class=\"content\">Auctor sem ultrices laoreet sagittis massa maecenas quisque lacinia leo lobortis, sem curae quisque donec etiam integer est ultrices curabitur, sociosqu feugiat nisi metus varius himenaeos leo ac fusce.<\/div><\/li><li><div class=\"title\"><i class=\"ti-panel icon\"><\/i><span>Contact Details<\/span><\/div><div class=\"content\">Torquent lacinia elementum sodales facilisis eleifend ultricies neque ipsum litora, habitasse euismod vel ut egestas viverra at suspendisse ut tristique, donec fusce nisi venenatis aptent vitae libero taciti sodales justo dictum pharetra.<\/div><\/li><li><div class=\"title\"><i class=\"ti-notepad icon\"><\/i><span>Terms & Conditions<\/span><\/div><div class=\"content\">Torquent lacinia elementum sodales facilisis eleifend ultricies neque ipsum litora, habitasse euismod vel ut egestas viverra at suspendisse ut tristique, donec fusce nisi venenatis aptent vitae libero taciti sodales justo dictum pharetra.<\/div><\/li><\/ul><\/div><p class=\"lead\">Sorry, but nothing matched your search. Please try again with some different keywords.<\/p>\n<form class=\"search-form\" method=\"get\" id=\"searchform\" action=\"https:\/\/ocucenter.com\/\">\n\t<input type=\"text\" id=\"s2\" class=\"mb0\" name=\"s\" value=\"\" placeholder=\"Search...\" autocomplete=\"off\" autocapitalize=\"off\" spellcheck=\"false\" \/>\n\t<input type=\"submit\" value=\"Search\" class=\"btn\">\n\t<span class=\"search__info\">Type and hit enter to search<\/span>\n<\/form>[\/vc_column][\/vc_row][vc_row tlg_background_style=\u00bbbg-dark\u00bb tlg_enable_overlay=\u00bbyes\u00bb tlg_text_align=\u00bbtext-center\u00bb css=\u00bb.vc_custom_1565859283575{background-image: url(https:\/\/ocucenter.com\/wp-content\/uploads\/2019\/06\/bizsees.jpg?id=8301) !important;}\u00bb el_class=\u00bbwhite-form\u00bb tlg_bg_overlay=\u00bb#49c5b6&#8243; tlg_bg_overlay_value=\u00bb9.5&#8243; tlg_bg_gradient_color=\u00bb#eb8817&#8243;][vc_column width=\u00bb1\/6&#8243;][\/vc_column][vc_column width=\u00bb2\/3&#8243;]<div class=\"text-center\"><a class=\" link-dark inline-block\" href= \"#\" target=\"_self\"  data-toggle=\"tooltip\" data-placement=\"top\" title=\"Instagram\" data-original-title=\"Instagram\"><i id=\"icon-69e03c7723715\" style=\"font-size:15px;color:#ffffff;background-color:#517fa4;border-color:#517fa4;border-color:#517fa4;margin:0 15px;\" class=\"ti-instagram circle-icon small-icon  inline-block custom-icon\"><\/i><\/a><script type=\"text\/javascript\">jQuery(document).ready(function(){jQuery('head').append('<style type=\"text\/css\" id=\"tlg-custom-css-icon-69e03c7723715\">#icon-69e03c7723715:hover{color:#517fa4!important;background-color:#ffffff!important;border-color:#eeeeee!important;}<\/style>');});<\/script><a class=\" link-dark inline-block\" href= \"#\" target=\"_self\"  data-toggle=\"tooltip\" data-placement=\"top\" title=\"Twitter\" data-original-title=\"Twitter\"><i id=\"icon-69e03c7723784\" style=\"font-size:15px;color:#ffffff;background-color:#08c1e2;border-color:#08c1e2;border-color:#08c1e2;margin:0 15px;\" class=\"ti-twitter circle-icon small-icon  inline-block custom-icon\"><\/i><\/a><script type=\"text\/javascript\">jQuery(document).ready(function(){jQuery('head').append('<style type=\"text\/css\" id=\"tlg-custom-css-icon-69e03c7723784\">#icon-69e03c7723784:hover{color:#08c1e2!important;background-color:#ffffff!important;border-color:#eeeeee!important;}<\/style>');});<\/script><a class=\" link-dark inline-block\" href= \"#\" target=\"_self\"  data-toggle=\"tooltip\" data-placement=\"top\" title=\"Facebook\" data-original-title=\"Facebook\"><i id=\"icon-69e03c77237b4\" style=\"font-size:15px;color:#ffffff;background-color:#3b5998;border-color:#3b5998;border-color:#3b5998;margin:0 15px;\" class=\"ti-facebook circle-icon small-icon  inline-block custom-icon\"><\/i><\/a><script type=\"text\/javascript\">jQuery(document).ready(function(){jQuery('head').append('<style type=\"text\/css\" id=\"tlg-custom-css-icon-69e03c77237b4\">#icon-69e03c77237b4:hover{color:#3b5998!important;background-color:#ffffff!important;border-color:#eeeeee!important;}<\/style>');});<\/script><\/div><div class=\"tlg-spacer  \" data-height=\"60\" data-height-tablet=\"60\" data-height-mobile=\"60\" style=\"clear:both;display:block;height:60px;\"><\/div><div class=\"headings-title \"><div class=\"mb70 mb-xs-40 text-center\"><h5  class=\"widgettitle\">Send Us A Message<\/h5><div class=\"divider-wrap\"><div class=\"tlg-divider \" style=\"\"><\/div><\/div><div  class=\"widgetsubtitle\">We create creative content based on the customer purposes<\/div><\/div><\/div>\n<div class=\"wpcf7 no-js\" id=\"wpcf7-f678-o1\" lang=\"en-US\" dir=\"ltr\" data-wpcf7-id=\"678\">\n<div class=\"screen-reader-response\"><p role=\"status\" aria-live=\"polite\" aria-atomic=\"true\"><\/p> <ul><\/ul><\/div>\n<form action=\"\/index.php\/wp-json\/wp\/v2\/pages\/5838#wpcf7-f678-o1\" method=\"post\" class=\"wpcf7-form init\" aria-label=\"Contact form\" novalidate=\"novalidate\" data-status=\"init\">\n<fieldset class=\"hidden-fields-container\"><input type=\"hidden\" name=\"_wpcf7\" value=\"678\" \/><input type=\"hidden\" name=\"_wpcf7_version\" value=\"6.1.5\" \/><input type=\"hidden\" name=\"_wpcf7_locale\" value=\"en_US\" \/><input type=\"hidden\" name=\"_wpcf7_unit_tag\" value=\"wpcf7-f678-o1\" \/><input type=\"hidden\" name=\"_wpcf7_container_post\" value=\"0\" \/><input type=\"hidden\" name=\"_wpcf7_posted_data_hash\" value=\"\" \/>\n<\/fieldset>\n<div class=\"overflow-hidden\">\n\t<div class=\"half-column half-column-left\">\n\t\t<p><span class=\"wpcf7-form-control-wrap\" data-name=\"your-name\"><input size=\"40\" maxlength=\"400\" class=\"wpcf7-form-control wpcf7-text wpcf7-validates-as-required\" aria-required=\"true\" aria-invalid=\"false\" placeholder=\"Name\" value=\"\" type=\"text\" name=\"your-name\" \/><\/span><span class=\"wpcf7-form-control-wrap\" data-name=\"your-email\"><input size=\"40\" maxlength=\"400\" class=\"wpcf7-form-control wpcf7-email wpcf7-validates-as-required wpcf7-text wpcf7-validates-as-email\" aria-required=\"true\" aria-invalid=\"false\" placeholder=\"Email address\" value=\"\" type=\"email\" name=\"your-email\" \/><\/span><span class=\"wpcf7-form-control-wrap\" data-name=\"your-subject\"><input size=\"40\" maxlength=\"400\" class=\"wpcf7-form-control wpcf7-text wpcf7-validates-as-required\" aria-required=\"true\" aria-invalid=\"false\" placeholder=\"Subject\" value=\"\" type=\"text\" name=\"your-subject\" \/><\/span>\n\t\t<\/p>\n\t<\/div>\n\t<div class=\"half-column half-column-right\">\n\t\t<p><span class=\"wpcf7-form-control-wrap\" data-name=\"your-message\"><textarea cols=\"40\" rows=\"10\" maxlength=\"2000\" class=\"wpcf7-form-control wpcf7-textarea\" aria-invalid=\"false\" placeholder=\"Message\" name=\"your-message\"><\/textarea><\/span>\n\t\t<\/p>\n\t<\/div>\n<\/div>\n<p><input class=\"wpcf7-form-control wpcf7-submit has-spinner\" type=\"submit\" value=\"Send Message\" \/>\n<\/p><div class=\"wpcf7-response-output\" aria-hidden=\"true\"><\/div>\n<\/form>\n<\/div>\n[\/vc_column][vc_column width=\u00bb1\/6&#8243;][\/vc_column][\/vc_row]<\/p>\n","protected":false},"excerpt":{"rendered":"<p>[vc_row][vc_column width=\u00bb1\/2&#8243; css=\u00bb.vc_custom_1491994738990{padding-right: 5% !important;}\u00bb][vc_column_text]Please complete the form and we&#8217;ll get back to you within 1 &#8211; 2 business days. We look forward to working with you.[\/vc_column_text][\/vc_column][vc_column width=\u00bb1\/2&#8243; css=\u00bb.vc_custom_1491994746061{padding-left: 5% !important;}\u00bb][\/vc_column][\/vc_row][vc_row tlg_background_style=\u00bbbg-dark\u00bb tlg_enable_overlay=\u00bbyes\u00bb tlg_text_align=\u00bbtext-center\u00bb css=\u00bb.vc_custom_1565859283575{background-image: url(https:\/\/ocucenter.com\/wp-content\/uploads\/2019\/06\/bizsees.jpg?id=8301) !important;}\u00bb el_class=\u00bbwhite-form\u00bb tlg_bg_overlay=\u00bb#49c5b6&#8243; tlg_bg_overlay_value=\u00bb9.5&#8243; tlg_bg_gradient_color=\u00bb#eb8817&#8243;][vc_column width=\u00bb1\/6&#8243;][\/vc_column][vc_column width=\u00bb2\/3&#8243;][\/vc_column][vc_column width=\u00bb1\/6&#8243;][\/vc_column][\/vc_row]<\/p>\n","protected":false},"author":1,"featured_media":8306,"parent":1951,"menu_order":0,"comment_status":"closed","ping_status":"closed","template":"","meta":{"footnotes":""},"class_list":["post-5838","page","type-page","status-publish","has-post-thumbnail","hentry"],"yoast_head":"<!-- This site is optimized with the Yoast SEO plugin v26.0 - https:\/\/yoast.com\/wordpress\/plugins\/seo\/ -->\n<title>Contact 3 - Ocucenter | Salud Visual<\/title>\n<meta name=\"robots\" content=\"index, follow, max-snippet:-1, max-image-preview:large, max-video-preview:-1\" \/>\n<link rel=\"canonical\" href=\"https:\/\/ocucenter.com\/index.php\/pages\/contact-3\/\" \/>\n<meta property=\"og:locale\" content=\"es_ES\" \/>\n<meta property=\"og:type\" content=\"article\" \/>\n<meta property=\"og:title\" content=\"Contact 3 - Ocucenter | Salud Visual\" \/>\n<meta property=\"og:description\" content=\"[vc_row][vc_column width=\u00bb1\/2&#8243; css=\u00bb.vc_custom_1491994738990{padding-right: 5% !important;}\u00bb][vc_column_text]Please complete the form and we&#8217;ll get back to you within 1 &#8211; 2 business days. We look forward to working with you.[\/vc_column_text][\/vc_column][vc_column width=\u00bb1\/2&#8243; css=\u00bb.vc_custom_1491994746061{padding-left: 5% !important;}\u00bb][\/vc_column][\/vc_row][vc_row tlg_background_style=\u00bbbg-dark\u00bb tlg_enable_overlay=\u00bbyes\u00bb tlg_text_align=\u00bbtext-center\u00bb css=\u00bb.vc_custom_1565859283575{background-image: url(https:\/\/ocucenter.com\/wp-content\/uploads\/2019\/06\/bizsees.jpg?id=8301) !important;}\u00bb el_class=\u00bbwhite-form\u00bb tlg_bg_overlay=\u00bb#49c5b6&#8243; tlg_bg_overlay_value=\u00bb9.5&#8243; tlg_bg_gradient_color=\u00bb#eb8817&#8243;][vc_column width=\u00bb1\/6&#8243;][\/vc_column][vc_column width=\u00bb2\/3&#8243;][\/vc_column][vc_column width=\u00bb1\/6&#8243;][\/vc_column][\/vc_row]\" \/>\n<meta property=\"og:url\" content=\"https:\/\/ocucenter.com\/index.php\/pages\/contact-3\/\" \/>\n<meta property=\"og:site_name\" content=\"Ocucenter | Salud Visual\" \/>\n<meta property=\"article:publisher\" content=\"https:\/\/www.facebook.com\/profile.php?id=61572799346947\" \/>\n<meta property=\"og:image\" content=\"https:\/\/ocucenter.com\/wp-content\/uploads\/2019\/06\/group-laps.jpg\" \/>\n\t<meta property=\"og:image:width\" content=\"1920\" \/>\n\t<meta property=\"og:image:height\" content=\"1278\" \/>\n\t<meta property=\"og:image:type\" content=\"image\/jpeg\" \/>\n<meta name=\"twitter:card\" content=\"summary_large_image\" \/>\n<meta name=\"twitter:label1\" content=\"Tiempo de lectura\" \/>\n\t<meta name=\"twitter:data1\" content=\"2 minutos\" \/>\n<script type=\"application\/ld+json\" class=\"yoast-schema-graph\">{\"@context\":\"https:\/\/schema.org\",\"@graph\":[{\"@type\":\"WebPage\",\"@id\":\"https:\/\/ocucenter.com\/index.php\/pages\/contact-3\/\",\"url\":\"https:\/\/ocucenter.com\/index.php\/pages\/contact-3\/\",\"name\":\"Contact 3 - Ocucenter | Salud Visual\",\"isPartOf\":{\"@id\":\"https:\/\/ocucenter.com\/#website\"},\"primaryImageOfPage\":{\"@id\":\"https:\/\/ocucenter.com\/index.php\/pages\/contact-3\/#primaryimage\"},\"image\":{\"@id\":\"https:\/\/ocucenter.com\/index.php\/pages\/contact-3\/#primaryimage\"},\"thumbnailUrl\":\"https:\/\/ocucenter.com\/wp-content\/uploads\/2019\/06\/group-laps.jpg\",\"datePublished\":\"2017-04-12T10:31:53+00:00\",\"breadcrumb\":{\"@id\":\"https:\/\/ocucenter.com\/index.php\/pages\/contact-3\/#breadcrumb\"},\"inLanguage\":\"es\",\"potentialAction\":[{\"@type\":\"ReadAction\",\"target\":[\"https:\/\/ocucenter.com\/index.php\/pages\/contact-3\/\"]}]},{\"@type\":\"ImageObject\",\"inLanguage\":\"es\",\"@id\":\"https:\/\/ocucenter.com\/index.php\/pages\/contact-3\/#primaryimage\",\"url\":\"https:\/\/ocucenter.com\/wp-content\/uploads\/2019\/06\/group-laps.jpg\",\"contentUrl\":\"https:\/\/ocucenter.com\/wp-content\/uploads\/2019\/06\/group-laps.jpg\",\"width\":1920,\"height\":1278,\"caption\":\"Discussion\"},{\"@type\":\"BreadcrumbList\",\"@id\":\"https:\/\/ocucenter.com\/index.php\/pages\/contact-3\/#breadcrumb\",\"itemListElement\":[{\"@type\":\"ListItem\",\"position\":1,\"name\":\"Portada\",\"item\":\"https:\/\/ocucenter.com\/\"},{\"@type\":\"ListItem\",\"position\":2,\"name\":\"Pages\",\"item\":\"https:\/\/ocucenter.com\/index.php\/pages\/\"},{\"@type\":\"ListItem\",\"position\":3,\"name\":\"Contact 3\"}]},{\"@type\":\"WebSite\",\"@id\":\"https:\/\/ocucenter.com\/#website\",\"url\":\"https:\/\/ocucenter.com\/\",\"name\":\"Ocucenter | Salud Visual\",\"description\":\"Consultas y descartes oftalmol\u00f3gicos en Bre\u00f1a, diagn\u00f3stico temprano\",\"publisher\":{\"@id\":\"https:\/\/ocucenter.com\/#organization\"},\"potentialAction\":[{\"@type\":\"SearchAction\",\"target\":{\"@type\":\"EntryPoint\",\"urlTemplate\":\"https:\/\/ocucenter.com\/?s={search_term_string}\"},\"query-input\":{\"@type\":\"PropertyValueSpecification\",\"valueRequired\":true,\"valueName\":\"search_term_string\"}}],\"inLanguage\":\"es\"},{\"@type\":\"Organization\",\"@id\":\"https:\/\/ocucenter.com\/#organization\",\"name\":\"Ocucenter | Salud Visual\",\"url\":\"https:\/\/ocucenter.com\/\",\"logo\":{\"@type\":\"ImageObject\",\"inLanguage\":\"es\",\"@id\":\"https:\/\/ocucenter.com\/#\/schema\/logo\/image\/\",\"url\":\"https:\/\/ocucenter.com\/wp-content\/uploads\/2025\/09\/icono.png\",\"contentUrl\":\"https:\/\/ocucenter.com\/wp-content\/uploads\/2025\/09\/icono.png\",\"width\":512,\"height\":512,\"caption\":\"Ocucenter | Salud Visual\"},\"image\":{\"@id\":\"https:\/\/ocucenter.com\/#\/schema\/logo\/image\/\"},\"sameAs\":[\"https:\/\/www.facebook.com\/profile.php?id=61572799346947\",\"https:\/\/www.instagram.com\/ocucenter_oftalmologia\/\",\"https:\/\/www.tiktok.com\/@ocucenter_oftalmologia\"]}]}<\/script>\n<!-- \/ Yoast SEO plugin. -->","yoast_head_json":{"title":"Contact 3 - Ocucenter | Salud Visual","robots":{"index":"index","follow":"follow","max-snippet":"max-snippet:-1","max-image-preview":"max-image-preview:large","max-video-preview":"max-video-preview:-1"},"canonical":"https:\/\/ocucenter.com\/index.php\/pages\/contact-3\/","og_locale":"es_ES","og_type":"article","og_title":"Contact 3 - Ocucenter | Salud Visual","og_description":"[vc_row][vc_column width=\u00bb1\/2&#8243; css=\u00bb.vc_custom_1491994738990{padding-right: 5% !important;}\u00bb][vc_column_text]Please complete the form and we&#8217;ll get back to you within 1 &#8211; 2 business days. We look forward to working with you.[\/vc_column_text][\/vc_column][vc_column width=\u00bb1\/2&#8243; css=\u00bb.vc_custom_1491994746061{padding-left: 5% !important;}\u00bb][\/vc_column][\/vc_row][vc_row tlg_background_style=\u00bbbg-dark\u00bb tlg_enable_overlay=\u00bbyes\u00bb tlg_text_align=\u00bbtext-center\u00bb css=\u00bb.vc_custom_1565859283575{background-image: url(https:\/\/ocucenter.com\/wp-content\/uploads\/2019\/06\/bizsees.jpg?id=8301) !important;}\u00bb el_class=\u00bbwhite-form\u00bb tlg_bg_overlay=\u00bb#49c5b6&#8243; tlg_bg_overlay_value=\u00bb9.5&#8243; tlg_bg_gradient_color=\u00bb#eb8817&#8243;][vc_column width=\u00bb1\/6&#8243;][\/vc_column][vc_column width=\u00bb2\/3&#8243;][\/vc_column][vc_column width=\u00bb1\/6&#8243;][\/vc_column][\/vc_row]","og_url":"https:\/\/ocucenter.com\/index.php\/pages\/contact-3\/","og_site_name":"Ocucenter | Salud Visual","article_publisher":"https:\/\/www.facebook.com\/profile.php?id=61572799346947","og_image":[{"width":1920,"height":1278,"url":"https:\/\/ocucenter.com\/wp-content\/uploads\/2019\/06\/group-laps.jpg","type":"image\/jpeg"}],"twitter_card":"summary_large_image","twitter_misc":{"Tiempo de lectura":"2 minutos"},"schema":{"@context":"https:\/\/schema.org","@graph":[{"@type":"WebPage","@id":"https:\/\/ocucenter.com\/index.php\/pages\/contact-3\/","url":"https:\/\/ocucenter.com\/index.php\/pages\/contact-3\/","name":"Contact 3 - Ocucenter | Salud Visual","isPartOf":{"@id":"https:\/\/ocucenter.com\/#website"},"primaryImageOfPage":{"@id":"https:\/\/ocucenter.com\/index.php\/pages\/contact-3\/#primaryimage"},"image":{"@id":"https:\/\/ocucenter.com\/index.php\/pages\/contact-3\/#primaryimage"},"thumbnailUrl":"https:\/\/ocucenter.com\/wp-content\/uploads\/2019\/06\/group-laps.jpg","datePublished":"2017-04-12T10:31:53+00:00","breadcrumb":{"@id":"https:\/\/ocucenter.com\/index.php\/pages\/contact-3\/#breadcrumb"},"inLanguage":"es","potentialAction":[{"@type":"ReadAction","target":["https:\/\/ocucenter.com\/index.php\/pages\/contact-3\/"]}]},{"@type":"ImageObject","inLanguage":"es","@id":"https:\/\/ocucenter.com\/index.php\/pages\/contact-3\/#primaryimage","url":"https:\/\/ocucenter.com\/wp-content\/uploads\/2019\/06\/group-laps.jpg","contentUrl":"https:\/\/ocucenter.com\/wp-content\/uploads\/2019\/06\/group-laps.jpg","width":1920,"height":1278,"caption":"Discussion"},{"@type":"BreadcrumbList","@id":"https:\/\/ocucenter.com\/index.php\/pages\/contact-3\/#breadcrumb","itemListElement":[{"@type":"ListItem","position":1,"name":"Portada","item":"https:\/\/ocucenter.com\/"},{"@type":"ListItem","position":2,"name":"Pages","item":"https:\/\/ocucenter.com\/index.php\/pages\/"},{"@type":"ListItem","position":3,"name":"Contact 3"}]},{"@type":"WebSite","@id":"https:\/\/ocucenter.com\/#website","url":"https:\/\/ocucenter.com\/","name":"Ocucenter | Salud Visual","description":"Consultas y descartes oftalmol\u00f3gicos en Bre\u00f1a, diagn\u00f3stico temprano","publisher":{"@id":"https:\/\/ocucenter.com\/#organization"},"potentialAction":[{"@type":"SearchAction","target":{"@type":"EntryPoint","urlTemplate":"https:\/\/ocucenter.com\/?s={search_term_string}"},"query-input":{"@type":"PropertyValueSpecification","valueRequired":true,"valueName":"search_term_string"}}],"inLanguage":"es"},{"@type":"Organization","@id":"https:\/\/ocucenter.com\/#organization","name":"Ocucenter | Salud Visual","url":"https:\/\/ocucenter.com\/","logo":{"@type":"ImageObject","inLanguage":"es","@id":"https:\/\/ocucenter.com\/#\/schema\/logo\/image\/","url":"https:\/\/ocucenter.com\/wp-content\/uploads\/2025\/09\/icono.png","contentUrl":"https:\/\/ocucenter.com\/wp-content\/uploads\/2025\/09\/icono.png","width":512,"height":512,"caption":"Ocucenter | Salud Visual"},"image":{"@id":"https:\/\/ocucenter.com\/#\/schema\/logo\/image\/"},"sameAs":["https:\/\/www.facebook.com\/profile.php?id=61572799346947","https:\/\/www.instagram.com\/ocucenter_oftalmologia\/","https:\/\/www.tiktok.com\/@ocucenter_oftalmologia"]}]}},"_links":{"self":[{"href":"https:\/\/ocucenter.com\/index.php\/wp-json\/wp\/v2\/pages\/5838","targetHints":{"allow":["GET"]}}],"collection":[{"href":"https:\/\/ocucenter.com\/index.php\/wp-json\/wp\/v2\/pages"}],"about":[{"href":"https:\/\/ocucenter.com\/index.php\/wp-json\/wp\/v2\/types\/page"}],"author":[{"embeddable":true,"href":"https:\/\/ocucenter.com\/index.php\/wp-json\/wp\/v2\/users\/1"}],"replies":[{"embeddable":true,"href":"https:\/\/ocucenter.com\/index.php\/wp-json\/wp\/v2\/comments?post=5838"}],"version-history":[{"count":0,"href":"https:\/\/ocucenter.com\/index.php\/wp-json\/wp\/v2\/pages\/5838\/revisions"}],"up":[{"embeddable":true,"href":"https:\/\/ocucenter.com\/index.php\/wp-json\/wp\/v2\/pages\/1951"}],"wp:featuredmedia":[{"embeddable":true,"href":"https:\/\/ocucenter.com\/index.php\/wp-json\/wp\/v2\/media\/8306"}],"wp:attachment":[{"href":"https:\/\/ocucenter.com\/index.php\/wp-json\/wp\/v2\/media?parent=5838"}],"curies":[{"name":"wp","href":"https:\/\/api.w.org\/{rel}","templated":true}]}}