{"id":90,"date":"2013-06-07T11:35:18","date_gmt":"2013-06-07T11:35:18","guid":{"rendered":"http:\/\/demo.woothemes.com\/woocommerce\/?post_type=product&amp;p=90"},"modified":"2025-09-17T17:09:21","modified_gmt":"2025-09-17T17:09:21","slug":"high-lamp","status":"publish","type":"product","link":"https:\/\/ocucenter.com\/index.php\/product\/high-lamp\/","title":{"rendered":"High Lamp"},"content":{"rendered":"<p>Perfect for when you leave your Strappy Dress in the room. Lace and Satin binding dress.<\/p>\n<p>Cotton fabric. Textured finish. Straight design. Detachable bow at the waist. V-neck neckline. Sleeveless.<\/p>\n<p>These measures have been calculated for a 6 size.<\/p>\n","protected":false},"excerpt":{"rendered":"<p>Pellentesque habitant morbi tristique senectus et netus et malesuada fames ac turpis egestas. Vestibulum tortor quam, feugiat vitae, ultricies eget, tempor sit amet, ante. Donec eu libero sit amet quam egestas semper. Aenean ultricies mi vitae est. Mauris placerat eleifend leo.<\/p>\n","protected":false},"featured_media":7519,"comment_status":"open","ping_status":"closed","template":"","meta":[],"product_brand":[],"product_cat":[15],"product_tag":[],"class_list":{"0":"post-90","1":"product","2":"type-product","3":"status-publish","4":"has-post-thumbnail","6":"product_cat-otros","8":"first","9":"instock","10":"shipping-taxable","11":"purchasable","12":"product-type-simple"},"yoast_head":"<!-- This site is optimized with the Yoast SEO plugin v26.0 - https:\/\/yoast.com\/wordpress\/plugins\/seo\/ -->\n<title>High Lamp - Ocucenter | Salud Visual<\/title>\n<meta name=\"robots\" content=\"index, follow, max-snippet:-1, max-image-preview:large, max-video-preview:-1\" \/>\n<link rel=\"canonical\" href=\"https:\/\/ocucenter.com\/index.php\/product\/high-lamp\/\" \/>\n<meta property=\"og:locale\" content=\"es_ES\" \/>\n<meta property=\"og:type\" content=\"article\" \/>\n<meta property=\"og:title\" content=\"High Lamp - Ocucenter | Salud Visual\" \/>\n<meta property=\"og:description\" content=\"Pellentesque habitant morbi tristique senectus et netus et malesuada fames ac turpis egestas. Vestibulum tortor quam, feugiat vitae, ultricies eget, tempor sit amet, ante. Donec eu libero sit amet quam egestas semper. Aenean ultricies mi vitae est. Mauris placerat eleifend leo.\" \/>\n<meta property=\"og:url\" content=\"https:\/\/ocucenter.com\/index.php\/product\/high-lamp\/\" \/>\n<meta property=\"og:site_name\" content=\"Ocucenter | Salud Visual\" \/>\n<meta property=\"article:publisher\" content=\"https:\/\/www.facebook.com\/profile.php?id=61572799346947\" \/>\n<meta property=\"article:modified_time\" content=\"2025-09-17T17:09:21+00:00\" \/>\n<meta property=\"og:image\" content=\"https:\/\/ocucenter.com\/wp-content\/uploads\/2018\/06\/lamp2.jpg\" \/>\n\t<meta property=\"og:image:width\" content=\"1200\" \/>\n\t<meta property=\"og:image:height\" content=\"900\" \/>\n\t<meta property=\"og:image:type\" content=\"image\/jpeg\" \/>\n<meta name=\"twitter:card\" content=\"summary_large_image\" \/>\n<script type=\"application\/ld+json\" class=\"yoast-schema-graph\">{\"@context\":\"https:\/\/schema.org\",\"@graph\":[{\"@type\":\"WebPage\",\"@id\":\"https:\/\/ocucenter.com\/index.php\/product\/high-lamp\/\",\"url\":\"https:\/\/ocucenter.com\/index.php\/product\/high-lamp\/\",\"name\":\"High Lamp - Ocucenter | Salud Visual\",\"isPartOf\":{\"@id\":\"https:\/\/ocucenter.com\/#website\"},\"primaryImageOfPage\":{\"@id\":\"https:\/\/ocucenter.com\/index.php\/product\/high-lamp\/#primaryimage\"},\"image\":{\"@id\":\"https:\/\/ocucenter.com\/index.php\/product\/high-lamp\/#primaryimage\"},\"thumbnailUrl\":\"https:\/\/ocucenter.com\/wp-content\/uploads\/2018\/06\/lamp2.jpg\",\"datePublished\":\"2013-06-07T11:35:18+00:00\",\"dateModified\":\"2025-09-17T17:09:21+00:00\",\"breadcrumb\":{\"@id\":\"https:\/\/ocucenter.com\/index.php\/product\/high-lamp\/#breadcrumb\"},\"inLanguage\":\"es\",\"potentialAction\":[{\"@type\":\"ReadAction\",\"target\":[\"https:\/\/ocucenter.com\/index.php\/product\/high-lamp\/\"]}]},{\"@type\":\"ImageObject\",\"inLanguage\":\"es\",\"@id\":\"https:\/\/ocucenter.com\/index.php\/product\/high-lamp\/#primaryimage\",\"url\":\"https:\/\/ocucenter.com\/wp-content\/uploads\/2018\/06\/lamp2.jpg\",\"contentUrl\":\"https:\/\/ocucenter.com\/wp-content\/uploads\/2018\/06\/lamp2.jpg\",\"width\":1200,\"height\":900},{\"@type\":\"BreadcrumbList\",\"@id\":\"https:\/\/ocucenter.com\/index.php\/product\/high-lamp\/#breadcrumb\",\"itemListElement\":[{\"@type\":\"ListItem\",\"position\":1,\"name\":\"Portada\",\"item\":\"https:\/\/ocucenter.com\/\"},{\"@type\":\"ListItem\",\"position\":2,\"name\":\"Tienda\",\"item\":\"https:\/\/ocucenter.com\/index.php\/tienda\/\"},{\"@type\":\"ListItem\",\"position\":3,\"name\":\"High Lamp\"}]},{\"@type\":\"WebSite\",\"@id\":\"https:\/\/ocucenter.com\/#website\",\"url\":\"https:\/\/ocucenter.com\/\",\"name\":\"Ocucenter | Salud Visual\",\"description\":\"Consultas y descartes oftalmol\u00f3gicos en Bre\u00f1a, diagn\u00f3stico temprano\",\"publisher\":{\"@id\":\"https:\/\/ocucenter.com\/#organization\"},\"potentialAction\":[{\"@type\":\"SearchAction\",\"target\":{\"@type\":\"EntryPoint\",\"urlTemplate\":\"https:\/\/ocucenter.com\/?s={search_term_string}\"},\"query-input\":{\"@type\":\"PropertyValueSpecification\",\"valueRequired\":true,\"valueName\":\"search_term_string\"}}],\"inLanguage\":\"es\"},{\"@type\":\"Organization\",\"@id\":\"https:\/\/ocucenter.com\/#organization\",\"name\":\"Ocucenter | Salud Visual\",\"url\":\"https:\/\/ocucenter.com\/\",\"logo\":{\"@type\":\"ImageObject\",\"inLanguage\":\"es\",\"@id\":\"https:\/\/ocucenter.com\/#\/schema\/logo\/image\/\",\"url\":\"https:\/\/ocucenter.com\/wp-content\/uploads\/2025\/09\/icono.png\",\"contentUrl\":\"https:\/\/ocucenter.com\/wp-content\/uploads\/2025\/09\/icono.png\",\"width\":512,\"height\":512,\"caption\":\"Ocucenter | Salud Visual\"},\"image\":{\"@id\":\"https:\/\/ocucenter.com\/#\/schema\/logo\/image\/\"},\"sameAs\":[\"https:\/\/www.facebook.com\/profile.php?id=61572799346947\",\"https:\/\/www.instagram.com\/ocucenter_oftalmologia\/\",\"https:\/\/www.tiktok.com\/@ocucenter_oftalmologia\"]}]}<\/script>\n<!-- \/ Yoast SEO plugin. -->","yoast_head_json":{"title":"High Lamp - Ocucenter | Salud Visual","robots":{"index":"index","follow":"follow","max-snippet":"max-snippet:-1","max-image-preview":"max-image-preview:large","max-video-preview":"max-video-preview:-1"},"canonical":"https:\/\/ocucenter.com\/index.php\/product\/high-lamp\/","og_locale":"es_ES","og_type":"article","og_title":"High Lamp - Ocucenter | Salud Visual","og_description":"Pellentesque habitant morbi tristique senectus et netus et malesuada fames ac turpis egestas. Vestibulum tortor quam, feugiat vitae, ultricies eget, tempor sit amet, ante. Donec eu libero sit amet quam egestas semper. Aenean ultricies mi vitae est. Mauris placerat eleifend leo.","og_url":"https:\/\/ocucenter.com\/index.php\/product\/high-lamp\/","og_site_name":"Ocucenter | Salud Visual","article_publisher":"https:\/\/www.facebook.com\/profile.php?id=61572799346947","article_modified_time":"2025-09-17T17:09:21+00:00","og_image":[{"width":1200,"height":900,"url":"https:\/\/ocucenter.com\/wp-content\/uploads\/2018\/06\/lamp2.jpg","type":"image\/jpeg"}],"twitter_card":"summary_large_image","schema":{"@context":"https:\/\/schema.org","@graph":[{"@type":"WebPage","@id":"https:\/\/ocucenter.com\/index.php\/product\/high-lamp\/","url":"https:\/\/ocucenter.com\/index.php\/product\/high-lamp\/","name":"High Lamp - Ocucenter | Salud Visual","isPartOf":{"@id":"https:\/\/ocucenter.com\/#website"},"primaryImageOfPage":{"@id":"https:\/\/ocucenter.com\/index.php\/product\/high-lamp\/#primaryimage"},"image":{"@id":"https:\/\/ocucenter.com\/index.php\/product\/high-lamp\/#primaryimage"},"thumbnailUrl":"https:\/\/ocucenter.com\/wp-content\/uploads\/2018\/06\/lamp2.jpg","datePublished":"2013-06-07T11:35:18+00:00","dateModified":"2025-09-17T17:09:21+00:00","breadcrumb":{"@id":"https:\/\/ocucenter.com\/index.php\/product\/high-lamp\/#breadcrumb"},"inLanguage":"es","potentialAction":[{"@type":"ReadAction","target":["https:\/\/ocucenter.com\/index.php\/product\/high-lamp\/"]}]},{"@type":"ImageObject","inLanguage":"es","@id":"https:\/\/ocucenter.com\/index.php\/product\/high-lamp\/#primaryimage","url":"https:\/\/ocucenter.com\/wp-content\/uploads\/2018\/06\/lamp2.jpg","contentUrl":"https:\/\/ocucenter.com\/wp-content\/uploads\/2018\/06\/lamp2.jpg","width":1200,"height":900},{"@type":"BreadcrumbList","@id":"https:\/\/ocucenter.com\/index.php\/product\/high-lamp\/#breadcrumb","itemListElement":[{"@type":"ListItem","position":1,"name":"Portada","item":"https:\/\/ocucenter.com\/"},{"@type":"ListItem","position":2,"name":"Tienda","item":"https:\/\/ocucenter.com\/index.php\/tienda\/"},{"@type":"ListItem","position":3,"name":"High Lamp"}]},{"@type":"WebSite","@id":"https:\/\/ocucenter.com\/#website","url":"https:\/\/ocucenter.com\/","name":"Ocucenter | Salud Visual","description":"Consultas y descartes oftalmol\u00f3gicos en Bre\u00f1a, diagn\u00f3stico temprano","publisher":{"@id":"https:\/\/ocucenter.com\/#organization"},"potentialAction":[{"@type":"SearchAction","target":{"@type":"EntryPoint","urlTemplate":"https:\/\/ocucenter.com\/?s={search_term_string}"},"query-input":{"@type":"PropertyValueSpecification","valueRequired":true,"valueName":"search_term_string"}}],"inLanguage":"es"},{"@type":"Organization","@id":"https:\/\/ocucenter.com\/#organization","name":"Ocucenter | Salud Visual","url":"https:\/\/ocucenter.com\/","logo":{"@type":"ImageObject","inLanguage":"es","@id":"https:\/\/ocucenter.com\/#\/schema\/logo\/image\/","url":"https:\/\/ocucenter.com\/wp-content\/uploads\/2025\/09\/icono.png","contentUrl":"https:\/\/ocucenter.com\/wp-content\/uploads\/2025\/09\/icono.png","width":512,"height":512,"caption":"Ocucenter | Salud Visual"},"image":{"@id":"https:\/\/ocucenter.com\/#\/schema\/logo\/image\/"},"sameAs":["https:\/\/www.facebook.com\/profile.php?id=61572799346947","https:\/\/www.instagram.com\/ocucenter_oftalmologia\/","https:\/\/www.tiktok.com\/@ocucenter_oftalmologia"]}]}},"_links":{"self":[{"href":"https:\/\/ocucenter.com\/index.php\/wp-json\/wp\/v2\/product\/90","targetHints":{"allow":["GET"]}}],"collection":[{"href":"https:\/\/ocucenter.com\/index.php\/wp-json\/wp\/v2\/product"}],"about":[{"href":"https:\/\/ocucenter.com\/index.php\/wp-json\/wp\/v2\/types\/product"}],"replies":[{"embeddable":true,"href":"https:\/\/ocucenter.com\/index.php\/wp-json\/wp\/v2\/comments?post=90"}],"wp:featuredmedia":[{"embeddable":true,"href":"https:\/\/ocucenter.com\/index.php\/wp-json\/wp\/v2\/media\/7519"}],"wp:attachment":[{"href":"https:\/\/ocucenter.com\/index.php\/wp-json\/wp\/v2\/media?parent=90"}],"wp:term":[{"taxonomy":"product_brand","embeddable":true,"href":"https:\/\/ocucenter.com\/index.php\/wp-json\/wp\/v2\/product_brand?post=90"},{"taxonomy":"product_cat","embeddable":true,"href":"https:\/\/ocucenter.com\/index.php\/wp-json\/wp\/v2\/product_cat?post=90"},{"taxonomy":"product_tag","embeddable":true,"href":"https:\/\/ocucenter.com\/index.php\/wp-json\/wp\/v2\/product_tag?post=90"}],"curies":[{"name":"wp","href":"https:\/\/api.w.org\/{rel}","templated":true}]}}